{"id":9718,"date":"2020-07-02T17:28:55","date_gmt":"2020-07-02T14:28:55","guid":{"rendered":"https:\/\/hookahshop.lt\/?post_type=product&#038;p=9718"},"modified":"2026-04-06T23:29:05","modified_gmt":"2026-04-06T20:29:05","slug":"spyruokle-silikoninei-zarnai-silver","status":"publish","type":"product","link":"https:\/\/hookahshop.lt\/et\/toode\/silikoonvooliku-vedru-hobedane\/","title":{"rendered":"Silikoonvooliku vedru h\u00f5bedane"},"content":{"rendered":"<h2>Silikoonvooliku vedru h\u00f5bedane<\/h2>\n<p>H\u00f5bedast v\u00e4rvi metall. Aitab sooltel oma kuju stabiilselt hoida.<\/p>\n<p>Kas teil on k\u00fcsimusi? v\u00f5ta meiega \u00fchendust\u00a0<a href=\"https:\/\/hookahshop.lt\/et\/kontaktid\/\">kontaktide leht<\/a>\u00a0v\u00f5i saatke meile e-kiri aadressil\u00a0<a href=\"https:\/\/facebook.com\/HookahShop.lt\/\" target=\"_blank\" rel=\"noopener noreferrer\">Facebooki konto<\/a>\u00a0ja vastame teie taotlusele samal p\u00e4eval.<\/p>","protected":false},"excerpt":{"rendered":"<p>Silikoonvooliku vedru Silver H\u00f5bedane metallist. Aitab sooltel oma kuju stabiilselt hoida. Kas teil on k\u00fcsimusi? V\u00f5tke meiega \u00fchendust kontaktide lehel v\u00f5i kirjutage meile meie Facebooki kontol ja vastame teie p\u00e4ringule samal p\u00e4eval.<\/p>","protected":false},"featured_media":9719,"comment_status":"open","ping_status":"closed","template":"","meta":[],"_links":{"self":[{"href":"https:\/\/hookahshop.lt\/et\/wp-json\/wp\/v2\/product\/9718"}],"collection":[{"href":"https:\/\/hookahshop.lt\/et\/wp-json\/wp\/v2\/product"}],"about":[{"href":"https:\/\/hookahshop.lt\/et\/wp-json\/wp\/v2\/types\/product"}],"replies":[{"embeddable":true,"href":"https:\/\/hookahshop.lt\/et\/wp-json\/wp\/v2\/comments?post=9718"}],"version-history":[{"count":6,"href":"https:\/\/hookahshop.lt\/et\/wp-json\/wp\/v2\/product\/9718\/revisions"}],"predecessor-version":[{"id":43094,"href":"https:\/\/hookahshop.lt\/et\/wp-json\/wp\/v2\/product\/9718\/revisions\/43094"}],"wp:featuredmedia":[{"embeddable":true,"href":"https:\/\/hookahshop.lt\/et\/wp-json\/wp\/v2\/media\/9719"}],"wp:attachment":[{"href":"https:\/\/hookahshop.lt\/et\/wp-json\/wp\/v2\/media?parent=9718"}],"curies":[{"name":"wp","href":"https:\/\/api.w.org\/{rel}","templated":true}]}}