{"id":9726,"date":"2020-07-02T18:30:59","date_gmt":"2020-07-02T15:30:59","guid":{"rendered":"https:\/\/hookahshop.lt\/?post_type=product&#038;p=9726"},"modified":"2026-04-18T23:28:55","modified_gmt":"2026-04-18T20:28:55","slug":"kolba-kaljanui-bigmaks-elegant-red-white","status":"publish","type":"product","link":"https:\/\/hookahshop.lt\/et\/toode\/kolb-vesipiibu-bigmaks-elegant-red-white\/","title":{"rendered":"Kolb BIGMAKS Elegant Red White"},"content":{"rendered":"<h2>Kolb BIGMAKS Elegant Red White<\/h2>\n<p>See kolb on valmistatud kristallist ELEGANT kujul. Iseloomulik kuju ja eristuvad v\u00e4rvid annavad igale minimalistlikule vesipiibule luksusliku v\u00e4limuse.<\/p>\n<p><strong><span title=\"\">Spetsifikatsioonid:<\/span><\/strong><br \/>\nK\u00f5rgus: 260 mm<br \/>\nKaal: ~ 2000 g<br \/>\nKurgu v\u00e4lisl\u00e4bim\u00f5\u00f5t: 75 mm<br \/>\nSisemine k\u00f5ri l\u00e4bim\u00f5\u00f5t: 45 mm<br \/>\nToote materjal: kristallklaas<\/p>\n<p>Kas teil on k\u00fcsimusi? v\u00f5ta meiega \u00fchendust\u00a0<a href=\"https:\/\/hookahshop.lt\/et\/kontaktid\/\">kontaktide leht<\/a>\u00a0v\u00f5i saatke meile e-kiri aadressil\u00a0<a href=\"https:\/\/facebook.com\/HookahShop.lt\/\" target=\"_blank\" rel=\"noopener noreferrer\">Facebooki konto<\/a>\u00a0ja vastame teie taotlusele samal p\u00e4eval.<\/p>","protected":false},"excerpt":{"rendered":"<p>Kolba kaljanui BIGMAKS Elegant Red White \u0160i kolba, pagaminta \u201eELEGANT\u201c pavidalu i\u0161 kri\u0161tolo. I\u0161skirtin\u0117 forma ir i\u0161skirtin\u0117s spalvos suteikia bet kokiam minimalistiniam kaljanui prabangi\u0105 i\u0161vaizd\u0105. Specifikacijos: Auk\u0161tis: 260 mm Svoris: ~ 2000 g Gerkl\u0117s i\u0161orinis skersmuo: 75 mm Gerkl\u0117s vidinis skersmuo: 45 mm Gaminio med\u017eiaga: kri\u0161tolo stiklas Turite klausim\u0173? Susisiekite su mumis\u00a0kontakt\u0173 puslapyje\u00a0arba para\u0161ykite mums [&hellip;]<\/p>","protected":false},"featured_media":9727,"comment_status":"open","ping_status":"closed","template":"","meta":[],"_links":{"self":[{"href":"https:\/\/hookahshop.lt\/et\/wp-json\/wp\/v2\/product\/9726"}],"collection":[{"href":"https:\/\/hookahshop.lt\/et\/wp-json\/wp\/v2\/product"}],"about":[{"href":"https:\/\/hookahshop.lt\/et\/wp-json\/wp\/v2\/types\/product"}],"replies":[{"embeddable":true,"href":"https:\/\/hookahshop.lt\/et\/wp-json\/wp\/v2\/comments?post=9726"}],"version-history":[{"count":5,"href":"https:\/\/hookahshop.lt\/et\/wp-json\/wp\/v2\/product\/9726\/revisions"}],"predecessor-version":[{"id":45045,"href":"https:\/\/hookahshop.lt\/et\/wp-json\/wp\/v2\/product\/9726\/revisions\/45045"}],"wp:featuredmedia":[{"embeddable":true,"href":"https:\/\/hookahshop.lt\/et\/wp-json\/wp\/v2\/media\/9727"}],"wp:attachment":[{"href":"https:\/\/hookahshop.lt\/et\/wp-json\/wp\/v2\/media?parent=9726"}],"curies":[{"name":"wp","href":"https:\/\/api.w.org\/{rel}","templated":true}]}}