{"id":9778,"date":"2020-07-05T11:55:13","date_gmt":"2020-07-05T08:55:13","guid":{"rendered":"https:\/\/hookahshop.lt\/?post_type=product&#038;p=9778"},"modified":"2026-04-08T13:49:31","modified_gmt":"2026-04-08T10:49:31","slug":"kaljano-komplektas-bamboo-hookah-stem","status":"publish","type":"product","link":"https:\/\/hookahshop.lt\/et\/toode\/vesipiibukomplektid-bamboo-hookah-stem\/","title":{"rendered":"Vesipiibu (komplekt) Bambusest Vesipiibu vars"},"content":{"rendered":"<h2>Vesipiibu komplekt Bamboo Hookah Stem<\/h2>\n<p>Saadud komplekti kirjeldatakse allolevas kirjelduses.<\/p>\n<p>Vesipiibu k\u00f5rgus koos kolbiga = 525 mm<\/p>\n<p>Varustus:<br \/>\nV\u00f5ll -1 tk.<br \/>\nBr\u00e4ndigraveeringuga vesipiibuplaat - 1 tk.<br \/>\nHuulik - 1 tk.<br \/>\nSilikoonvoolik - 1 tk.<br \/>\nTihendid - 2 tk.<br \/>\nKolb (l\u00e4bipaistev) - 1 tk.<br \/>\nTangid Blade Vesipiibu h\u00f5bereplica - 1 tk.<br \/>\nSoojuskamber - 1 tk.<br \/>\nTassi pealmine - 1tk.<br \/>\nCarbon Zocomo 1kg - 1tk.<\/p>\n<p>Kas teil on k\u00fcsimusi? v\u00f5ta meiega \u00fchendust\u00a0<a href=\"https:\/\/hookahshop.lt\/et\/kontaktid\/\">kontaktide leht<\/a>\u00a0v\u00f5i saatke meile e-kiri aadressil\u00a0<a href=\"https:\/\/facebook.com\/HookahShop.lt\/\" target=\"_blank\" rel=\"noopener noreferrer\">Facebooki konto<\/a>\u00a0ja vastame teie taotlusele samal p\u00e4eval.<\/p>","protected":false},"excerpt":{"rendered":"<p>Vesipiibu komplekt Bamboo Vesipiibu vars T\u00e4ielikku komplekti kirjeldatakse allolevas kirjelduses. Vesipiibu k\u00f5rgus kolbiga = 525 mm T\u00e4ielik komplekt: V\u00f5ll - 1 tk. Vesipiibuplaat kaubam\u00e4rgiga graveeringuga - 1 tk. Huulik - 1 tk. Silikoonvoolik - 1 tk. Tihendid - 2 tk. Kolb (l\u00e4bipaistev) - 1 tk. Tangid Blade Hookah h\u00f5bedane koopia \u2013 1 [\u2026]<\/p>","protected":false},"featured_media":9782,"comment_status":"open","ping_status":"closed","template":"","meta":[],"_links":{"self":[{"href":"https:\/\/hookahshop.lt\/et\/wp-json\/wp\/v2\/product\/9778"}],"collection":[{"href":"https:\/\/hookahshop.lt\/et\/wp-json\/wp\/v2\/product"}],"about":[{"href":"https:\/\/hookahshop.lt\/et\/wp-json\/wp\/v2\/types\/product"}],"replies":[{"embeddable":true,"href":"https:\/\/hookahshop.lt\/et\/wp-json\/wp\/v2\/comments?post=9778"}],"version-history":[{"count":3,"href":"https:\/\/hookahshop.lt\/et\/wp-json\/wp\/v2\/product\/9778\/revisions"}],"predecessor-version":[{"id":41782,"href":"https:\/\/hookahshop.lt\/et\/wp-json\/wp\/v2\/product\/9778\/revisions\/41782"}],"wp:featuredmedia":[{"embeddable":true,"href":"https:\/\/hookahshop.lt\/et\/wp-json\/wp\/v2\/media\/9782"}],"wp:attachment":[{"href":"https:\/\/hookahshop.lt\/et\/wp-json\/wp\/v2\/media?parent=9778"}],"curies":[{"name":"wp","href":"https:\/\/api.w.org\/{rel}","templated":true}]}}