{"id":9824,"date":"2020-07-07T16:47:47","date_gmt":"2020-07-07T13:47:47","guid":{"rendered":"https:\/\/hookahshop.lt\/?post_type=product&#038;p=9824"},"modified":"2026-04-06T23:28:53","modified_gmt":"2026-04-06T20:28:53","slug":"kaljano-komplektas-kaljanas-aladin-mvp-470-model-clear-cube-47cm","status":"publish","type":"product","link":"https:\/\/hookahshop.lt\/et\/toode\/vesipiibukomplektid-vesipiip-aladin-mvp-470-model-clear-cube-47cm\/","title":{"rendered":"KALJANO (KOMPLEKT) KALJANAS ALADIN MVP 470 MUDEL CLEAR CUBE 47CM"},"content":{"rendered":"<h2>HINGIDE KOMPLEKT KALJANAS ALADIN MVP 470 MUDEL CLEAR CUBE 47CM<\/h2>\n<p>Saadud komplekti kirjeldatakse allolevas kirjelduses.<\/p>\n<p>Vesipiibu k\u00f5rgus koos kolbiga = 470 mm<\/p>\n<p>Varustus:<br \/>\nV\u00f5ll -1 tk.<br \/>\nVesipiibu plaat - 1 tk.<br \/>\nHuulik - 1 tk.<br \/>\nSilikoonvoolik - 1 tk.<br \/>\nTihendid - 2 tk.<br \/>\nKolb - 1 tk.<br \/>\nTangid - 1 tk.<br \/>\nKuumutuskamber - 1 tk.<br \/>\nTass (v\u00f5ib erineda pildil olevast) - 1 tk.<br \/>\nKivis\u00fcsi 1kg - 1tk.<br \/>\nPliidiplaat - 1 tk.<\/p>\n<p>Kas teil on k\u00fcsimusi? v\u00f5ta meiega \u00fchendust\u00a0<a href=\"https:\/\/hookahshop.lt\/et\/kontaktid\/\">kontaktide leht<\/a>\u00a0v\u00f5i saatke meile e-kiri aadressil\u00a0<a href=\"https:\/\/facebook.com\/HookahShop.lt\/\" target=\"_blank\" rel=\"noopener noreferrer\">Facebooki konto<\/a>\u00a0ja vastame teie taotlusele samal p\u00e4eval.<\/p>","protected":false},"excerpt":{"rendered":"<p>HOOK HOOK ALADIN MVP 470 MUDEL CLEAR CUBE 47CM Komplekti on kirjeldatud allolevas kirjelduses. Vesipiibu k\u00f5rgus koos kolbiga = 470 mm Tarnekomplekt: V\u00f5ll -1 tk. Vesipiibu taldrik - 1 tk. Huulik - 1 tk. Silikoonvoolik - 1 tk. Tihendid - 2 tk. Kolb - 1 tk. Tangid - 1 tk. Soojuskamber [\u2026]<\/p>","protected":false},"featured_media":9825,"comment_status":"open","ping_status":"closed","template":"","meta":[],"_links":{"self":[{"href":"https:\/\/hookahshop.lt\/et\/wp-json\/wp\/v2\/product\/9824"}],"collection":[{"href":"https:\/\/hookahshop.lt\/et\/wp-json\/wp\/v2\/product"}],"about":[{"href":"https:\/\/hookahshop.lt\/et\/wp-json\/wp\/v2\/types\/product"}],"replies":[{"embeddable":true,"href":"https:\/\/hookahshop.lt\/et\/wp-json\/wp\/v2\/comments?post=9824"}],"version-history":[{"count":1,"href":"https:\/\/hookahshop.lt\/et\/wp-json\/wp\/v2\/product\/9824\/revisions"}],"predecessor-version":[{"id":41783,"href":"https:\/\/hookahshop.lt\/et\/wp-json\/wp\/v2\/product\/9824\/revisions\/41783"}],"wp:featuredmedia":[{"embeddable":true,"href":"https:\/\/hookahshop.lt\/et\/wp-json\/wp\/v2\/media\/9825"}],"wp:attachment":[{"href":"https:\/\/hookahshop.lt\/et\/wp-json\/wp\/v2\/media?parent=9824"}],"curies":[{"name":"wp","href":"https:\/\/api.w.org\/{rel}","templated":true}]}}