{"id":9833,"date":"2020-07-07T16:54:55","date_gmt":"2020-07-07T13:54:55","guid":{"rendered":"https:\/\/hookahshop.lt\/?post_type=product&#038;p=9833"},"modified":"2026-04-06T23:28:54","modified_gmt":"2026-04-06T20:28:54","slug":"kaljano-komplektas-aladin-alux-m1-black-46cm","status":"publish","type":"product","link":"https:\/\/hookahshop.lt\/et\/toode\/vesipiibukomplektid-aladin-alux-m1-black-46cm\/","title":{"rendered":"Vesipiibukomplekt ALADIN Alux M1 Must 46cm"},"content":{"rendered":"<h2>Vesipiibukomplekt ALADIN Alux M1 Must 46cm<\/h2>\n<p>Kombineeritud versioon: veega kokkupuutuv v\u00f5lli\/masti alumine osa on valmistatud roostevabast terasest, teised vesipiibu osad on alumiiniumist. Saadud komplekti kirjeldatakse allolevas kirjelduses.<br \/>\nVesipiibu k\u00f5rgus koos kolbiga = 460 mm<\/p>\n<p>Varustus:<br \/>\nV\u00f5ll -1 tk.<br \/>\nVesipiibu plaat br\u00e4ndi graveeringuga - 1 tk.<br \/>\nHuulik - 1 tk.<br \/>\nSilikoonvoolik - 1 tk.<br \/>\nTihendid - 2 tk.<br \/>\nKolb (pooll\u00e4bipaistev) - 1 tk.<br \/>\nTangid - 1 tk.<br \/>\nKuumutuskamber - 1 tk.<br \/>\nTass (v\u00f5ib erineda pildil olevast) - 1 tk.<br \/>\nS\u00fcsinik Zocomo 1kg - 1tk.<br \/>\nPliit - 1tk.<\/p>\n<p>Kas teil on k\u00fcsimusi? v\u00f5ta meiega \u00fchendust\u00a0<a href=\"https:\/\/hookahshop.lt\/et\/kontaktid\/\">kontaktide leht<\/a>\u00a0v\u00f5i saatke meile e-kiri aadressil\u00a0<a href=\"https:\/\/facebook.com\/HookahShop.lt\/\" target=\"_blank\" rel=\"noopener noreferrer\">Facebooki konto<\/a>\u00a0ja vastame teie taotlusele samal p\u00e4eval.<\/p>","protected":false},"excerpt":{"rendered":"<p>Konksukomplekt ALADIN Alux M1 Black 46cm Kombineeritud versioon: v\u00f5lli\/masti alumine veega kokkupuutuv osa on roostevabast terasest, \u00fclej\u00e4\u00e4nud konksu osad alumiiniumist. Saadud komplekti kirjeldatakse allolevas kirjelduses. Vesipiibu k\u00f5rgus koos kolbiga = 460 mm Tarnekomplekt: V\u00f5ll -1 tk. Br\u00e4ndigraveeringuga vesipiibuplaat - 1 tk. Suuosa - 1 tk. Silikoonvoolik [\u2026]<\/p>","protected":false},"featured_media":28049,"comment_status":"open","ping_status":"closed","template":"","meta":[],"_links":{"self":[{"href":"https:\/\/hookahshop.lt\/et\/wp-json\/wp\/v2\/product\/9833"}],"collection":[{"href":"https:\/\/hookahshop.lt\/et\/wp-json\/wp\/v2\/product"}],"about":[{"href":"https:\/\/hookahshop.lt\/et\/wp-json\/wp\/v2\/types\/product"}],"replies":[{"embeddable":true,"href":"https:\/\/hookahshop.lt\/et\/wp-json\/wp\/v2\/comments?post=9833"}],"version-history":[{"count":4,"href":"https:\/\/hookahshop.lt\/et\/wp-json\/wp\/v2\/product\/9833\/revisions"}],"predecessor-version":[{"id":30297,"href":"https:\/\/hookahshop.lt\/et\/wp-json\/wp\/v2\/product\/9833\/revisions\/30297"}],"wp:featuredmedia":[{"embeddable":true,"href":"https:\/\/hookahshop.lt\/et\/wp-json\/wp\/v2\/media\/28049"}],"wp:attachment":[{"href":"https:\/\/hookahshop.lt\/et\/wp-json\/wp\/v2\/media?parent=9833"}],"curies":[{"name":"wp","href":"https:\/\/api.w.org\/{rel}","templated":true}]}}