{"id":9936,"date":"2020-07-10T23:27:50","date_gmt":"2020-07-10T20:27:50","guid":{"rendered":"https:\/\/hookahshop.lt\/?post_type=product&#038;p=9936"},"modified":"2026-04-17T23:29:42","modified_gmt":"2026-04-17T20:29:42","slug":"znyples-kaljanui-hootec-tongs-m","status":"publish","type":"product","link":"https:\/\/hookahshop.lt\/et\/toode\/tangid-vesipiibu-hootec-tongs-m\/","title":{"rendered":"Tangid vesipiibu HOOTEC Tongs M"},"content":{"rendered":"<h2>Tangid vesipiibu HOOTEC Tongs M<\/h2>\n<p>Mugavad, stiilsed karastatud terasest tangid.<\/p>\n<p>EELISED: - Stiilne k\u00f5rgtehnoloogiline disain - Mugav kuju ja optimaalne tugevus.<\/p>\n<p>Mugav suurus paljude s\u00f6ega t\u00f6\u00f6tamisel: - Tangi pikkus (30 cm)<\/p>\n<p>Kas teil on k\u00fcsimusi? v\u00f5ta meiega \u00fchendust\u00a0<a href=\"https:\/\/hookahshop.lt\/et\/kontaktid\/\">kontaktide leht<\/a>\u00a0v\u00f5i saatke meile e-kiri aadressil\u00a0<a href=\"https:\/\/facebook.com\/HookahShop.lt\/\" target=\"_blank\" rel=\"noopener noreferrer\">Facebooki konto<\/a>\u00a0ja vastame teie taotlusele samal p\u00e4eval.<\/p>","protected":false},"excerpt":{"rendered":"<p>Vesipiibu s\u00f6etangid HOOTEC Tongs M Mugavad, stiilsed karastatud terasest tangid. EELISED: - Stiilne k\u00f5rgtehnoloogiline disain - Mugav kuju ja optimaalne tugevus. Mugav suurus, kui t\u00f6\u00f6tate suure s\u00f6ega: - Tangi pikkus (30 cm) Kas teil on k\u00fcsimusi? V\u00f5tke meiega \u00fchendust kontaktide lehel v\u00f5i kirjutage meile oma Facebooki kontol ja vastame teie p\u00e4ringule samal p\u00e4eval.<\/p>","protected":false},"featured_media":8723,"comment_status":"open","ping_status":"closed","template":"","meta":[],"_links":{"self":[{"href":"https:\/\/hookahshop.lt\/et\/wp-json\/wp\/v2\/product\/9936"}],"collection":[{"href":"https:\/\/hookahshop.lt\/et\/wp-json\/wp\/v2\/product"}],"about":[{"href":"https:\/\/hookahshop.lt\/et\/wp-json\/wp\/v2\/types\/product"}],"replies":[{"embeddable":true,"href":"https:\/\/hookahshop.lt\/et\/wp-json\/wp\/v2\/comments?post=9936"}],"version-history":[{"count":3,"href":"https:\/\/hookahshop.lt\/et\/wp-json\/wp\/v2\/product\/9936\/revisions"}],"predecessor-version":[{"id":30539,"href":"https:\/\/hookahshop.lt\/et\/wp-json\/wp\/v2\/product\/9936\/revisions\/30539"}],"wp:featuredmedia":[{"embeddable":true,"href":"https:\/\/hookahshop.lt\/et\/wp-json\/wp\/v2\/media\/8723"}],"wp:attachment":[{"href":"https:\/\/hookahshop.lt\/et\/wp-json\/wp\/v2\/media?parent=9936"}],"curies":[{"name":"wp","href":"https:\/\/api.w.org\/{rel}","templated":true}]}}