{"id":9940,"date":"2020-07-10T23:35:02","date_gmt":"2020-07-10T20:35:02","guid":{"rendered":"https:\/\/hookahshop.lt\/?post_type=product&#038;p=9940"},"modified":"2026-05-13T13:51:22","modified_gmt":"2026-05-13T10:51:22","slug":"kaljanas-bigmaks-major-hookah","status":"publish","type":"product","link":"https:\/\/hookahshop.lt\/et\/toode\/vesipiip-bigmaks-major-hookah\/","title":{"rendered":"Vesipiip BIGMAKS Major Vesipiip"},"content":{"rendered":"<h2>Vesipiip BIGMAKS Major Vesipiip<\/h2>\n<p>Vesipiip on valmistatud Euroopa roostevabast terasest AISI 304. Kokkupanek toimub keermestatud \u00fchendustega. Vesipiibul on keskmine klassikaline atraktsioon. Puhumiss\u00fcsteem koosneb viiest klapist, mis v\u00f5imaldavad kolbi kohe suitsust puhastada, samuti kaussi jahutada. Ja r\u00f5nga pistik, originaalkujundus.<\/p>\n<p><strong>Varustus:<\/strong><br \/>\nKast; v\u00f5ll; kaubam\u00e4rgigraveeringuga plaat; huulik; vooliku\u00fchendus; pehme voolik; tihendid (2 tk.); plastpallid (5 tk.);<\/p>\n<p><strong>Omadused:<\/strong><br \/>\nVesipiibu kaal: ~ 1500 gr<br \/>\nVesipiibu k\u00f5rgus: 510 mm<br \/>\nRoostevaba teras: D13 mm<br \/>\nVooliku pistiku \u00fchendus: O-r\u00f5ngas<br \/>\nHajuti: jah, reguleerimata<br \/>\nHuulik: roostevaba teras<br \/>\nSuuliku pikkus: 294 mm, D10 mm<br \/>\nK\u00fclm: pehme silikoon<br \/>\nVooliku pikkus: 1500mm<\/p>\n<p>Kas teil on k\u00fcsimusi? v\u00f5ta meiega \u00fchendust\u00a0<a href=\"https:\/\/hookahshop.lt\/et\/kontaktid\/\">kontaktide leht<\/a>\u00a0v\u00f5i saatke meile e-kiri aadressil\u00a0<a href=\"https:\/\/facebook.com\/HookahShop.lt\/\" target=\"_blank\" rel=\"noopener noreferrer\">Facebooki konto<\/a>\u00a0ja vastame teie taotlusele samal p\u00e4eval.<\/p>","protected":false},"excerpt":{"rendered":"<p>Vesipiip BIGMAKS Major Vesipiip on valmistatud Euroopa roostevabast terasest AISI 304. Kokkupanek toimub keermestatud \u00fchenduste abil. Vesipiibul on keskmine klassikaline atraktsioon. Puhumiss\u00fcsteem koosneb viiest klapist, mis v\u00f5imaldavad kolbi kohe suitsust puhastada, samuti kaussi jahutada. Ja r\u00f5nga pistik, originaalkujundus. Tarnekomplekt: Kast; v\u00f5ll; kaubam\u00e4rgigraveeringuga plaat; huulik; vooliku\u00fchendus; [\u2026]<\/p>","protected":false},"featured_media":9941,"comment_status":"open","ping_status":"closed","template":"","meta":[],"_links":{"self":[{"href":"https:\/\/hookahshop.lt\/et\/wp-json\/wp\/v2\/product\/9940"}],"collection":[{"href":"https:\/\/hookahshop.lt\/et\/wp-json\/wp\/v2\/product"}],"about":[{"href":"https:\/\/hookahshop.lt\/et\/wp-json\/wp\/v2\/types\/product"}],"replies":[{"embeddable":true,"href":"https:\/\/hookahshop.lt\/et\/wp-json\/wp\/v2\/comments?post=9940"}],"version-history":[{"count":2,"href":"https:\/\/hookahshop.lt\/et\/wp-json\/wp\/v2\/product\/9940\/revisions"}],"predecessor-version":[{"id":22826,"href":"https:\/\/hookahshop.lt\/et\/wp-json\/wp\/v2\/product\/9940\/revisions\/22826"}],"wp:featuredmedia":[{"embeddable":true,"href":"https:\/\/hookahshop.lt\/et\/wp-json\/wp\/v2\/media\/9941"}],"wp:attachment":[{"href":"https:\/\/hookahshop.lt\/et\/wp-json\/wp\/v2\/media?parent=9940"}],"curies":[{"name":"wp","href":"https:\/\/api.w.org\/{rel}","templated":true}]}}