{"id":9947,"date":"2020-07-10T23:44:31","date_gmt":"2020-07-10T20:44:31","guid":{"rendered":"https:\/\/hookahshop.lt\/?post_type=product&#038;p=9947"},"modified":"2026-04-15T12:28:56","modified_gmt":"2026-04-15T09:28:56","slug":"kaljanas-like-smoke-steel-wood-black","status":"publish","type":"product","link":"https:\/\/hookahshop.lt\/et\/toode\/vesipiip-like-smoke-steel-wood-black\/","title":{"rendered":"Vesipiip LIKE SMOKE Teraspuit must"},"content":{"rendered":"<h2>Vesipiip LIKE SMOKE Teraspuit must<\/h2>\n<p>Vesipiip on valmistatud roostevabast terasest ja selle osad on v\u00e4ga t\u00e4pselt t\u00f6\u00f6deldud. Kaunistus on valmistatud puidust ja must v\u00e4rv r\u00f5hutab selle vesipiibu majesteetlikkust!<\/p>\n<p>Plaadile ja alusele on graveeritud kaubam\u00e4rgi nimi. Vooliku\u00fchendus on magnetiline. Sellel on reguleeritav hajuti, mida saab reguleerida.<\/p>\n<p>Varustus:<br \/>\nV\u00f5ll, plaat, huulik, voolik, difuusor, vooliku\u00fchendus, tihendid.<\/p>\n<p>Omadused:<br \/>\nVesipiibu kaal: ~ 1985 gr<br \/>\nVesipiibu k\u00f5rgus: 510 mm<br \/>\nV\u00f5ll sees: roostevaba teras, D11 mm<br \/>\nVarre v\u00e4lisk\u00fclg: roostevaba teras ja puit keskel<br \/>\nV\u00f5ll: roostevaba teras, D14 mm<br \/>\nPeamine materjal: roostevaba teras<br \/>\nVooliku pistik: magnetiline<br \/>\n\u00dchendusmaterjal: roostevaba teras<br \/>\nHajuti: niidil eemaldatav<br \/>\nHuulik: roostevaba teras<br \/>\nHuuliku pikkus: 325 mm, D10 mm<br \/>\nVoolik: pehme silikoon<br \/>\nVooliku pikkus: 1500mm<\/p>\n<p>Kas teil on k\u00fcsimusi? v\u00f5ta meiega \u00fchendust\u00a0<a href=\"https:\/\/hookahshop.lt\/et\/kontaktid\/\">kontaktide leht<\/a>\u00a0v\u00f5i saatke meile e-kiri aadressil\u00a0<a href=\"https:\/\/facebook.com\/HookahShop.lt\/\" target=\"_blank\" rel=\"noopener noreferrer\">Facebooki konto<\/a>\u00a0ja vastame teie taotlusele samal p\u00e4eval.<\/p>","protected":false},"excerpt":{"rendered":"<p>Vesipiip LIKE SMOKE Teras Puit Must Vesipiip on valmistatud roostevabast terasest ja selle osad on v\u00e4ga t\u00e4pselt t\u00f6\u00f6deldud. Kaunistus on valmistatud puidust ja must v\u00e4rv r\u00f5hutab selle vesipiibu majesteetlikkust! Plaadile ja alusele on graveeritud kaubam\u00e4rgi nimi. Vooliku\u00fchendus on magnetiline. Sellel on reguleeritav hajuti, mida saab reguleerida. Varustus: v\u00f5ll, plaat, huulik, voolik, difuusor, vooliku\u00fchendus, tihendid. Omadused: Vesipiibu kaal: ~ [\u2026]<\/p>","protected":false},"featured_media":9954,"comment_status":"open","ping_status":"closed","template":"","meta":[],"_links":{"self":[{"href":"https:\/\/hookahshop.lt\/et\/wp-json\/wp\/v2\/product\/9947"}],"collection":[{"href":"https:\/\/hookahshop.lt\/et\/wp-json\/wp\/v2\/product"}],"about":[{"href":"https:\/\/hookahshop.lt\/et\/wp-json\/wp\/v2\/types\/product"}],"replies":[{"embeddable":true,"href":"https:\/\/hookahshop.lt\/et\/wp-json\/wp\/v2\/comments?post=9947"}],"version-history":[{"count":3,"href":"https:\/\/hookahshop.lt\/et\/wp-json\/wp\/v2\/product\/9947\/revisions"}],"predecessor-version":[{"id":22825,"href":"https:\/\/hookahshop.lt\/et\/wp-json\/wp\/v2\/product\/9947\/revisions\/22825"}],"wp:featuredmedia":[{"embeddable":true,"href":"https:\/\/hookahshop.lt\/et\/wp-json\/wp\/v2\/media\/9954"}],"wp:attachment":[{"href":"https:\/\/hookahshop.lt\/et\/wp-json\/wp\/v2\/media?parent=9947"}],"curies":[{"name":"wp","href":"https:\/\/api.w.org\/{rel}","templated":true}]}}