{"id":9957,"date":"2020-07-10T23:55:34","date_gmt":"2020-07-10T20:55:34","guid":{"rendered":"https:\/\/hookahshop.lt\/?post_type=product&#038;p=9957"},"modified":"2026-04-15T12:28:51","modified_gmt":"2026-04-15T09:28:51","slug":"kaljanas-first-hookah-eco-black","status":"publish","type":"product","link":"https:\/\/hookahshop.lt\/et\/toode\/vesipiip-first-hookah-eco-black\/","title":{"rendered":"Vesipiip FIRST HOOKAH Eco Black"},"content":{"rendered":"<h2>Kaljanas ESIMENE Vesipiip Eco Black<\/h2>\n<p>Moodne, rafineeritud ja kerge v\u00e4limus. Selle mudeli peamine omadus on &quot;\u00fcmberkujundamine&quot;. Eco on suhteliselt uuel, kuid t\u00e4nap\u00e4eval v\u00e4ga populaarsel ni\u0161iturul. Kaasaegsed suundumused dikteerivad oma reeglid ja vesipiibud koguvad \u00fcha suuremat publikut. Kerge kaal, kasutusmugavus ja hooldus on selle mudeli saladus.<\/p>\n<p>Vesipiibu alus ja difuusor - valmistatud saksa pol\u00fcatsetaalist, k\u00f5ik \u00fclej\u00e4\u00e4nud osad on metallist ja roostevabast terasest.<\/p>\n<p>Varustus:<br \/>\nV\u00f5ll, plaat, huulik, voolik, difuusor, vooliku\u00fchendus, tihendid.<\/p>\n<p>Omadused:<br \/>\nVesipiibu kaal: ~ 1500 gr<br \/>\nVesipiibu k\u00f5rgus: 510 mm<br \/>\nV\u00f5lli sisemus: roostevaba teras, D14 mm<br \/>\nV\u00f5ll: roostevaba teras, D15 mm<br \/>\nPeamine materjal: pol\u00fcatsetaal<br \/>\nVooliku pistiku \u00fchendus: O-r\u00f5ngas<br \/>\n\u00dchendusmaterjal: roostevaba teras<br \/>\nHajuti: eemaldatav, pol\u00fcatsetaal<br \/>\nSuuosa: graveeritud roostevaba teras<br \/>\nHuuliku pikkus: 330 mm, D10 mm<br \/>\nVoolik: pehme silikoon<br \/>\nVooliku pikkus: 1500mm<\/p>\n<p>Kas teil on k\u00fcsimusi? v\u00f5ta meiega \u00fchendust\u00a0<a href=\"https:\/\/hookahshop.lt\/et\/kontaktid\/\">kontaktide leht<\/a>\u00a0v\u00f5i saatke meile e-kiri aadressil\u00a0<a href=\"https:\/\/facebook.com\/HookahShop.lt\/\" target=\"_blank\" rel=\"noopener noreferrer\">Facebooki konto<\/a>\u00a0ja vastame teie taotlusele samal p\u00e4eval.<\/p>","protected":false},"excerpt":{"rendered":"<p>Vesipiip FIRST Vesipiip Eco Black Moodne, rafineeritud ja kerge v\u00e4limus. Selle mudeli peamine omadus on &quot;\u00fcmberkujundamine&quot;. Eco on suhteliselt uuel, kuid t\u00e4nap\u00e4eval v\u00e4ga populaarsel ni\u0161iturul. Kaasaegsed suundumused dikteerivad oma reeglid ja vesipiibud koguvad \u00fcha suuremat publikut. Kerge kaal, kasutusmugavus ja hooldus on selle mudeli saladus. Vesipiibu alus ja difuusor \u2013 valmistatud [\u2026]<\/p>","protected":false},"featured_media":9958,"comment_status":"open","ping_status":"closed","template":"","meta":[],"_links":{"self":[{"href":"https:\/\/hookahshop.lt\/et\/wp-json\/wp\/v2\/product\/9957"}],"collection":[{"href":"https:\/\/hookahshop.lt\/et\/wp-json\/wp\/v2\/product"}],"about":[{"href":"https:\/\/hookahshop.lt\/et\/wp-json\/wp\/v2\/types\/product"}],"replies":[{"embeddable":true,"href":"https:\/\/hookahshop.lt\/et\/wp-json\/wp\/v2\/comments?post=9957"}],"version-history":[{"count":3,"href":"https:\/\/hookahshop.lt\/et\/wp-json\/wp\/v2\/product\/9957\/revisions"}],"predecessor-version":[{"id":22907,"href":"https:\/\/hookahshop.lt\/et\/wp-json\/wp\/v2\/product\/9957\/revisions\/22907"}],"wp:featuredmedia":[{"embeddable":true,"href":"https:\/\/hookahshop.lt\/et\/wp-json\/wp\/v2\/media\/9958"}],"wp:attachment":[{"href":"https:\/\/hookahshop.lt\/et\/wp-json\/wp\/v2\/media?parent=9957"}],"curies":[{"name":"wp","href":"https:\/\/api.w.org\/{rel}","templated":true}]}}