{"id":9969,"date":"2020-07-11T00:09:15","date_gmt":"2020-07-10T21:09:15","guid":{"rendered":"https:\/\/hookahshop.lt\/?post_type=product&#038;p=9969"},"modified":"2026-04-22T23:29:34","modified_gmt":"2026-04-22T20:29:34","slug":"vienkartiniai-kandikliai-kaljanui-3cm-100vnt-black","status":"publish","type":"product","link":"https:\/\/hookahshop.lt\/et\/toode\/uhekordsed-konksud-vesipiibule-3cm-100vnt-black\/","title":{"rendered":"\u00dchekordsed huulikud vesipiibule 3cm 100tk Must"},"content":{"rendered":"<h2>\u00dchekordsed huulikud vesipiibule 3cm 100tk Must<\/h2>\n<p>100 tk \u00fches pakendis. huulikud.<\/p>\n<p>V\u00e4rv must.<\/p>\n<p>Kas teil on k\u00fcsimusi? v\u00f5ta meiega \u00fchendust\u00a0<a href=\"https:\/\/hookahshop.lt\/et\/kontaktid\/\">kontaktide leht<\/a>\u00a0v\u00f5i saatke meile e-kiri aadressil\u00a0<a href=\"https:\/\/facebook.com\/HookahShop.lt\/\" target=\"_blank\" rel=\"noopener noreferrer\">Facebooki konto<\/a>\u00a0ja vastame teie taotlusele samal p\u00e4eval.<\/p>","protected":false},"excerpt":{"rendered":"<p>\u00dchekordsed konksud vesipiibu jaoks 3cm 100tk Must \u00dches pakendis 100tk. huulikud. V\u00e4rv must. Kas teil on k\u00fcsimusi? V\u00f5tke meiega \u00fchendust kontaktide lehel v\u00f5i kirjutage meile oma Facebooki kontol ja vastame teie p\u00e4ringule samal p\u00e4eval.<\/p>","protected":false},"featured_media":15016,"comment_status":"open","ping_status":"closed","template":"","meta":[],"_links":{"self":[{"href":"https:\/\/hookahshop.lt\/et\/wp-json\/wp\/v2\/product\/9969"}],"collection":[{"href":"https:\/\/hookahshop.lt\/et\/wp-json\/wp\/v2\/product"}],"about":[{"href":"https:\/\/hookahshop.lt\/et\/wp-json\/wp\/v2\/types\/product"}],"replies":[{"embeddable":true,"href":"https:\/\/hookahshop.lt\/et\/wp-json\/wp\/v2\/comments?post=9969"}],"version-history":[{"count":5,"href":"https:\/\/hookahshop.lt\/et\/wp-json\/wp\/v2\/product\/9969\/revisions"}],"predecessor-version":[{"id":29326,"href":"https:\/\/hookahshop.lt\/et\/wp-json\/wp\/v2\/product\/9969\/revisions\/29326"}],"wp:featuredmedia":[{"embeddable":true,"href":"https:\/\/hookahshop.lt\/et\/wp-json\/wp\/v2\/media\/15016"}],"wp:attachment":[{"href":"https:\/\/hookahshop.lt\/et\/wp-json\/wp\/v2\/media?parent=9969"}],"curies":[{"name":"wp","href":"https:\/\/api.w.org\/{rel}","templated":true}]}}