{"id":10184,"date":"2020-07-13T16:56:39","date_gmt":"2020-07-13T13:56:39","guid":{"rendered":"https:\/\/hookahshop.lt\/?page_id=10184"},"modified":"2024-04-07T00:09:05","modified_gmt":"2024-04-06T21:09:05","slug":"atsiliepimai","status":"publish","type":"page","link":"https:\/\/hookahshop.lt\/lv\/atsauksmes\/","title":{"rendered":"Atsauksmes"},"content":{"rendered":"<p><section class=\"av_textblock_section\"  itemscope=\"itemscope\" itemtype=\"https:\/\/schema.org\/CreativeWork\" ><div class='avia_textblock'   itemprop=\"text\" ><\/div><\/section><br \/>\n<div class='avia-image-container  av-styling-     avia-align-center'  itemscope=\"itemscope\" itemtype=\"https:\/\/schema.org\/ImageObject\"  ><div class='avia-image-container-inner'><img class=\"avia_image\" src=\"https:\/\/hookahshop.lt\/wp-content\/uploads\/2020\/07\/atsiliepimai.jpg\" alt=\"- hookahshop.lt\" title=\"atsauksmes\" itemprop=\"thumbnailUrl\"><\/div><\/div><br \/>\n<section class=\"av_textblock_section\"  itemscope=\"itemscope\" itemtype=\"https:\/\/schema.org\/CreativeWork\" ><div class='avia_textblock'   itemprop=\"text\" ><h1 style=\"text-align: center;\">Hookahshop.lt - Atsauksmes<\/h1>\n<h2 style=\"text-align: center; font-size: 16px; color: #000;\">\u0160eit atrad\u012bsit atsauksmes par p\u0101rdotaj\u0101m www.hookahshop.lt prec\u0113m un apkalpo\u0161anas kvalit\u0101ti.<\/h2>\n<p>[gs-fb-comments]<\/p>\n<\/div><\/section><br \/>\n<div class=\"flex_column av_one_full  flex_column_div av-zero-column-padding first\" style='border-radius:0px; '><div class=\"togglecontainer  toggle_close_all\">\n<section class=\"av_toggle_section\"  itemscope=\"itemscope\" itemtype=\"https:\/\/schema.org\/CreativeWork\" >    <div class=\"single_toggle\" data-tags=\"{All} \" >        <p data-fake-id=\"#toggle-id-1\" class=\"toggler\"  itemprop=\"headline\" >Mazliet par \u016bdensp\u012bpi<span class=\"toggle_icon\">        <span class=\"vert_icon\"><\/span><span class=\"hor_icon\"><\/span><\/span><\/p>        <div id=\"toggle-id-1-container\" class=\"toggle_wrap\" >            <div class=\"toggle_content invers-color\"  itemprop=\"text\" ><p>Speci\u0101lu \u0161aur\u0101ku trauku, kas ir piepild\u012bts ar \u016bdeni, var dekor\u0113t da\u017e\u0101dos veidos. Parasti tas ir izgatavots no zila stikla vai d\u0101rga krist\u0101la. \u016adensp\u012bpei var b\u016bt vair\u0101kas caurules ar iemutiem, tad vienlaikus var sm\u0113\u0137\u0113t vair\u0101ki cilv\u0113ki. Caurules ir elast\u012bgas, t\u0101s ir pat l\u012bdz 2 m garas. Met\u0101la da\u013ca ir visskaist\u0101k\u0101, parasti tas ir var\u0161, da\u017ereiz zelts vai sudrabs.<br \/>\nStarp daudziem Austrumu materi\u0101l\u0101s kult\u016bras objektiem \u016bdensp\u012bpe izce\u013cas ar savu \u012bpa\u0161o eleganci. Aug\u0161\u0113j\u0101 da\u013c\u0101 ir neliels uzgalis tabakai un kapuce, kas aizsarg\u0101 pret v\u0113ju un ogl\u0113m. Da\u017ek\u0101rt tiek izmantoti ar\u012b speci\u0101lie salmu ventilatori, lai ne tikai atv\u0113sin\u0101tu no pusdienlaika karstuma, bet ar\u012b p\u0101rp\u016bstu tos virs \u016bdensp\u012bpes, lai ogles iedegtos un tabaka lab\u0101k k\u016bp.<br \/>\nP\u0113c konstrukcijas \u016bdensp\u012bpe sast\u0101v no div\u0101m da\u013c\u0101m - aug\u0161\u0113j\u0101s un apak\u0161\u0113j\u0101s, herm\u0113tiski savienotas viena ar otru, elast\u012bgas caurules ar iemuti, keramikas kr\u016bzes tabakai. Da\u017eos \u016bdensp\u012bpes mode\u013cu komplektos var b\u016bt aizsargv\u0101ci\u0146\u0161 un izpl\u016bdes lodveida v\u0101rsts, lai no\u0146emtu liekos d\u016bmus. Komplekt\u0101 parasti ir ar\u012b knaibles. \u013boti svar\u012bga ir herm\u0113tiskums starp \u016bdensp\u012bpes aug\u0161\u0113jo un apak\u0161\u0113jo da\u013cu un \u016bdensp\u012bpi ar cauruli. Svar\u012bga ir ar\u012b \u016bdensp\u012bpes sasprindzin\u0101jums ar iemuti.<\/p>\n            <\/div>        <\/div>    <\/div><\/section>\n<\/div><\/div><\/p>","protected":false},"excerpt":{"rendered":"","protected":false},"author":1,"featured_media":8788,"parent":0,"menu_order":0,"comment_status":"closed","ping_status":"closed","template":"","meta":[],"_links":{"self":[{"href":"https:\/\/hookahshop.lt\/lv\/wp-json\/wp\/v2\/pages\/10184"}],"collection":[{"href":"https:\/\/hookahshop.lt\/lv\/wp-json\/wp\/v2\/pages"}],"about":[{"href":"https:\/\/hookahshop.lt\/lv\/wp-json\/wp\/v2\/types\/page"}],"author":[{"embeddable":true,"href":"https:\/\/hookahshop.lt\/lv\/wp-json\/wp\/v2\/users\/1"}],"replies":[{"embeddable":true,"href":"https:\/\/hookahshop.lt\/lv\/wp-json\/wp\/v2\/comments?post=10184"}],"version-history":[{"count":32,"href":"https:\/\/hookahshop.lt\/lv\/wp-json\/wp\/v2\/pages\/10184\/revisions"}],"predecessor-version":[{"id":39009,"href":"https:\/\/hookahshop.lt\/lv\/wp-json\/wp\/v2\/pages\/10184\/revisions\/39009"}],"wp:featuredmedia":[{"embeddable":true,"href":"https:\/\/hookahshop.lt\/lv\/wp-json\/wp\/v2\/media\/8788"}],"wp:attachment":[{"href":"https:\/\/hookahshop.lt\/lv\/wp-json\/wp\/v2\/media?parent=10184"}],"curies":[{"name":"wp","href":"https:\/\/api.w.org\/{rel}","templated":true}]}}