{"id":11291,"date":"2020-08-05T14:36:41","date_gmt":"2020-08-05T11:36:41","guid":{"rendered":"https:\/\/hookahshop.lt\/?page_id=11291"},"modified":"2021-09-19T22:27:11","modified_gmt":"2021-09-19T19:27:11","slug":"atsiimkite-siunta-lp-express-siuntu-savitarnos-terminaluose","status":"publish","type":"page","link":"https:\/\/hookahshop.lt\/lv\/pikaps-sutijums-lp-ekspress-sutijums-pasapkalposanas-terminali\/","title":{"rendered":"Pa\u0146emiet s\u016bt\u012bjumu LP EXPRESS paku pa\u0161apkalpo\u0161an\u0101s termin\u0101\u013cos!"},"content":{"rendered":"<h1>Pa\u0146emiet s\u016bt\u012bjumu LP EXPRESS paku pa\u0161apkalpo\u0161an\u0101s termin\u0101\u013cos!<\/h1>\n<p>&nbsp;<\/p>\n<p>Lai sa\u0146emtu preces sev izdev\u012bg\u0101 laik\u0101, k\u0101 ar\u012b lai samaks\u0101tu maz\u0101k par pre\u010du pieg\u0101di, pas\u016bt\u012bjumu varat sa\u0146emt tuv\u0101kaj\u0101 LP EXPRESS pakom\u0101tu pa\u0161apkalpo\u0161an\u0101s termin\u0101l\u012b. Pas\u016btot preces, j\u0101izv\u0113las tuv\u0101kais LP EXPRESS paku pa\u0161apkalpo\u0161an\u0101s termin\u0101lis.<\/p>\n<p>Paku pa\u0146em\u0161ana, izmantojot LP EXPRESS paku pa\u0161apkalpo\u0161an\u0101s termin\u0101lus, ir \u0101rk\u0101rt\u012bgi \u0101tra un \u0113rta. Visa proced\u016bra ir vair\u0101k nek\u0101 vienk\u0101r\u0161a, t\u0101p\u0113c ikviens to var izmantot praktiski bez instrukcij\u0101m. LP EXPRESS paku pa\u0161apkalpo\u0161an\u0101s termin\u0101\u013ci ir atv\u0113rti visu diennakti, t\u0101p\u0113c j\u016bs varat sa\u0146emt preces sev \u0113rt\u0101 laik\u0101.<\/p>\n<p><strong>K\u0101p\u0113c ir v\u0113rts preci sa\u0146emt, izmantojot LP EXPRESS paku pa\u0161apkalpo\u0161an\u0101s termin\u0101lus:<\/strong><\/p>\n<div  class='avia-video avia-video-16-9'  itemprop=\"video\" itemtype=\"https:\/\/schema.org\/VideoObject\" ><div class='avia-iframe-wrap'><iframe title=\"LP EXPRESS 24 s\u016bt\u012bjumu kolekcija\" width=\"1500\" height=\"844\" src=\"https:\/\/www.youtube.com\/embed\/BTxMlhaPILc?feature=oembed\" frameborder=\"0\" allow=\"accelerometer; autoplay; encrypted-media; gyroscope; picture-in-picture\" allowfullscreen><\/iframe><\/div><\/div>\n<ul>\n<li>Par s\u016bt\u012bjuma sa\u0146em\u0161anu jums pazi\u0146os \u012bszi\u0146\u0101, t\u0101p\u0113c j\u016bs prec\u012bzi zin\u0101sit, kad varat s\u016bt\u012bjumu uz\u0146emt.<\/li>\n<li>J\u016bs s\u016bt\u012bjumu pa\u0146emsit maz\u0101k nek\u0101 min\u016btes laik\u0101, termin\u0101l\u0101 ievadot \u012bszi\u0146u un \/ vai e-pastu. divi PIN, kas sa\u0146emti pa e-pastu.<\/li>\n<li>LP EXPRESS paku pa\u0161apkalpo\u0161an\u0101s termin\u0101\u013ci ir atv\u0113rti visu diennakti. dien\u0101 un plkst. ned\u0113\u013c\u0101, lai j\u016bs var\u0113tu pa\u0146emt s\u016bt\u012bjumus vis\u0113rt\u0101kaj\u0101 laik\u0101.<\/li>\n<li>Pla\u0161\u0101k\u0101 un bl\u012bv\u0101k\u0101 LP EXPRESS paku pa\u0161apkalpo\u0161an\u0101s\u00a0<a href=\"https:\/\/www.lpexpress.lt\/Savitarnos-terminalai\/Vietu-sarasas.html\" target=\"_blank\" rel=\"noopener noreferrer\">termin\u0101\u013cu t\u012bkl\u0101<\/a>\u00a0var\u0113si izv\u0113l\u0113ties sev piem\u0113rot\u0101ko iz\u0146em\u0161anas vietu.<\/li>\n<\/ul>\n<h2>Partijas lielums<\/h2>\n<p>LP EXPRESS pakas maksim\u0101lais svars ir 30 kg. S\u016bt\u012bjumam j\u0101b\u016bt vien\u0101 no \u0161\u012bm ail\u0113m:<\/p>\n<div class='avia-image-container  av-styling-     avia-align-center'  itemscope=\"itemscope\" itemtype=\"https:\/\/schema.org\/ImageObject\"  ><div class='avia-image-container-inner'><img class=\"avia_image\" src=\"https:\/\/hookahshop.lt\/wp-content\/uploads\/2020\/08\/lpexpress.jpg\" alt=\"- hookahshop.lt\" title=\"lpexpress\" itemprop=\"thumbnailUrl\"><\/div><\/div>\n<p>J\u016bs atrad\u012bsit inform\u0101ciju par katru produktu, vai ar\u012b j\u016bsu izv\u0113l\u0113to produktu var\u0113s pieg\u0101d\u0101t LP EXPRESS pakom\u0101tu pa\u0161apkalpo\u0161an\u0101s termin\u0101los. Ja produkts ir smag\u0101ks par 30 kg vai izstr\u0101d\u0101juma izm\u0113ri ir liel\u0101ki, nek\u0101 nor\u0101d\u012bts iepriek\u0161, produkta pieg\u0101de uz LP EXPRESS paku pa\u0161apkalpo\u0161an\u0101s termin\u0101\u013ciem neb\u016bs iesp\u0113jama. Vienu priek\u0161metu ievieto XS izm\u0113ra lodzi\u0146\u0101. Pas\u016btot vair\u0101kas preces, katr\u0101 gad\u012bjum\u0101 tiek apr\u0113\u0137in\u0101ts, vai t\u0101s ietilpst kast\u0113, ja pre\u010du izm\u0113ri ir liel\u0101ki, nek\u0101 nor\u0101d\u012bts iepriek\u0161 - pre\u010du pieg\u0101de uz LP EXPRESS paku pa\u0161apkalpo\u0161an\u0101s termin\u0101\u013ciem neb\u016bs iesp\u0113jama.<\/p>\n<h2>Pieg\u0101des cena<\/h2>\n<p>S\u016bt\u012bjums tiek pieg\u0101d\u0101ts uz jebkuru LP EXPRESS paku pa\u0161apkalpo\u0161an\u0101s termin\u0101li Lietuvas Republikas teritorij\u0101:<\/p>\n<ul>\n<li><strong>XS, S<\/strong>,\u00a0<strong>M<\/strong>,\u00a0<strong>L<\/strong>,\u00a0<strong>XL<\/strong>\u00a0priek\u0161\u00a0<strong>\u20ac 3,50 <\/strong>maksa.<\/li>\n<\/ul>\n<p>Par prec\u0113m pa\u0161apkalpo\u0161an\u0101s termin\u0101los var nor\u0113\u0137in\u0101ties tikai ar bankas nor\u0113\u0137inu kart\u0113m.<\/p>\n<h2>S\u016bt\u012bjuma uzglab\u0101\u0161anas periods<\/h2>\n<p>S\u016bt\u012bjums tiek glab\u0101ts pakom\u0101t\u0101 4 kalend\u0101r\u0101s dienas p\u0113c m\u016bsu apstiprin\u0101juma, ka pas\u016bt\u012bjums jau atrodas LP EXPRESS pakom\u0101t\u0101 un to jau var sa\u0146emt. Par ien\u0101ko\u0161o pas\u016bt\u012bjumu m\u0113s j\u016bs inform\u0113sim ar \u012bszi\u0146u. J\u016bs sa\u0146emsiet s\u016bt\u012bjumu, termin\u0101l\u0101 ievadot divus PIN kodus, kas sa\u0146emti \u012bszi\u0146\u0101. Tikai ar \u0161o kodu j\u016bs var\u0113siet uz\u0146emt s\u016bt\u012bjumu no nor\u0101d\u012bt\u0101 s\u016bt\u012bjuma termin\u0101\u013ca. Saglab\u0101jiet kodu, l\u012bdz pa\u0146emat pas\u016bt\u012bjumu no pakom\u0101ta. 4 dienu perioda beig\u0101s un neizmantojot &quot;paku sav\u0101k\u0161anas&quot; pakalpojumu, paka tiek atgriezta &quot;Hookahshop.lt&quot;. L\u016bdzu, \u0146emiet v\u0113r\u0101, ka s\u016bt\u012bjumus nevar novirz\u012bt uz citu pieg\u0101des vietu.<\/p>\n<h2>Ja jums ir k\u0101di jaut\u0101jumi, l\u016bdzu, sazinieties ar Hookahshop.lt konsultantiem<\/h2>\n<p>Katras preces aprakst\u0101 nor\u0101d\u012bts \u0161\u012bs preces provizoriskais pieg\u0101des periods, kas tiek apr\u0113\u0137in\u0101ts p\u0113c pas\u016bt\u012bjuma apstiprin\u0101\u0161anas, tas ir, kad tiek p\u0101rbaud\u012bts pas\u016bt\u012bjums un sa\u0146emta samaksa par prec\u0113m (iz\u0146emot pas\u016bt\u012bjumus, kad tiek izv\u0113l\u0113ts maks\u0101jums skaidr\u0101 naud\u0101). M\u0113s nekav\u0113joties inform\u0113sim j\u016bs par apstiprin\u0101to un uzs\u0101kto pas\u016bt\u012bjumu pa e-pastu, k\u0101 ar\u012b nor\u0101d\u012bsim pl\u0101noto pas\u016bt\u012bjuma pieg\u0101des datumu. Pieg\u0101des laiku var p\u0101rcelt pirk\u0161anas un p\u0101rdo\u0161anas noteikumos paredz\u0113tajos gad\u012bjumos. Ja pieg\u0101des laiks jums nav piem\u0113rots, sazinieties ar Hookahshop.lt konsultantiem pa e-pastu. pa e-pastu hookahshoplt@gmail.com vai pa t\u0101lruni +370 6922 6633.<\/p>","protected":false},"excerpt":{"rendered":"<p>Sa\u0146em s\u016bt\u012bjumu LP EXPRESS paku pa\u0161apkalpo\u0161an\u0101s termin\u0101los!  Lai preces sa\u0146emtu sev \u0113rt\u0101 laik\u0101, k\u0101 ar\u012b maz\u0101k samaks\u0101tu par pre\u010du pieg\u0101di, pas\u016bt\u012bjumu var iz\u0146emt sev tuv\u0101kaj\u0101 LP EXPRESS paku pa\u0161apkalpo\u0161an\u0101s termin\u0101l\u012b. Pas\u016btot preces, j\u0101izv\u0113las sev tuv\u0101kais LP EXPRESS paku pa\u0161apkalpo\u0161an\u0101s termin\u0101lis. S\u016bt\u012bjumu iz\u0146em\u0161ana, izmantojot LP EXPRESS paku pa\u0161apkalpo\u0161an\u0101s termin\u0101\u013cus, [...]<\/p>","protected":false},"author":1,"featured_media":0,"parent":0,"menu_order":0,"comment_status":"closed","ping_status":"closed","template":"","meta":[],"_links":{"self":[{"href":"https:\/\/hookahshop.lt\/lv\/wp-json\/wp\/v2\/pages\/11291"}],"collection":[{"href":"https:\/\/hookahshop.lt\/lv\/wp-json\/wp\/v2\/pages"}],"about":[{"href":"https:\/\/hookahshop.lt\/lv\/wp-json\/wp\/v2\/types\/page"}],"author":[{"embeddable":true,"href":"https:\/\/hookahshop.lt\/lv\/wp-json\/wp\/v2\/users\/1"}],"replies":[{"embeddable":true,"href":"https:\/\/hookahshop.lt\/lv\/wp-json\/wp\/v2\/comments?post=11291"}],"version-history":[{"count":2,"href":"https:\/\/hookahshop.lt\/lv\/wp-json\/wp\/v2\/pages\/11291\/revisions"}],"predecessor-version":[{"id":35807,"href":"https:\/\/hookahshop.lt\/lv\/wp-json\/wp\/v2\/pages\/11291\/revisions\/35807"}],"wp:attachment":[{"href":"https:\/\/hookahshop.lt\/lv\/wp-json\/wp\/v2\/media?parent=11291"}],"curies":[{"name":"wp","href":"https:\/\/api.w.org\/{rel}","templated":true}]}}