{"id":11299,"date":"2020-08-05T14:41:36","date_gmt":"2020-08-05T11:41:36","guid":{"rendered":"https:\/\/hookahshop.lt\/?page_id=11299"},"modified":"2024-04-18T22:30:07","modified_gmt":"2024-04-18T19:30:07","slug":"atsiimkite-siunta-omniva-pastomatuose","status":"publish","type":"page","link":"https:\/\/hookahshop.lt\/lv\/pick-up-shipment-omniva-pie-bankomatiem\/","title":{"rendered":"Pa\u0146emiet s\u016bt\u012bjumu OMNIVA bankom\u0101tos!"},"content":{"rendered":"<h1>Pa\u0146emiet s\u016bt\u012bjumu OMNIVA bankom\u0101tos!<\/h1>\n<p>&nbsp;<\/p>\n<p>Lai preces sa\u0146emtu sev izdev\u012bg\u0101 laik\u0101, k\u0101 ar\u012b lai samaks\u0101tu maz\u0101k par pre\u010du pieg\u0101di, pas\u016bt\u012bjumu varat sa\u0146emt tuv\u0101kaj\u0101 Omniva pasta noda\u013c\u0101. Pas\u016btot preces, atliek vien izv\u0113l\u0113ties tuv\u0101ko Omniva pasta apar\u0101tu. Par prec\u0113m bankom\u0101tos var nor\u0113\u0137in\u0101ties tikai ar bankas nor\u0113\u0137inu kart\u0113m.<\/p>\n<p>S\u016bt\u012bjumu sa\u0146em\u0161ana, izmantojot Omniva pasta apar\u0101tus, ir \u0101rk\u0101rt\u012bgi \u0101tra un \u0113rta. Visa proced\u016bra ir vair\u0101k nek\u0101 vienk\u0101r\u0161a, t\u0101p\u0113c ikviens to var izmantot praktiski bez instrukcij\u0101m. Omniva pasta autom\u0101ti ir atv\u0113rti visu diennakti, t\u0101p\u0113c j\u016bs varat sa\u0146emt preces sev \u0113rt\u0101 laik\u0101.<\/p>\n<p>Visi OMNIVA pasta apar\u0101ti, kas darbojas Lietuv\u0101:\u00a0<a href=\"https:\/\/www.omniva.lt\/verslo\/pastomatu_adresai\/vietos\" target=\"_blank\" rel=\"noopener noreferrer\">omniva.lt\/verslo\/pastomatu_adresai\/vietos<\/a><\/p>\n<div class='avia-image-container  av-styling-     avia-align-center'  itemscope=\"itemscope\" itemtype=\"https:\/\/schema.org\/ImageObject\"  ><div class='avia-image-container-inner'><img class=\"avia_image\" src=\"https:\/\/hookahshop.lt\/wp-content\/uploads\/2020\/08\/omniva-map.png\" alt=\"- hookahshop.lt\" title=\"omniva karte\" itemprop=\"thumbnailUrl\"><\/div><\/div>\n<h2>S\u016bt\u012bjumu sav\u0101k\u0161ana<\/h2>\n<p>Lai pa\u0146emtu s\u016bt\u012bjumu, jums b\u016bs j\u0101izv\u0113las valoda, p\u0113c tam noklik\u0161\u0137iniet uz &quot;Pa\u0146emt s\u016bt\u012bjumu&quot; un ievadiet zi\u0146ojumu un \/ vai e-pastu. se\u0161u ciparu durvju kods, kas sa\u0146emts pa pastu. P\u0113c durvju koda ievad\u012b\u0161anas durvis tiek atv\u0113rtas, un s\u016bt\u012bjums ir j\u016bsu rok\u0101s! \u0160eit ir \u012bss video par to, k\u0101 uz\u0146emt s\u016bt\u012bjumu no Omniva<a href=\"https:\/\/www.youtube.com\/watch?v=ekB5LiJl1qA&amp;feature=youtu.be\" target=\"_blank\" rel=\"noopener\">\u00a0pasta ma\u0161\u012bnas<\/a>\u00a0vai lejupiel\u0101d\u0113jiet rokasgr\u0101matu:<\/p>\n<ul>\n<li><a href=\"https:\/\/lt3.pigugroup.eu\/uploaded\/Kaip_atsiimti_siunta_be_COD_Omniva.pdf\" target=\"_blank\" rel=\"noopener\">K\u0101 uz\u0146emt apmaks\u0101tu s\u016bt\u012bjumu?<\/a><\/li>\n<li><a href=\"https:\/\/lt3.pigugroup.eu\/uploaded\/Kaip_atsiimti_siunta_sumokant_banko_kortele_Omniva.pdf\" target=\"_blank\" rel=\"noopener\">K\u0101 pa\u0146emt s\u016bt\u012bjumu, maks\u0101jot ar bankas karti past\u0101?<\/a><\/li>\n<\/ul>\n<h2>Tie\u0161saistes s\u016bt\u012bjumu izseko\u0161ana<\/h2>\n<ul>\n<li>Visus Omniva s\u016bt\u012bjumus var izsekot tie\u0161saist\u0113 no to nos\u016bt\u012b\u0161anas br\u012b\u017ea. Ja v\u0113laties prec\u012bzi zin\u0101t, kur atrodas j\u016bsu s\u016bt\u012bjumi vai kuri gaida svar\u012bgus s\u016bt\u012bjumus, tos var izsekot tie\u0161i vietn\u0113\u00a0<a href=\"https:\/\/www.omniva.lt\/\" target=\"_blank\" rel=\"noopener noreferrer\">www.omniva.lt<\/a>.<\/li>\n<\/ul>\n<h2>Partijas lielums<\/h2>\n<p>Maksim\u0101lais Omniva pakas svars ir 30 kg. S\u016bt\u012bjumam j\u0101b\u016bt vien\u0101 no \u0161\u012bm ail\u0113m:<\/p>\n<ul>\n<li>S: 9 cm x 38 cm x 64 cm (minim\u0101lais izm\u0113rs: 2 cm x 9 cm x 14 cm)<\/li>\n<li>M: 19 cm x 38 cm x 64 cm<\/li>\n<li>L: 39 cm x 38 cm x 64 cm<\/li>\n<\/ul>\n<p>Katram produktam j\u016bs atrad\u012bsit inform\u0101ciju par to, vai j\u016bsu izv\u0113l\u0113to produktu var pieg\u0101d\u0101t Omniva pasta autom\u0101tos. Ja produkts ir smag\u0101ks par 30 kg vai produkta izm\u0113ri ir liel\u0101ki, nek\u0101 nor\u0101d\u012bts iepriek\u0161, produkta pieg\u0101de uz Omniva bankom\u0101tiem neb\u016bs iesp\u0113jama. Pas\u016btot vair\u0101kas preces, katr\u0101 gad\u012bjum\u0101 tiek apr\u0113\u0137in\u0101ts, vai t\u0101s ietilpst kast\u0113, ja pre\u010du izm\u0113ri ir liel\u0101ki, nek\u0101 nor\u0101d\u012bts iepriek\u0161 - pre\u010du pieg\u0101de uz Omniva pasta noda\u013c\u0101m neb\u016bs iesp\u0113jama.<\/p>\n<h2>Pieg\u0101des cena<\/h2>\n<p>S\u016bt\u012bjums tiek pieg\u0101d\u0101ts uz jebkuru Omniva pasta noda\u013cu Lietuvas Republikas teritorij\u0101 par\u00a0<strong>\u20ac 3,99<\/strong><strong>\u00a0<\/strong>maksa. Pieg\u0101des cena uz cit\u0101m valst\u012bm, iz\u0146emot Latviju un Igauniju: <strong>\u20ac 9,99<\/strong>.<\/p>\n<h2>S\u016bt\u012bjuma uzglab\u0101\u0161anas periods<\/h2>\n<p>S\u016bt\u012bjums tiek glab\u0101ts pakom\u0101t\u0101 7 kalend\u0101r\u0101s dienas p\u0113c m\u016bsu apstiprin\u0101juma, ka pas\u016bt\u012bjums jau atrodas Omniva termin\u0101l\u0101 un to jau var sa\u0146emt. Par ien\u0101ko\u0161o pas\u016bt\u012bjumu inform\u0113sim pa t\u0101lruni un e-pastu. pa pastu. SMS un e-pasts v\u0113stul\u0113 nor\u0101d\u012bsim pasta noda\u013cas kodu. Tikai ar \u0161o kodu j\u016bs var\u0113sit pa\u0146emt s\u016bt\u012bjumu no nor\u0101d\u012bt\u0101s pasta noda\u013cas. Saglab\u0101jiet kodu, l\u012bdz pa\u0146emat pas\u016bt\u012bjumu no pasta noda\u013cas. 7 dienu perioda beig\u0101s un neizmantojot &quot;paku sav\u0101k\u0161anas&quot; pakalpojumu, paka tiek atgriezta &quot;Hookahshop.lt&quot;. L\u016bdzu, \u0146emiet v\u0113r\u0101, ka s\u016bt\u012bjumus nevar novirz\u012bt uz citu pieg\u0101des vietu.<\/p>\n<h2>Atbild\u012bba<\/h2>\n<p>Omniva atbild\u012bba par nozaud\u0113t\u0101m vai boj\u0101t\u0101m prec\u0113m ir aptuveni EUR 9,38 par kg (8,33 SDR * par kg). Prec\u012bzu summu apr\u0113\u0137ina katr\u0101 gad\u012bjum\u0101 atsevi\u0161\u0137i, izmantojot SDR *.<\/p>\n<p>* \u012apa\u0161\u0101s aiz\u0146\u0113muma ties\u012bbas (SDR) ir Starptautisk\u0101 Val\u016btas fonda nor\u0113\u0137inu vien\u012bba, kas izsaka katra dal\u012bbnieka kvotas (ti, iemaksas) summu fonda kapit\u0101l\u0101. SDR pamat\u0101 ir \u010detras galven\u0101s val\u016btas: ASV dol\u0101rs, eiro, Jap\u0101nas jena un Lielbrit\u0101nijas m\u0101rci\u0146a.<\/p>\n<h2>Ja jums ir k\u0101di jaut\u0101jumi, l\u016bdzu, sazinieties ar Hookahshop.lt konsultantiem<\/h2>\n<p>Katras preces aprakst\u0101 ir nor\u0101d\u012bts provizoriskais pieg\u0101des termi\u0146\u0161 tai precei, kas tiek apr\u0113\u0137in\u0101ts no pas\u016bt\u012bjuma apstiprin\u0101\u0161anas br\u012b\u017ea, tas ir, kad ir p\u0101rbaud\u012bts pas\u016bt\u012bjums un sa\u0146emta samaksa par preci (iz\u0146emot pas\u016bt\u012bjumus, kur apmaksa skaidr\u0101 naud\u0101 ir atlas\u012bts). Par apstiprin\u0101to un uzs\u0101kto pas\u016bt\u012bjuma izpildi nekav\u0113joties inform\u0113sim J\u016bs pa e-pastu, k\u0101 ar\u012b preciz\u0113sim pl\u0101noto pas\u016bt\u012bjuma pieg\u0101des datumu. Pieg\u0101des termi\u0146\u0161 var tikt p\u0101rcelts pirk\u0161anas un p\u0101rdo\u0161anas noteikumos paredz\u0113tajos gad\u012bjumos. Ja preces pieg\u0101des termi\u0146\u0161 Jums nav piem\u0113rots, sazinieties ar Hookahshop.lt konsultantiem pa e-pastu. pa pastu <a href=\"mailto:hookahshoplt@gmail.com\">hookahshoplt@gmail.com<\/a> vai pa t\u0101lruni <a href=\"tel:+370 6922 6633\">+370 6922 6633<\/a>.<\/p>","protected":false},"excerpt":{"rendered":"<p>Sa\u0146em paku OMNIVA pasta autom\u0101tos!  Lai preces sa\u0146emtu sev \u0113rt\u0101 laik\u0101, k\u0101 ar\u012b maks\u0101tu maz\u0101k par pre\u010du pieg\u0101di, pas\u016bt\u012bjumu var iz\u0146emt tuv\u0101kaj\u0101 Omniva pasta noda\u013c\u0101. Pas\u016btot preces, atliek tikai izv\u0113l\u0113ties tuv\u0101ko Omniva pasta autom\u0101tu. Nor\u0113\u0137in\u0101ties par prec\u0113m pasta autom\u0101tos var tikai ar bankas maks\u0101jumu kart\u0113m. S\u016bt\u012bjumu iz\u0146em\u0161ana, izmantojot Omniva pasta autom\u0101tus, ir \u0101rk\u0101rt\u012bgi [...]<\/p>","protected":false},"author":1,"featured_media":0,"parent":0,"menu_order":0,"comment_status":"closed","ping_status":"closed","template":"","meta":[],"_links":{"self":[{"href":"https:\/\/hookahshop.lt\/lv\/wp-json\/wp\/v2\/pages\/11299"}],"collection":[{"href":"https:\/\/hookahshop.lt\/lv\/wp-json\/wp\/v2\/pages"}],"about":[{"href":"https:\/\/hookahshop.lt\/lv\/wp-json\/wp\/v2\/types\/page"}],"author":[{"embeddable":true,"href":"https:\/\/hookahshop.lt\/lv\/wp-json\/wp\/v2\/users\/1"}],"replies":[{"embeddable":true,"href":"https:\/\/hookahshop.lt\/lv\/wp-json\/wp\/v2\/comments?post=11299"}],"version-history":[{"count":5,"href":"https:\/\/hookahshop.lt\/lv\/wp-json\/wp\/v2\/pages\/11299\/revisions"}],"predecessor-version":[{"id":39229,"href":"https:\/\/hookahshop.lt\/lv\/wp-json\/wp\/v2\/pages\/11299\/revisions\/39229"}],"wp:attachment":[{"href":"https:\/\/hookahshop.lt\/lv\/wp-json\/wp\/v2\/media?parent=11299"}],"curies":[{"name":"wp","href":"https:\/\/api.w.org\/{rel}","templated":true}]}}