{"id":11314,"date":"2020-08-05T15:20:43","date_gmt":"2020-08-05T12:20:43","guid":{"rendered":"https:\/\/hookahshop.lt\/?page_id=11314"},"modified":"2025-02-13T22:48:28","modified_gmt":"2025-02-13T20:48:28","slug":"grazinimas-ir-garantinis-taisymas","status":"publish","type":"page","link":"https:\/\/hookahshop.lt\/lv\/atgriesana-un-garantijas-remonts\/","title":{"rendered":"Atgrie\u0161ana un garantijas remonts"},"content":{"rendered":"<h1>Atgrie\u0161ana un garantijas remonts<\/h1>\n<p><strong>Es v\u0113los izmantot garantijas servisu - produkts ir boj\u0101ts vai ar defektiem<\/strong><\/p>\n<div class='avia-image-container  av-styling-     avia-align-center'  itemscope=\"itemscope\" itemtype=\"https:\/\/schema.org\/ImageObject\"  ><div class='avia-image-container-inner'><img class=\"avia_image\" src=\"https:\/\/hookahshop.lt\/wp-content\/uploads\/2020\/05\/hookahshopLT.jpg\" alt=\"- hookahshop.lt\" title=\"hookahshopLT\" itemprop=\"thumbnailUrl\"><\/div><\/div>\n<p>&nbsp;<\/p>\n<div class=\"item_title\">\n<div class=\"sub_title\"><em>\u00a0Kur\u0101m prec\u0113m un cik ilgi garantija ir sp\u0113k\u0101?<\/em><\/div>\n<ul>\n<li>Kvalit\u0101tes garantija tiek nodro\u0161in\u0101ta vis\u0101m m\u016bsu prec\u0113m. \u0160o garantiju sauc ar\u012b par likum\u012bgu vai r\u016bpn\u012bcas garantiju. T\u0101 der\u012bguma termi\u0146\u0161 var at\u0161\u0137irties: t\u0101pat k\u0101 ar citiem nosac\u012bjumiem, periods ir nor\u0101d\u012bts produkta aprakst\u0101 vai kop\u0101 ar r\u0113\u0137inu par ieg\u0101d\u0101to preci, kas atbilst ar\u012b garantijas talonam.<\/li>\n<\/ul>\n<div class=\"item_title\">\n<div class=\"sub_title\"><em>Uz k\u0101d\u0101m prec\u0113m garantija neattiecas?<\/em><\/div>\n<\/div>\n<\/div>\n<div>\n<ul>\n<li>Kvalit\u0101tes garantija netiek sniegta, ja produkta \u012bpa\u0161\u012bbas atbilst t\u0101 aprakstam, produkts ir piem\u0113rots lieto\u0161anai atbilsto\u0161i t\u0101 m\u0113r\u0137im.<\/li>\n<li>Uz\u0146emot preci veikal\u0101, p\u0101rbaudiet, vai taj\u0101 nav boj\u0101jumu, piln\u012bgas un pareizas konfigur\u0101cijas. Pie\u0146emot kurjera pas\u016bt\u012bjumu, piev\u0113rsiet uzman\u012bbu iepakojumam - aizdomu gad\u012bjum\u0101 - nekav\u0113joties izpakojiet. Atz\u012bm\u0113jiet nov\u0113rot\u0101s neatbilst\u012bbas pre\u010du nodo\u0161anas pie\u0146em\u0161anas dokument\u0101 un kurjera vai Hookahshop.lt p\u0101rst\u0101vja kl\u0101tb\u016btn\u0113 uzrakstiet zi\u0146ojumu. Ja p\u0113c pieg\u0101des pie\u0146em\u0161anas dokumenta parakst\u012b\u0161anas redzat produkta defektu vai defektu, m\u0113s nevaram uz\u0146emties atbild\u012bbu par to, ka produkts vai iepakojums ir boj\u0101ts, nepareizi samont\u0113ts. \u0160aj\u0101 gad\u012bjum\u0101 kvalit\u0101tes garantija tiks sniegta tikai r\u016bpn\u012bcas defektu gad\u012bjum\u0101.<\/li>\n<li>M\u0113s aicin\u0101m j\u016bs las\u012bt vair\u0101k par to\u00a0<a href=\"https:\/\/hookahshop.lt\/lv\/pirksanas-nosacijumi\/\">pirk\u0161anas un p\u0101rdo\u0161anas noteikumi<\/a><\/li>\n<\/ul>\n<p><em>Pre\u010du kategorijas, uz kur\u0101m attiecas \u012bpa\u0161i pien\u0101kumi<\/em><\/p>\n<ul>\n<li>Kr\u016bz\u012btes<\/li>\n<li>\u016adensp\u012bpes<\/li>\n<li>\u016adensp\u012bpes piederumi<\/li>\n<li>\u016adensp\u012bpes piederumi<\/li>\n<\/ul>\n<p><em>Kur man vajadz\u0113tu mekl\u0113t garantijas servisu?<\/em><\/p>\n<ul>\n<li>Lai ietaup\u012btu laiku, iesak\u0101m preci nog\u0101d\u0101t tie\u0161i ra\u017eot\u0101ja nor\u0101d\u012btaj\u0101 garantijas servisa centr\u0101. Sazinoties tie\u0161i ar remonta uz\u0146\u0113mumu, produktu var salabot pat da\u017eas dienas \u0101tr\u0101k. Lai ieg\u016btu inform\u0101ciju par to, kur\u0161 nodro\u0161ina nopirkt\u0101 produkta garantijas apkalpo\u0161anu, sazinieties ar kontaktu sada\u013cu.<\/li>\n<li>J\u016bs varat ar\u012b pieg\u0101d\u0101t p\u0101rdev\u0113ja Hookahshop.lt preces uz visiem Hookahshop.lt veikaliem. Veikalu adreses un darba laikus varat atrast sada\u013c\u0101 kontakti.<\/li>\n<li>Preci varat ar\u012b nos\u016bt\u012bt garantijas remontam ar kurjera starpniec\u012bbu. Ja pre\u010du p\u0101rdev\u0113js ir Hookahshop.lt, tad j\u0101nor\u0101da adrese: Kedr\u0173 g.3-102, LT-03116, Vi\u013c\u0146a, Lietuva.<\/li>\n<li>Ja pre\u010du p\u0101rdev\u0113js ir cits veikals, l\u016bdzu, nos\u016btiet uz r\u0113\u0137in\u0101 nor\u0101d\u012bto adresi.<\/li>\n<li>Aicin\u0101m preci pareizi iesai\u0146ot, lai s\u016bt\u012b\u0161anas laik\u0101 t\u0101 netiktu saboj\u0101ta. Ja produkts s\u016bt\u012b\u0161anas laik\u0101 ir boj\u0101ts, m\u0113s nevar\u0113sim sniegt garantijas servisu.<\/li>\n<\/ul>\n<p><em>Ko dar\u012bt, ja man ir aizdomas, ka produktam ir defekti?<\/em><\/p>\n<p>Ja jums ir aizdomas, ka esat sa\u0146\u0113mis priek\u0161metu ar defektiem, jums ir vair\u0101kas iesp\u0113jas:<\/p>\n<ul>\n<li>Ja ir iesp\u0113jams nov\u0113rst preces kvalit\u0101tes tr\u016bkumus, varat sazin\u0101ties ar p\u0101rdev\u0113ju, lai produkts b\u016btu boj\u0101ts. \u0145emiet v\u0113r\u0101, ka pre\u010du p\u0101rdev\u0113js var b\u016bt ne tikai Hookahshop, bet ar\u012b citi veikali. J\u016bs varat p\u0101rbaud\u012bt r\u0113\u0137inu.<\/li>\n<li>Ieg\u0101d\u0101tajam produktam var tikt piem\u0113rota atlaide, kas atbilst defektu d\u0113\u013c zaud\u0113tajai v\u0113rt\u012bbai.<\/li>\n<li>Preci varat apmain\u012bt pret identisku labas kvalit\u0101tes preci, iz\u0146emot gad\u012bjumus, ja preces defekti ir nelieli vai radu\u0161ies J\u016bsu vainas d\u0113\u013c preces lieto\u0161anas laik\u0101.<\/li>\n<li>Atmaksas termi\u0146\u0161 14 kalend\u0101r\u0101s dienas tiek apr\u0113\u0137in\u0101ts no P\u0101rdev\u0113ja apstiprin\u0101juma par preces defektiem, kas radu\u0161ies nevis no nolietojuma, bet gan ra\u017eot\u0101ja defekta d\u0113\u013c, kas radies ne ilg\u0101k k\u0101 30 lieto\u0161anas dienu laik\u0101.<\/li>\n<li>M\u0113s aicin\u0101m j\u016bs las\u012bt vair\u0101k par to <a href=\"https:\/\/hookahshop.lt\/lv\/pirksanas-nosacijumi\/\">pirk\u0161anas un p\u0101rdo\u0161anas noteikumi<\/a><\/li>\n<\/ul>\n<p><em>Cik ilgi notiek remonts?<\/em><\/p>\n<ul>\n<li>Parasti ra\u017eot\u0101ja vainas d\u0113\u013c radu\u0161os defektu nov\u0113r\u0161anai nepiecie\u0161amas 2 l\u012bdz 3 ned\u0113\u013cas, skaitot no preces nodo\u0161anas garantijas servis\u0101 dienas, ja ra\u017eot\u0101js ir apstiprin\u0101jis ra\u017eo\u0161anas defektu. Ja izr\u0101d\u0101s, ka remontam nepiecie\u0161ama deta\u013ca, kas j\u0101pieg\u0101d\u0101 no \u0101rvalst\u012bm, gaid\u012b\u0161anas laiks tiek pagarin\u0101ts l\u012bdz 45 dien\u0101m.<\/li>\n<\/ul>\n<p><em>Vai es varu novest novecoju\u0161us elektriskos vai elektroniskos izstr\u0101d\u0101jumus uz veikalu Hookahshop.lt?<\/em><\/p>\n<ul>\n<li>J\u0101.<\/li>\n<li>Elektrisk\u0101s un elektronisk\u0101s iek\u0101rtas satur b\u012bstamas vielas, kas rada risku videi un cilv\u0113ku vesel\u012bbai, t\u0101p\u0113c \u0161\u0101da veida nolietotus produktus nedr\u012bkst izmest kop\u0101 ar citiem sadz\u012bves atkritumiem. Ieg\u0101d\u0101joties elektrisko vai elektronisko izstr\u0101d\u0101jumu Hookahshop.lt e-veikal\u0101, j\u016bs varat m\u016bsu veikal\u0101 ienest t\u0101da pa\u0161a veida novecoju\u0161u produktu.<\/li>\n<li>Ja v\u0113laties atbr\u012bvoties no vec\u0101s elektrisk\u0101s un elektronisk\u0101s iek\u0101rtas, l\u016bdzu, sazinieties ar apkalpojo\u0161o person\u0101lu, kur\u0161 jums pieg\u0101d\u0101s konteinerus tie\u0161i \u0161iem atkritumiem.<\/li>\n<li>M\u016bsu uz\u0146\u0113mums sadarbojas ar b\u012bstamo atkritumu apsaimnieko\u0161anas uz\u0146\u0113mumu, kam regul\u0101ri nododam sav\u0101ktos b\u012bstamos atkritumus. T\u0101d\u0113\u013c j\u016bs varat b\u016bt p\u0101rliecin\u0101ti, ka atkritumi, kurus j\u016bs atbr\u012bvojaties, tiks izmesti dro\u0161i un pareizi.<\/li>\n<\/ul>\n<p><em><strong>V\u0113los atgriezt kvalitat\u012bvu preci, kas neatbilst:<\/strong><\/em><\/p>\n<ul>\n<li>Daudz\u0101m m\u016bsu prec\u0113m ir naudas atmaksas garantija. Ja j\u016bs nolemjat bez jebk\u0101da iemesla atgriezt ieg\u0101d\u0101to preci, to varat izdar\u012bt 14 dienu laik\u0101.<\/li>\n<li>Jums ir ar\u012b iesp\u0113ja sa\u0146emt papildu naudas atmaksas garantiju, kas ir der\u012bga l\u012bdz 30 dien\u0101m. \u0160aj\u0101 gad\u012bjum\u0101 uz produktu attiecas vair\u0101ki papildu nosac\u012bjumi. Produkta iepakojumam j\u0101b\u016bt neskartam, tam pievienotas visas autentisk\u0101s eti\u0137etes un aizsargmaisi, un izstr\u0101d\u0101jumam j\u0101izskat\u0101s tie\u0161i t\u0101dam, k\u0101ds tas bija ieg\u0101d\u0101joties. Ja saboj\u0101jat iepakojumu, p\u0113c vair\u0101k nek\u0101 14 dien\u0101m nevar\u0113siet atgriezt kvalitat\u012bvas preces un atg\u016bt naudu.<\/li>\n<li>M\u0113s aicin\u0101m j\u016bs las\u012bt vair\u0101k par to<a href=\"https:\/\/hookahshop.lt\/lv\/pirksanas-nosacijumi\/\"> pirk\u0161anas un p\u0101rdo\u0161anas noteikumi<\/a><\/li>\n<\/ul>\n<p><strong><em>K\u0101das preces nevar atgriezt?<\/em><\/strong><\/p>\n<ul>\n<li>Tabaka un tabakas izstr\u0101d\u0101jumi;<\/li>\n<li>Preces ir ra\u017eotas saska\u0146\u0101 ar pat\u0113r\u0113t\u0101ja nor\u0101d\u012btaj\u0101m specifik\u0101cij\u0101m vai ir skaidri piel\u0101gotas vi\u0146a person\u012bgaj\u0101m vajadz\u012bb\u0101m;<\/li>\n<li>Preces ir iepriek\u0161 pas\u016bt\u012btas.<\/li>\n<li>Preces tika pas\u016bt\u012btas lielos daudzumos (vairumtirdzniec\u012bba).<\/li>\n<\/ul>\n<p><strong><em>K\u0101 atgriezt preces?<\/em><\/strong><\/p>\n<ul>\n<li>J\u016bs varat ar\u012b atgriezt p\u0101rdev\u0113ja Hookahshop.lt preces. Veikala adresi un darba laiku varat atrast kontaktu sada\u013c\u0101.<\/li>\n<li>Preci varat ar\u012b nos\u016bt\u012bt garantijas remontam ar kurjera starpniec\u012bbu. Ja pre\u010du p\u0101rdev\u0113js ir Hookahshop.lt, tad j\u0101nor\u0101da adrese: Kedr\u0173 g.3-102, LT-03116, Vi\u013c\u0146a, Lietuva.<\/li>\n<li>Aicin\u0101m preci pareizi iesai\u0146ot, lai s\u016bt\u012b\u0161anas laik\u0101 t\u0101 netiktu saboj\u0101ta. Ja produkts s\u016bt\u012b\u0161anas laik\u0101 ir boj\u0101ts, m\u0113s nevar\u0113sim sniegt garantijas servisu.<\/li>\n<\/ul>\n<p><strong>\u012apa\u0161i pien\u0101kumi:<\/strong><\/p>\n<ul>\n<li>Garantija neattiecas uz konkr\u0113t\u0101m prec\u0113m, kuras tiek lietotas un boj\u0101jumi radu\u0161ies, to lietojot p\u0113c 14 dienu perioda, prece ir zaud\u0113jusi savu komerci\u0101lo izskatu.<\/li>\n<\/ul>\n<p><strong>Cik ilgi man j\u0101gaida, lai veiktu iepriek\u0161\u0113ju pas\u016bt\u012bjumu?<\/strong><\/p>\n<ul>\n<li>Ja prece atrodas pieg\u0101d\u0101t\u0101ja noliktav\u0101, pieg\u0101des laiks parasti aiz\u0146em l\u012bdz 14 dien\u0101m. (iz\u0146emot br\u012bvdienas).<\/li>\n<li>Ja preci nepiecie\u0161ams pas\u016bt\u012bt tie\u0161i no ra\u017eot\u0101ja, pieg\u0101des laiks var ilgt ilg\u0101k par 14 dien\u0101m. (iz\u0146emot br\u012bvdienas).<\/li>\n<li>Vairumtirdzniec\u012bbas preces tiek pieg\u0101d\u0101tas no 28. m\u0113ne\u0161a. (atkar\u012bb\u0101 no preces un daudzuma), (iz\u0146emot br\u012bvdienas).<\/li>\n<\/ul>\n<p><strong>Kur\u0161 sedz pieg\u0101des un atgrie\u0161anas izmaksas?<\/strong><\/p>\n<p>Pirc\u0113js maks\u0101.<\/p>\n<div class=\"c-accordion-item__title\">\n<div class=\"sub_title\"><strong>K\u0101 atg\u016bt savu naudu?<\/strong><\/div>\n<\/div>\n<div class=\"c-accordion-item__content h-styled-content\">\n<p>Nauda tiek atgriezta Pirc\u0113jam 14 (\u010detrpadsmit) kalend\u0101ro dienu laik\u0101 no Preces atgrie\u0161anas P\u0101rdev\u0113jam dienas.<\/p>\n<\/div>\n<p>&nbsp;<\/p>\n<\/div>","protected":false},"excerpt":{"rendered":"<p>Atgrie\u0161ana un garantijas remonts V\u0113los izmantot garantijas servisu - prece ir boj\u0101ta vai sal\u016bzusi K\u0101d\u0101m prec\u0113m un cik ilgi ir sp\u0113k\u0101 garantija? Visiem m\u016bsu produktiem tiek nodro\u0161in\u0101ta kvalit\u0101tes garantija. \u0160o garantiju sauc ar\u012b par likum\u0101 noteikto vai r\u016bpn\u012bcas garantiju. T\u0101s der\u012bguma termi\u0146\u0161 var at\u0161\u0137irties: t\u0101pat k\u0101 citi nosac\u012bjumi, termi\u0146\u0161 ir nor\u0101d\u012bts preces aprakst\u0101 vai kop\u0101 ar ieg\u0101d\u0101to preci [...]<\/p>","protected":false},"author":1,"featured_media":0,"parent":0,"menu_order":0,"comment_status":"closed","ping_status":"closed","template":"","meta":[],"_links":{"self":[{"href":"https:\/\/hookahshop.lt\/lv\/wp-json\/wp\/v2\/pages\/11314"}],"collection":[{"href":"https:\/\/hookahshop.lt\/lv\/wp-json\/wp\/v2\/pages"}],"about":[{"href":"https:\/\/hookahshop.lt\/lv\/wp-json\/wp\/v2\/types\/page"}],"author":[{"embeddable":true,"href":"https:\/\/hookahshop.lt\/lv\/wp-json\/wp\/v2\/users\/1"}],"replies":[{"embeddable":true,"href":"https:\/\/hookahshop.lt\/lv\/wp-json\/wp\/v2\/comments?post=11314"}],"version-history":[{"count":14,"href":"https:\/\/hookahshop.lt\/lv\/wp-json\/wp\/v2\/pages\/11314\/revisions"}],"predecessor-version":[{"id":41308,"href":"https:\/\/hookahshop.lt\/lv\/wp-json\/wp\/v2\/pages\/11314\/revisions\/41308"}],"wp:attachment":[{"href":"https:\/\/hookahshop.lt\/lv\/wp-json\/wp\/v2\/media?parent=11314"}],"curies":[{"name":"wp","href":"https:\/\/api.w.org\/{rel}","templated":true}]}}