{"id":1194,"date":"2020-03-25T11:25:40","date_gmt":"2020-03-25T09:25:40","guid":{"rendered":"http:\/\/hookahshop.lt\/?page_id=1194"},"modified":"2021-10-30T15:31:07","modified_gmt":"2021-10-30T12:31:07","slug":"privatumo-politika","status":"publish","type":"page","link":"https:\/\/hookahshop.lt\/lv\/privatuma-politika\/","title":{"rendered":"Priv\u0101tuma politika"},"content":{"rendered":"<h1 style=\"text-align: center;\">Priv\u0101tuma politika<\/h1>\n<p><em>Citas lapas:<\/em><\/p>\n<p><a href=\"https:\/\/hookahshop.lt\/lv\/smekesanas-kaitejums-cilveka-organismu\/\">CILV\u0112KU SM\u0112\u0136\u0112\u0160ANAS ORGANIZ\u0100CIJA<\/a><\/p>\n<p><a href=\"https:\/\/hookahshop.lt\/lv\/atgriesana-un-garantijas-remonts\/\">ATGRIE\u0160ANAS UN GARANTIJAS REMONTS<\/a><\/p>\n<p><a href=\"https:\/\/hookahshop.lt\/lv\/pirksanas-nosacijumi\/\">PRE\u010cU PIRK\u0160ANAS UN P\u0100RDO\u0160ANAS NOTEIKUMI ELEKTRONISKAJ\u0100 VEIKAL\u0100 \u201cHOOKAHSHOP.LT\u201d<\/a><\/p>\n<p><strong>Galven\u0101 inform\u0101cija<\/strong><\/p>\n<p>Hookahshop.lt respekt\u0113 savu Apmekl\u0113t\u0101ju un Pirc\u0113ju priv\u0101tumu, t\u0101p\u0113c m\u0113s garant\u0113jam, ka j\u016bsu sniegt\u0101 inform\u0101cija \u0161aj\u0101 tie\u0161saistes veikal\u0101 tiek izmantota un saglab\u0101ta dro\u0161\u012bb\u0101. Tom\u0113r, lai izvair\u012btos no p\u0101rpratumiem, l\u016bdzu, pirms pas\u016bt\u012bjuma veik\u0161anas izlasiet \u0161os noteikumus.<\/p>\n<p>Hookahshop.lt patur ties\u012bbas jebkur\u0101 laik\u0101 main\u012bt \u0161os noteikumus, t\u0101p\u0113c jums tie ir j\u0101izlasa v\u0113lreiz katru reizi, kad izmantojat \u0161o vietni. Izmantojot \u0161\u012b e-veikala sniegtos pakalpojumus, j\u016bs apstiprin\u0101t, ka piekr\u012btat iev\u0113rot \u0161os noteikumus<\/p>\n<p><strong>Apkopot\u0101 inform\u0101cija<\/strong><\/p>\n<p>Visi m\u016bsu pirc\u0113ji ir vienl\u012bdz svar\u012bgi! Tom\u0113r t\u0101da inform\u0101cija k\u0101 j\u016bsu v\u0101rds, adrese, e-pasta adrese, t\u0101lru\u0146a numurs ir nepiecie\u0161ama, lai m\u0113s var\u0113tu apstiprin\u0101t j\u016bsu pas\u016bt\u012bjumu un laic\u012bgi uzr\u0101d\u012bt un pieg\u0101d\u0101t to uz pareizo adresi.<\/p>\n<p>M\u0113s neapkopojam nevienu klientu sarakstu un nenododam tos tre\u0161aj\u0101m person\u0101m, kuras nav iesaist\u012btas j\u016bsu pas\u016bt\u012bjum\u0101. J\u016bsu apkopot\u0101 personisk\u0101 inform\u0101cija paliek mums. M\u0113s izmantojam \u0161o inform\u0101ciju, lai sniegtu pakalpojumus, atbalst\u012btu tos - lai pieg\u0101d\u0101tu jums preces, lai sazin\u0101tos ar jums par pas\u016bt\u012bjumiem vai citiem jaut\u0101jumiem, lai pieg\u0101d\u0101tu zi\u0146as vai izrakst\u012btu PVN r\u0113\u0137inu utt.<\/p>\n<p>M\u0113s nepiedal\u0101m j\u016bsu personisko inform\u0101ciju uz\u0146\u0113mumiem vai priv\u0101tperson\u0101m, iz\u0146emot \u0161eit nor\u0101d\u012btos gad\u012bjumus. Lai veiktu noteiktas nepiecie\u0161am\u0101s darb\u012bbas - pieg\u0101d\u0101tu pas\u016bt\u012bjumus, ieskait\u012btu maks\u0101jumus ar kred\u012btkarti (piem\u0113ram, mok\u0117jimai.lt). Visa Pirc\u0113ja personisk\u0101 inform\u0101cija tiek apstr\u0101d\u0101ta saska\u0146\u0101 ar sp\u0113k\u0101 eso\u0161ajiem likumiem un noteikumiem. Bez j\u016bsu piekri\u0161anas j\u016bsu personas dati netiks izmantoti citiem m\u0113r\u0137iem, iz\u0146emot uzskait\u012btajiem, ja vien to nepieprasa piem\u0113rojamie likumi vai noteikumi.<\/p>\n<p>Sniedzot mums savus personas datus, Pirc\u0113js piekr\u012bt, ka m\u0113s varam v\u0101kt, izmantot un izpaust personas datus iepriek\u0161 uzskait\u012btajiem m\u0113r\u0137iem.<\/p>\n<p><strong>Datu aizsardz\u012bba<\/strong><\/p>\n<p>Hookahshop.lt e-veikals cen\u0161as saglab\u0101t j\u016bsu sniegtos personas datus dro\u0161\u012bb\u0101. Hookahshop.lt vienm\u0113r cen\u0161as aizsarg\u0101t inform\u0101ciju no nesankcion\u0113tas piek\u013cuves, neat\u013cautas p\u0101rveido\u0161anas, izpau\u0161anas vai izn\u012bcin\u0101\u0161anas.<\/p>\n<p>L\u016bdzu, \u0146emiet v\u0113r\u0101, ka m\u0113s nekad nel\u016bdzam paroli e-pastos. Pirc\u0113js ir atbild\u012bgs par sava konta inform\u0101cijas un paroles konfidencialit\u0101ti. Visi citi j\u016bsu personas dati tiek glab\u0101ti, m\u0113s veicam atbilsto\u0161us fiziskos, elektroniskos un p\u0101rvald\u012bbas pas\u0101kumus, lai aizsarg\u0101tu m\u016bsu apkopoto inform\u0101ciju.<\/p>\n<p><strong>Izmai\u0146as konfidencialit\u0101tes politik\u0101<\/strong><\/p>\n<p>Hookahshop.lt ir ties\u012bbas main\u012bt \u0161o priv\u0101tuma politiku. Turpm\u0101ka m\u016bsu vietnes izmanto\u0161ana noz\u012bm\u0113 atbilst\u012bbu \u0161iem noteikumiem. Visas domstarp\u012bbas un str\u012bdus risina sarunu ce\u013c\u0101. Ja vieno\u0161an\u0101s netiek pan\u0101kta, str\u012bdi tiek risin\u0101ti saska\u0146\u0101 ar Lietuvas Republikas likumiem.<\/p>","protected":false},"excerpt":{"rendered":"<p>Priv\u0101tuma politika Citas lapas: SM\u0112\u0136\u0112\u0160ANAS BOJ\u0100JUMI CILV\u0112KA ORGANISMAM ATGRIE\u0160ANAS UN GARANTIJAS REMONTA NOTEIKUMI IEG\u0100DES - PRE\u010cU P\u0100RDO\u0160ANAI ELEKTRONISK\u0100 VEIKAL\u0100 &quot;HOOKAHSHOP.LT&quot; Visp\u0101r\u012bga inform\u0101cija Hookahshop.lt respekt\u0113 savu Apmekl\u0113t\u0101ju un Pirc\u0113ju priv\u0101tumu, t\u0101p\u0113c garant\u0113jam, ka J\u016bsu sniegt\u0101 inform\u0101cija tiek dro\u0161i izmantota un uzglab\u0101ta \u0161aj\u0101 tie\u0161saistes veikal\u0101. Tom\u0113r, l\u016bdzu, izlasiet \u0161os noteikumus pirms pas\u016bt\u012bjuma veik\u0161anas, lai v\u0113l\u0101k nerastos p\u0101rpratumi. Hookahshop.lt rezerv\u0113 [...]<\/p>","protected":false},"author":1,"featured_media":961,"parent":0,"menu_order":0,"comment_status":"closed","ping_status":"closed","template":"","meta":[],"_links":{"self":[{"href":"https:\/\/hookahshop.lt\/lv\/wp-json\/wp\/v2\/pages\/1194"}],"collection":[{"href":"https:\/\/hookahshop.lt\/lv\/wp-json\/wp\/v2\/pages"}],"about":[{"href":"https:\/\/hookahshop.lt\/lv\/wp-json\/wp\/v2\/types\/page"}],"author":[{"embeddable":true,"href":"https:\/\/hookahshop.lt\/lv\/wp-json\/wp\/v2\/users\/1"}],"replies":[{"embeddable":true,"href":"https:\/\/hookahshop.lt\/lv\/wp-json\/wp\/v2\/comments?post=1194"}],"version-history":[{"count":2,"href":"https:\/\/hookahshop.lt\/lv\/wp-json\/wp\/v2\/pages\/1194\/revisions"}],"predecessor-version":[{"id":29005,"href":"https:\/\/hookahshop.lt\/lv\/wp-json\/wp\/v2\/pages\/1194\/revisions\/29005"}],"wp:featuredmedia":[{"embeddable":true,"href":"https:\/\/hookahshop.lt\/lv\/wp-json\/wp\/v2\/media\/961"}],"wp:attachment":[{"href":"https:\/\/hookahshop.lt\/lv\/wp-json\/wp\/v2\/media?parent=1194"}],"curies":[{"name":"wp","href":"https:\/\/api.w.org\/{rel}","templated":true}]}}