{"id":14387,"date":"2020-11-17T13:29:24","date_gmt":"2020-11-17T11:29:24","guid":{"rendered":"https:\/\/hookahshop.lt\/?page_id=14387"},"modified":"2024-04-17T23:27:06","modified_gmt":"2024-04-17T20:27:06","slug":"kaljano-nuoma","status":"publish","type":"page","link":"https:\/\/hookahshop.lt\/lv\/udenspipe-ire\/","title":{"rendered":"\u016adensp\u012bpes noma"},"content":{"rendered":"<\/div><\/div><\/div><!-- close content main div --><\/div><\/div><div id='av_section_1' class='avia-section main_color avia-section-default avia-no-shadow avia-full-stretch av-section-color-overlay-active avia-bg-style-fixed    container_wrap sidebar_right' style = 'background-repeat: no-repeat; background-image: url(https:\/\/hookahshop.lt\/wp-content\/uploads\/2020\/11\/kaljanu-nuoma-vilniuje-scaled.jpg); background-attachment: fixed; background-position: center center; ' data-section-bg-repeat='stretch' ><div class='av-section-color-overlay-wrap'><div class='av-section-color-overlay' style='opacity: 0.6; background-color: #0c0c0c; '><\/div><div class='container' ><div class='template-page content  av-content-small alpha units'><div class='post-entry post-entry-type-page post-entry-14387'><div class='entry-content-wrapper clearfix'>\n<div style='padding-bottom:30px;color:#ffffff;font-size:60px;' class='av-special-heading av-special-heading-h1 custom-color-heading blockquote modern-quote modern-centered   av-inherit-size'><h1 class='av-special-heading-tag'  itemprop=\"headline\"  >\u016aDENSP\u012aPES NOMA VI\u013b\u0145\u0100<\/h1><div class='special-heading-border'><div class='special-heading-inner-border' style='border-color:#ffffff'><\/div><\/div><\/div>\n<\/div><\/div><\/div><!-- close content main div --><\/div><\/div><\/div><div id='after_section_1' class='main_color av_default_container_wrap container_wrap sidebar_right'   ><div class='container' ><div class='template-page content  av-content-small alpha units'><div class='post-entry post-entry-type-page post-entry-14387'><div class='entry-content-wrapper clearfix'>\n<section class=\"av_textblock_section\"  itemscope=\"itemscope\" itemtype=\"https:\/\/schema.org\/CreativeWork\" ><div class='avia_textblock'   itemprop=\"text\" ><p>Vai pl\u0101nojat ball\u012bti, ce\u013cojumu vai vienk\u0101r\u0161i klusu vakaru m\u0101j\u0101s? Mekl\u0113 ori\u0123in\u0101lu d\u0101vanu v\u012brietim vai draugam? Vai varb\u016bt vienk\u0101r\u0161i v\u0113laties izm\u0113\u0123in\u0101t ko jaunu vai atp\u016bsties un izbaud\u012bt \u016bdensp\u012bpes sesiju? Iesp\u0113jams, pl\u0101nojat ieg\u0101d\u0101ties \u016bdensp\u012bpi, bet pirms tam v\u0113laties izm\u0113\u0123in\u0101t m\u016bsu \u016bdensp\u012bpes un to piederumus? HookahGO jums ir pied\u0101v\u0101jums - \u016bdensp\u012bpes noma Vi\u013c\u0146as un Vi\u013c\u0146as re\u0123ionos. Ar\u012b \u016bdensp\u012bpes un t\u0101s piederumu \u012bstermi\u0146a noma.<\/p>\n<p>HookahGO pied\u0101v\u0101 pla\u0161u \u016bdensp\u012bpes mode\u013cu izv\u0113li, da\u017e\u0101dus \u016bdensp\u012bpes piederumus un piederumus, kas nodro\u0161in\u0101s kvalitat\u012bvu gar\u0161u un smar\u017eu. Labi d\u016bmi un laba nomas cena ir m\u016bsu priorit\u0101te!<\/p>\n<p>Vai mekl\u0113jat \u016bdensp\u012bpes nomu svin\u012bb\u0101m vai pas\u0101kumam? Pied\u0101v\u0101jumus varat atrast \u0161aj\u0101 lap\u0101: <span style=\"color: #993300;\"><a style=\"color: #993300;\" href=\"https:\/\/hookahshop.lt\/lv\/udenspipe-ballitei-vai-pasakumam\/\">\u016adensp\u012bpe svin\u012bb\u0101m vai pas\u0101kumam<\/a><\/span><\/p>\n<p>J\u016bs varat piepras\u012bt \u016bdensp\u012bpes nomu\u00a0<a href=\"https:\/\/hookahshop.lt\/lv\/kontaktiem\/\">Kontakti<\/a>\u00a0sleja. Pla\u0161\u0101ku inform\u0101ciju varat atrast m\u016bsu facebook kont\u0101\u00a0<a href=\"https:\/\/www.facebook.com\/kaljanunuoma\/\" target=\"_blank\" rel=\"noopener\">Hookahgo.lt<\/a>\u00a0vai pa t\u0101lruni <a href=\"tel:+37069226633\">+370 69226633<\/a>.<\/p>\n<\/div><\/section>\n<div style='height:25px' class='hr hr-invisible'><span class='hr-inner' ><span class='hr-inner-style'><\/span><\/span><\/div>\n<section class=\"avia_codeblock_section  avia_code_block_0\"  itemscope=\"itemscope\" itemtype=\"https:\/\/schema.org\/CreativeWork\" ><div class='avia_codeblock'  itemprop=\"text\" > [avia_codeblock_placeholder uid=&quot;0&quot;] <\/div><\/section>\n<div  data-autoplay='1'  data-interval='5'  data-animation='fade'  data-hoverpause='1'  class='avia-testimonial-wrapper avia-slider-testimonials avia-slider-2-testimonials avia_animate_when_almost_visible'>\n<section class ='avia-testimonial-row'><div class='avia-testimonial av_one_half flex_column no_margin avia-testimonial-row-1 avia-first-testimonial'  itemscope=\"itemscope\" itemtype=\"https:\/\/schema.org\/Person\" ><div class='avia-testimonial_inner'><div class='avia-testimonial-content'    itemscope=\"itemscope\" itemtype=\"https:\/\/schema.org\/CreativeWork\" ><div class=\"t396__elem tn-elem tn-elem__2247811751598626121594\" data-elem-id=\"1598626121594\" data-elem-type=\"text\" data-field-top-value=\"180\" data-field-top-res-320-value=\"95\" data-field-left-value=\"90\" data-field-left-res-320-value=\"30\" data-field-width-value=\"1130\" data-field-width-res-320-value=\"270\" data-field-axisy-value=\"top\" data-field-axisx-value=\"left\" data-field-container-value=\"grid\" data-field-topunits-value=\"\" data-field-leftunits-value=\"\" data-field-heightunits-value=\"\" data-field-widthunits-value=\"\" data-fields=\"top,left,width,container,axisx,axisy,widthunits,leftunits,topunits\">\n<ul>\n<li>Lai iz\u0146emtu \u016bdensp\u012bpi nom\u0101, j\u0101ierodas uz nor\u0101d\u012bto adresi Vi\u013c\u0146\u0101 - AJ Povilai\u010dio st. 14 \/ Kedr\u0173 iela 3 \/. M\u0113s nes\u016bt\u0101m nomas komplektus ne pa pastu, ne pasta autom\u0101tu, ne kurjerpasta starpniec\u012bbu.<\/li>\n<li>\u012ar\u0113t\u0101s \u016bdensp\u012bpes sav\u0101k\u0161anas laik\u0101 tiek parakst\u012bts nomas l\u012bgums un samaks\u0101ts depoz\u012bts vai dokuments (autovad\u012bt\u0101ja apliec\u012bba vai pases gr\u0101mata).<\/li>\n<li>Pilna depoz\u012bta summa tiek atgriezta \u012brniekam gad\u012bjum\u0101, ja \u016bdensp\u012bpe un komplekt\u0101 iek\u013cautie piederumi tiek atgriezti s\u0101kotn\u0113j\u0101 st\u0101vokl\u012b, neboj\u0101ti.<\/li>\n<li>Ja \u016bdensp\u012bpe vai k\u0101ds komplekt\u0101 iek\u013cauts piederums tiek atgriezts, lai tas b\u016btu salauzts vai saboj\u0101ts, no \u012brniekam atdot\u0101 depoz\u012bta tiek ietur\u0113ta summa atkar\u012bb\u0101 no boj\u0101jumu apm\u0113ra.<\/li>\n<\/ul>\n<\/div>\n<\/div><div class='avia-testimonial-meta'><div class='avia-testimonial-arrow-wrap'><div class='avia-arrow'><\/div><\/div><div class='avia-testimonial-meta-mini'><\/div><\/div><\/div><\/div>\n<\/section><\/div>\n<\/div><\/div><\/div><!-- close content main div --><\/div><\/div><div id='av_section_2' class='avia-section main_color avia-section-default avia-no-shadow avia-full-stretch av-section-color-overlay-active avia-bg-style-scroll    container_wrap sidebar_right' style = 'background-repeat: no-repeat; background-image: url(https:\/\/hookahshop.lt\/wp-content\/uploads\/2020\/11\/FT108751-2.jpg); background-attachment: scroll; background-position: center center; ' data-section-bg-repeat='stretch' ><div class='av-section-color-overlay-wrap'><div class='av-section-color-overlay' style='opacity: 0.7; background-color: #0c0c0c; '><\/div><div class='container' ><div class='template-page content  av-content-small alpha units'><div class='post-entry post-entry-type-page post-entry-14387'><div class='entry-content-wrapper clearfix'>\n<div class=\"flex_column av_two_fifth  flex_column_div av-zero-column-padding first\" style='border-radius:0px; '><p><div style='padding-bottom:10px;color:#ffffff;' class='av-special-heading av-special-heading-h2 custom-color-heading blockquote modern-quote'><h2 class='av-special-heading-tag'  itemprop=\"headline\"  >\u016adensp\u012bpes nomas cenas<\/h2><div class='special-heading-border'><div class='special-heading-inner-border' style='border-color:#ffffff'><\/div><\/div><\/div><br \/>\n<div class='avia-icon-list-container'><ul class='avia-icon-list avia-icon-list-left av-iconlist-big avia_animate_when_almost_visible'>\n<li><div  style='background-color:#303030; border:1px solid #303030; color:#ffffff; ' class='iconlist_icon  avia-font-entypo-fontello'><span class='iconlist-char' aria-hidden='true' data-av_icon='\ue809' data-av_iconfont='entypo-fontello'><\/span><\/div><article class=\"article-icon-entry\"  itemscope=\"itemscope\" itemtype=\"https:\/\/schema.org\/CreativeWork\" ><div class='iconlist_content_wrap'><header class=\"entry-content-header\"><h4 class='av_iconlist_title iconlist_title av_inherit_color'  itemprop=\"headline\"   style='color:#ffffff; '>1-3 dienas<\/h4><\/header><div class='iconlist_content av_inherit_color'  itemprop=\"text\"   style='color:#ededed; '><p>30 \u20ac\/dien\u0101<\/p>\n<\/div><\/div><footer class=\"entry-footer\"><\/footer><\/article><div class='iconlist-timeline'><\/div><\/li>\n<li><div  style='background-color:#303030; border:1px solid #303030; color:#ffffff; ' class='iconlist_icon  avia-font-entypo-fontello'><span class='iconlist-char' aria-hidden='true' data-av_icon='\ue809' data-av_iconfont='entypo-fontello'><\/span><\/div><article class=\"article-icon-entry\"  itemscope=\"itemscope\" itemtype=\"https:\/\/schema.org\/CreativeWork\" ><div class='iconlist_content_wrap'><header class=\"entry-content-header\"><h4 class='av_iconlist_title iconlist_title av_inherit_color'  itemprop=\"headline\"   style='color:#ffffff; '>3-5 dienas<\/h4><\/header><div class='iconlist_content av_inherit_color'  itemprop=\"text\"   style='color:#ededed; '><p>29 \u20ac\/dien\u0101<\/p>\n<\/div><\/div><footer class=\"entry-footer\"><\/footer><\/article><div class='iconlist-timeline'><\/div><\/li>\n<li><div  style='background-color:#303030; border:1px solid #303030; color:#ffffff; ' class='iconlist_icon  avia-font-entypo-fontello'><span class='iconlist-char' aria-hidden='true' data-av_icon='\ue809' data-av_iconfont='entypo-fontello'><\/span><\/div><article class=\"article-icon-entry\"  itemscope=\"itemscope\" itemtype=\"https:\/\/schema.org\/CreativeWork\" ><div class='iconlist_content_wrap'><header class=\"entry-content-header\"><h4 class='av_iconlist_title iconlist_title av_inherit_color'  itemprop=\"headline\"   style='color:#ffffff; '>5 dienas un vair\u0101k<\/h4><\/header><div class='iconlist_content av_inherit_color'  itemprop=\"text\"   style='color:#ededed; '><p>28 \u20ac\/dien\u0101<\/p>\n<\/div><\/div><footer class=\"entry-footer\"><\/footer><\/article><div class='iconlist-timeline'><\/div><\/li>\n<li><div  style='background-color:#303030; border:1px solid #303030; color:#ffffff; ' class='iconlist_icon  avia-font-entypo-fontello'><span class='iconlist-char' aria-hidden='true' data-av_icon='\ue809' data-av_iconfont='entypo-fontello'><\/span><\/div><article class=\"article-icon-entry\"  itemscope=\"itemscope\" itemtype=\"https:\/\/schema.org\/CreativeWork\" ><div class='iconlist_content_wrap'><header class=\"entry-content-header\"><h4 class='av_iconlist_title iconlist_title av_inherit_color'  itemprop=\"headline\"   style='color:#ffffff; '>Dro\u0161\u012bbas nauda<\/h4><\/header><div class='iconlist_content av_inherit_color'  itemprop=\"text\"   style='color:#ededed; '><p>100 eiro vai ID<\/p>\n<\/div><\/div><footer class=\"entry-footer\"><\/footer><\/article><div class='iconlist-timeline'><\/div><\/li>\n<\/ul><\/div><\/p><\/div><div class=\"flex_column av_three_fifth  flex_column_div av-zero-column-padding\" style='border-radius:0px; '><section class=\"avia_codeblock_section  avia_code_block_1\"  itemscope=\"itemscope\" itemtype=\"https:\/\/schema.org\/CreativeWork\" ><div class='avia_codeblock'  itemprop=\"text\" > [avia_codeblock_placeholder uid=&quot;1&quot;] <\/div><\/section><\/div>\n<\/div><\/div><\/div><!-- close content main div --><\/div><\/div><\/div><div id='after_section_2' class='main_color av_default_container_wrap container_wrap sidebar_right'   ><div class='container' ><div class='template-page content  av-content-small alpha units'><div class='post-entry post-entry-type-page post-entry-14387'><div class='entry-content-wrapper clearfix'>\n<div style='padding-bottom:10px;' class='av-special-heading av-special-heading-h2  blockquote modern-quote'><h2 class='av-special-heading-tag'  itemprop=\"headline\"  >\u016adensp\u012bpes nomas komplekts<\/h2><div class='special-heading-border'><div class='special-heading-inner-border' ><\/div><\/div><\/div>\n<div class=\"tabcontainer   top_tab\">\n\n<section class=\"av_tab_section\"  itemscope=\"itemscope\" itemtype=\"https:\/\/schema.org\/CreativeWork\" >    <div data-fake-id=\"#tab-id-1\" class=\"tab active_tab\"  itemprop=\"headline\" ><span class='tab_icon' aria-hidden='true' data-av_icon='\ue8a5' data-av_iconfont='entypo-fontello'><\/span>\u016adensp\u012bpes nomas komplekts<\/div>\n    <div id=\"tab-id-1-container\" class=\"tab_content active_tab_content\">\n        <div class=\"tab_inner_content invers-color\"  itemprop=\"text\" >\n<ul>\n<li class=\"tn-atom\">\u016adensp\u012bpe (mums ir da\u017e\u0101di dizaini);<\/li>\n<li class=\"tn-atom\">Kolba (skaidra, lai par\u0101d\u012btu \u016bdens l\u012bmeni);<\/li>\n<li class=\"tn-atom\">\u0160\u013c\u016btene (silikona melna);<\/li>\n<li class=\"tn-atom\">Kauss (var izv\u0113l\u0113ties no da\u017e\u0101diem veidiem: turku, slepkava vai piltuve);<\/li>\n<li class=\"tn-atom\">Pl\u012bts vai kempingu kr\u0101sns (kokog\u013cu aizdedzin\u0101\u0161anai m\u0101j\u0101s vai \u0101r\u0101);<\/li>\n<li class=\"tn-atom\">Oglek\u013ca 8 gab. (dab\u012bg\u0101s kokosriekstu ogles);<\/li>\n<li>Siltuma kamera;<\/li>\n<li class=\"tn-atom\">Knaibles;<\/li>\n<li>Vienreiz\u0113j\u0101s lieto\u0161anas iemuti;<\/li>\n<li class=\"tn-atom\">Kast\u012bte transport\u0113\u0161anai.<\/li>\n<\/ul>\n\n        <\/div>\n    <\/div>\n<\/section>\n\n<section class=\"av_tab_section\"  itemscope=\"itemscope\" itemtype=\"https:\/\/schema.org\/CreativeWork\" >    <div data-fake-id=\"#tab-id-2\" class=\"tab\"  itemprop=\"headline\" ><span class='tab_icon' aria-hidden='true' data-av_icon='\ue82b' data-av_iconfont='entypo-fontello'><\/span>K\u0101p\u0113c ir noder\u012bga \u016bdensp\u012bpes noma?<\/div>\n    <div id=\"tab-id-2-container\" class=\"tab_content\">\n        <div class=\"tab_inner_content invers-color\"  itemprop=\"text\" >\n<div id=\"rec224781176\" class=\"r t-rec\" data-animationappear=\"off\" data-record-type=\"396\">\n<div class=\"t396\">\n<div class=\"t396__artboard rendered\" data-artboard-recid=\"224781176\" data-artboard-height=\"710\" data-artboard-height-res-320=\"670\" data-artboard-height_vh=\"\" data-artboard-valign=\"center\" data-artboard-ovrflw=\"\" data-artboard-proxy-min-offset-top=\"0\" data-artboard-proxy-min-height=\"710\" data-artboard-proxy-max-height=\"710\">\n<div class=\"t396__elem tn-elem tn-elem__2247811761470209944682\" data-elem-id=\"1470209944682\" data-elem-type=\"text\" data-field-top-value=\"60\" data-field-top-res-320-value=\"25\" data-field-left-value=\"20\" data-field-left-res-320-value=\"10\" data-field-width-value=\"1230\" data-field-width-res-320-value=\"320\" data-field-axisy-value=\"top\" data-field-axisx-value=\"left\" data-field-container-value=\"grid\" data-field-topunits-value=\"\" data-field-leftunits-value=\"\" data-field-heightunits-value=\"\" data-field-widthunits-value=\"\" data-fields=\"top,left,width,container,axisx,axisy,widthunits,leftunits,topunits\">\n<div>\u016adensp\u012bpes noma ir lielisks risin\u0101jums, ja v\u0113laties izm\u0113\u0123in\u0101t \u016bdensp\u012bpi vai vienk\u0101r\u0161i izbaud\u012bt \u016bdensp\u012bpi, izmantojot \u016bdensp\u012bpes nomas priek\u0161roc\u012bbas.<\/div>\n<div class=\"tn-atom\">\u016adensp\u012bpes noma ir lielisks risin\u0101jums ball\u012btei, romantiskam randi\u0146am vai atp\u016btai vienatn\u0113 p\u0113c dienas darba.<\/div>\n<\/div>\n<div class=\"t396__elem tn-elem tn-elem__2247811761470233923389\" data-elem-id=\"1470233923389\" data-elem-type=\"text\" data-field-top-value=\"175\" data-field-top-res-320-value=\"160\" data-field-left-value=\"20\" data-field-left-res-320-value=\"10\" data-field-width-value=\"1130\" data-field-width-res-320-value=\"300\" data-field-axisy-value=\"top\" data-field-axisx-value=\"left\" data-field-container-value=\"grid\" data-field-topunits-value=\"\" data-field-leftunits-value=\"\" data-field-heightunits-value=\"\" data-field-widthunits-value=\"\" data-fields=\"top,left,width,container,axisx,axisy,widthunits,leftunits,topunits\">\n<div class=\"tn-atom\">Kvalitat\u012bvs produkts ir diezgan d\u0101rgs. Nav nepiecie\u0161ams ieg\u0101d\u0101ties l\u0113tu un zemas kvalit\u0101tes ier\u012bci, ja varat vienk\u0101r\u0161i iznom\u0101t pilnu komplektu un bez raiz\u0113m izbaud\u012bt sesiju.<br \/>\nTurkl\u0101t \u0161is pakalpojums ir \u0113rts, ja dz\u012bves telpa ir ierobe\u017eota, jo \u016bdensp\u012bpe netiek izmantota past\u0101v\u012bgi, tad p\u0101r\u0113j\u0101 laik\u0101 t\u0101 vienk\u0101r\u0161i aiz\u0146em vietu m\u0101j\u0101.<br \/>\nAr\u012b \u0161is pakalpojums \u013cauj izm\u0113\u0123in\u0101t da\u017e\u0101das \u016bdensp\u012bpes un pal\u012bdz\u0113t izlemt par iesp\u0113jamu ier\u012bces ieg\u0101di n\u0101kotn\u0113.<br \/>\nJ\u016bs sa\u0146emat pilnu komplektu par pie\u0146emamu cenu un lietojat to, un, kad ier\u012bce vairs nav nepiecie\u0161ama, j\u016bs to vienk\u0101r\u0161i atdodat mums.<\/div>\n<\/div>\n<\/div>\n<\/div>\n<\/div>\n\n        <\/div>\n    <\/div>\n<\/section>\n\n<section class=\"av_tab_section\"  itemscope=\"itemscope\" itemtype=\"https:\/\/schema.org\/CreativeWork\" >    <div data-fake-id=\"#tab-id-3\" class=\"tab\"  itemprop=\"headline\" ><span class='tab_icon' aria-hidden='true' data-av_icon='\ue842' data-av_iconfont='entypo-fontello'><\/span>\u016adensp\u012bpes noma Vi\u013c\u0146\u0101 - kur un k\u0101 \u012br\u0113t?<\/div>\n    <div id=\"tab-id-3-container\" class=\"tab_content\">\n        <div class=\"tab_inner_content invers-color\"  itemprop=\"text\" >\n<div class=\"t396__elem tn-elem tn-elem__2247811781470209944682\" data-elem-id=\"1470209944682\" data-elem-type=\"text\" data-field-top-value=\"60\" data-field-top-res-320-value=\"19\" data-field-left-value=\"20\" data-field-left-res-320-value=\"10\" data-field-width-value=\"1230\" data-field-width-res-320-value=\"320\" data-field-axisy-value=\"top\" data-field-axisx-value=\"left\" data-field-container-value=\"grid\" data-field-topunits-value=\"\" data-field-leftunits-value=\"\" data-field-heightunits-value=\"\" data-field-widthunits-value=\"\" data-fields=\"top,left,width,container,axisx,axisy,widthunits,leftunits,topunits\">\n<div><strong>Sazinies ar mums<\/strong> \u016bdensp\u012bpes nomai varat:<\/div>\n<ul>\n<li>Izmantojot \u012bpa\u0161o veidlapu sada\u013c\u0101 - &quot;<a href=\"https:\/\/hookahshop.lt\/lv\/kontaktiem\/\">Kontakti<\/a>&#8222;.<\/li>\n<li>Zvana - <a href=\"tel:+37069226633\">+37069226633<\/a><\/li>\n<\/ul>\n<div><\/div>\n<div class=\"tn-atom\"><b>\u012are<\/b> \u016adensp\u012bpes komplektu varat ieg\u0101d\u0101ties:<\/div>\n<\/div>\n<div class=\"t396__elem tn-elem tn-elem__2247811781598628080464\" data-elem-id=\"1598628080464\" data-elem-type=\"text\" data-field-top-value=\"220\" data-field-top-res-320-value=\"203\" data-field-left-value=\"20\" data-field-left-res-320-value=\"10\" data-field-width-value=\"1130\" data-field-width-res-320-value=\"300\" data-field-axisy-value=\"top\" data-field-axisx-value=\"left\" data-field-container-value=\"grid\" data-field-topunits-value=\"\" data-field-leftunits-value=\"\" data-field-heightunits-value=\"\" data-field-widthunits-value=\"\" data-fields=\"top,left,width,container,axisx,axisy,widthunits,leftunits,topunits\">\n<div class=\"tn-atom\">Vi\u013c\u0146a: AJ Povila\u010dio str. 14.<\/div>\n<div class=\"tn-atom\">Vi\u013c\u0146a: Kedr\u0173 str. 3<\/div>\n<div><\/div>\n<div><\/div>\n<div class=\"tn-atom\"><strong>Atgriezties<\/strong> \u016bdensp\u012bpes komplekts ir nepiecie\u0161ams taj\u0101 pa\u0161\u0101 viet\u0101, no kuras j\u016bs to pa\u0146\u0113m\u0101t.<\/div>\n<\/div>\n\n        <\/div>\n    <\/div>\n<\/section>\n\n<section class=\"av_tab_section\"  itemscope=\"itemscope\" itemtype=\"https:\/\/schema.org\/CreativeWork\" >    <div data-fake-id=\"#tab-id-4\" class=\"tab\"  itemprop=\"headline\" ><span class='tab_icon' aria-hidden='true' data-av_icon='\ue842' data-av_iconfont='entypo-fontello'><\/span>\u016adensp\u012bpes noma Kau\u0146\u0101<\/div>\n    <div id=\"tab-id-4-container\" class=\"tab_content\">\n        <div class=\"tab_inner_content invers-color\"  itemprop=\"text\" >\n<div class=\"t396__elem tn-elem tn-elem__2247811781470209944682\" data-elem-id=\"1470209944682\" data-elem-type=\"text\" data-field-top-value=\"60\" data-field-top-res-320-value=\"19\" data-field-left-value=\"20\" data-field-left-res-320-value=\"10\" data-field-width-value=\"1230\" data-field-width-res-320-value=\"320\" data-field-axisy-value=\"top\" data-field-axisx-value=\"left\" data-field-container-value=\"grid\" data-field-topunits-value=\"\" data-field-leftunits-value=\"\" data-field-heightunits-value=\"\" data-field-widthunits-value=\"\" data-fields=\"top,left,width,container,axisx,axisy,widthunits,leftunits,topunits\">\n<div><strong>Sazinies ar mums<\/strong> \u016bdensp\u012bpes nomai varat:<\/div>\n<ul>\n<li>Izmantojot \u012bpa\u0161o veidlapu sada\u013c\u0101 - &quot;<a href=\"https:\/\/hookahshop.lt\/lv\/kontaktiem\/\">Kontakti<\/a>&#8222;.<\/li>\n<li>Zvana - <a href=\"tel:+37069226633\">+37069226633<\/a><\/li>\n<\/ul>\n<\/div>\n<div class=\"t396__elem tn-elem tn-elem__2247811781598628080464\" data-elem-id=\"1598628080464\" data-elem-type=\"text\" data-field-top-value=\"220\" data-field-top-res-320-value=\"203\" data-field-left-value=\"20\" data-field-left-res-320-value=\"10\" data-field-width-value=\"1130\" data-field-width-res-320-value=\"300\" data-field-axisy-value=\"top\" data-field-axisx-value=\"left\" data-field-container-value=\"grid\" data-field-topunits-value=\"\" data-field-leftunits-value=\"\" data-field-heightunits-value=\"\" data-field-widthunits-value=\"\" data-fields=\"top,left,width,container,axisx,axisy,widthunits,leftunits,topunits\">\n<div class=\"tn-atom\">\u0160aj\u0101 pils\u0113t\u0101 m\u0113s pieg\u0101d\u0101jam jums \u016bdensp\u012bpi norun\u0101taj\u0101 viet\u0101.<\/div>\n<div><\/div>\n<div><\/div>\n<div class=\"tn-atom\"><strong>Atgriezties<\/strong> \u016bdensp\u012bpes komplekts ir nepiecie\u0161ams taj\u0101 pa\u0161\u0101 viet\u0101, no kuras j\u016bs to pa\u0146\u0113m\u0101t.<\/div>\n<\/div>\n\n        <\/div>\n    <\/div>\n<\/section>\n\n<\/div>","protected":false},"excerpt":{"rendered":"","protected":false},"author":1,"featured_media":0,"parent":0,"menu_order":0,"comment_status":"closed","ping_status":"closed","template":"","meta":[],"_links":{"self":[{"href":"https:\/\/hookahshop.lt\/lv\/wp-json\/wp\/v2\/pages\/14387"}],"collection":[{"href":"https:\/\/hookahshop.lt\/lv\/wp-json\/wp\/v2\/pages"}],"about":[{"href":"https:\/\/hookahshop.lt\/lv\/wp-json\/wp\/v2\/types\/page"}],"author":[{"embeddable":true,"href":"https:\/\/hookahshop.lt\/lv\/wp-json\/wp\/v2\/users\/1"}],"replies":[{"embeddable":true,"href":"https:\/\/hookahshop.lt\/lv\/wp-json\/wp\/v2\/comments?post=14387"}],"version-history":[{"count":30,"href":"https:\/\/hookahshop.lt\/lv\/wp-json\/wp\/v2\/pages\/14387\/revisions"}],"predecessor-version":[{"id":42790,"href":"https:\/\/hookahshop.lt\/lv\/wp-json\/wp\/v2\/pages\/14387\/revisions\/42790"}],"wp:attachment":[{"href":"https:\/\/hookahshop.lt\/lv\/wp-json\/wp\/v2\/media?parent=14387"}],"curies":[{"name":"wp","href":"https:\/\/api.w.org\/{rel}","templated":true}]}}