{"id":14467,"date":"2020-11-17T16:49:12","date_gmt":"2020-11-17T14:49:12","guid":{"rendered":"https:\/\/hookahshop.lt\/?page_id=14467"},"modified":"2024-04-17T23:28:36","modified_gmt":"2024-04-17T20:28:36","slug":"kaljanai-sventei-arba-renginiui","status":"publish","type":"page","link":"https:\/\/hookahshop.lt\/lv\/udenspipe-ballitei-vai-pasakumam\/","title":{"rendered":"\u016adensp\u012bpe svin\u012bb\u0101m vai pas\u0101kumam"},"content":{"rendered":"<\/div><\/div><\/div><!-- close content main div --><\/div><\/div><div id='av_section_1' class='avia-section main_color avia-section-default avia-no-shadow avia-full-stretch av-section-color-overlay-active avia-bg-style-fixed    container_wrap sidebar_right' style = 'background-repeat: no-repeat; background-image: url(https:\/\/hookahshop.lt\/wp-content\/uploads\/2020\/11\/kaljanu-nuoma-vilniuje-scaled.jpg); background-attachment: fixed; background-position: center center; ' data-section-bg-repeat='stretch' ><div class='av-section-color-overlay-wrap'><div class='av-section-color-overlay' style='opacity: 0.6; background-color: #0c0c0c; '><\/div><div class='container' ><div class='template-page content  av-content-small alpha units'><div class='post-entry post-entry-type-page post-entry-14467'><div class='entry-content-wrapper clearfix'>\n<div style='padding-bottom:30px;color:#ffffff;font-size:70px;' class='av-special-heading av-special-heading-h1 custom-color-heading blockquote modern-quote modern-centered   av-inherit-size'><h1 class='av-special-heading-tag'  itemprop=\"headline\"  >\u016aDENSP\u012aPE SV\u0112TKIEM VAI PAS\u0100KUMAM<\/h1><div class='special-heading-border'><div class='special-heading-inner-border' style='border-color:#ffffff'><\/div><\/div><\/div>\n<\/div><\/div><\/div><!-- close content main div --><\/div><\/div><\/div><div id='after_section_1' class='main_color av_default_container_wrap container_wrap sidebar_right'   ><div class='container' ><div class='template-page content  av-content-small alpha units'><div class='post-entry post-entry-type-page post-entry-14467'><div class='entry-content-wrapper clearfix'>\n<section class=\"av_textblock_section\"  itemscope=\"itemscope\" itemtype=\"https:\/\/schema.org\/CreativeWork\" ><div class='avia_textblock'   itemprop=\"text\" ><p>Vai tuvojas svin\u012bbas, draugu vai uz\u0146\u0113muma ball\u012bte, dzim\u0161anas diena, k\u0101zas vai cits \u012bpa\u0161s gad\u012bjums? M\u0113s pied\u0101v\u0101jam ekskluz\u012bvu j\u016bsu sv\u0113tku akcentu - \u016bdensp\u012bpes nomu. \u016adensp\u012bpe svin\u012bb\u0101m vai pas\u0101kumam b\u016bs lielisks akcents j\u016bsu svin\u012bb\u0101m. \u016adensp\u012bpe ir vair\u0101k nek\u0101 labi d\u016bmi vai regul\u0101ra izklaide. M\u0113s ne\u0161aub\u0101mies, ka \u016bdensp\u012bpes pie\u0161\u0137irs ekskluzivit\u0101ti jebkuram gad\u012bjumam un rad\u012bs m\u0101j\u012bgu sv\u0113tku atmosf\u0113ru.<\/p>\n<p><strong>\u016adensp\u012bpes noma ir pieejama \u0161\u0101d\u0101s pils\u0113t\u0101s un re\u0123ionos:<\/strong> Vi\u013c\u0146a, Kau\u0146a, Tra\u0137i, Mol\u0113ti, Utena, \u0160al\u010dininkai, Ukmer\u0123e, Panev\u0113\u017ea, Kedai\u0146i, Bir\u0161tona, Prienai, An\u012bk\u0161\u010di, Roki\u0161\u0137i, Al\u012bta, Druskininkai. Vai nevarat atrast savu pils\u0113tu? Raksti mums!<\/p>\n<ul>\n<li>Vai v\u0113laties redz\u0113t m\u016bsu pied\u0101v\u0101jumus?<\/li>\n<li>Sazinieties ar mums pa e-pastu: <a href=\"mailto:info@hookahshop.lt\">info@hookahshop.lt<\/a><\/li>\n<\/ul>\n<p>J\u016bs varat piepras\u012bt \u016bdensp\u012bpes nomu k\u0101z\u0101m vai cit\u0101m svin\u012bb\u0101m <a href=\"https:\/\/hookahshop.lt\/lv\/kontaktiem\/\">Kontakti<\/a>\u00a0sleja. Pla\u0161\u0101ku inform\u0101ciju varat atrast m\u016bsu facebook kont\u0101\u00a0<a href=\"https:\/\/www.facebook.com\/kaljanunuoma\/\" target=\"_blank\" rel=\"noopener\">Hookahgo.lt<\/a>\u00a0vai pa t\u0101lruni <a href=\"tel:+37069226633\">+370 69226633<\/a>.<\/p>\n<\/div><\/section>\n<div style='padding-bottom:10px;' class='av-special-heading av-special-heading-h2  blockquote modern-quote'><h2 class='av-special-heading-tag'  itemprop=\"headline\"  >\u016adensp\u012bpe svin\u012bb\u0101m vai notikumam - s\u012bk\u0101k<\/h2><div class='special-heading-border'><div class='special-heading-inner-border' ><\/div><\/div><\/div>\n<div class=\"tabcontainer   top_tab\">\n\n<section class=\"av_tab_section\"  itemscope=\"itemscope\" itemtype=\"https:\/\/schema.org\/CreativeWork\" >    <div data-fake-id=\"#tab-id-1\" class=\"tab active_tab\"  itemprop=\"headline\" ><span class='tab_icon' aria-hidden='true' data-av_icon='\uf101' data-av_iconfont='flaticon-sports'><\/span>\u016adensp\u012bpes noma ar \u016bdensp\u012bpes meistaru<\/div>\n    <div id=\"tab-id-1-container\" class=\"tab_content active_tab_content\">\n        <div class=\"tab_inner_content invers-color\"  itemprop=\"text\" >\n<ul>\n<li>IERA\u0160AN\u0100S. M\u0113s ierad\u012bsimies j\u016bsu svin\u012bbu viet\u0101 un profesion\u0101li sagatavosim un uztur\u0113sim \u016bdensp\u012bpi, lai j\u016bs mier\u012bgi var\u0113tu izbaud\u012bt gardu \u016bdensp\u012bpes seansu.<\/li>\n<li>KAUSS. Ir iesp\u0113ja izv\u0113l\u0113ties klasisku \u016bdensp\u012bpes sagatavo\u0161anu - m\u0101la kr\u016bz\u0113 vai eksotisku - aug\u013cu kr\u016bz\u012bt\u0113 (anan\u0101ss, greipfr\u016bts utt.).<\/li>\n<li>INTENSIT\u0100TE. Atkar\u012bb\u0101 no j\u016bsu vajadz\u012bb\u0101m m\u0113s izv\u0113lamies sesijas intensit\u0101ti - no vieglas vilk\u0161anas l\u012bdz sp\u0113c\u012bg\u0101kai. T\u0101p\u0113c tas ir lieliski piem\u0113rots gan ies\u0101c\u0113jiem, gan \u016bdensp\u012bpes cien\u012bt\u0101jiem.<\/li>\n<li>GAR\u0160A. M\u0113s pied\u0101v\u0101jam visda\u017e\u0101d\u0101k\u0101s gar\u0161as: no svaigas piparm\u0113tras, saldiem tropu aug\u013ciem, sk\u0101biem citrusaug\u013ciem l\u012bdz desertu gar\u0161\u0101m.<\/li>\n<li>\u0100KI UN PIEDERUMI. M\u0113s izmantojam augst\u0101k\u0101s klases \u016bdensp\u012bpes, kvalitat\u012bvas piedevas un dab\u012bgu kokosriekstu kokogli.<\/li>\n<\/ul>\n\n        <\/div>\n    <\/div>\n<\/section>\n\n<section class=\"av_tab_section\"  itemscope=\"itemscope\" itemtype=\"https:\/\/schema.org\/CreativeWork\" >    <div data-fake-id=\"#tab-id-2\" class=\"tab\"  itemprop=\"headline\" ><span class='tab_icon' aria-hidden='true' data-av_icon='\ue858' data-av_iconfont='entypo-fontello'><\/span>\u016adensp\u012bpes apr\u012bkojuma noma<\/div>\n    <div id=\"tab-id-2-container\" class=\"tab_content\">\n        <div class=\"tab_inner_content invers-color\"  itemprop=\"text\" >\n<div id=\"rec224781176\" class=\"r t-rec\" data-animationappear=\"off\" data-record-type=\"396\">\n<div class=\"t396\">\n<div class=\"t396__artboard rendered\" data-artboard-recid=\"224781176\" data-artboard-height=\"710\" data-artboard-height-res-320=\"670\" data-artboard-height_vh=\"\" data-artboard-valign=\"center\" data-artboard-ovrflw=\"\" data-artboard-proxy-min-offset-top=\"0\" data-artboard-proxy-min-height=\"710\" data-artboard-proxy-max-height=\"710\">\n<div class=\"t396__elem tn-elem tn-elem__2247811761470209944682\" data-elem-id=\"1470209944682\" data-elem-type=\"text\" data-field-top-value=\"60\" data-field-top-res-320-value=\"25\" data-field-left-value=\"20\" data-field-left-res-320-value=\"10\" data-field-width-value=\"1230\" data-field-width-res-320-value=\"320\" data-field-axisy-value=\"top\" data-field-axisx-value=\"left\" data-field-container-value=\"grid\" data-field-topunits-value=\"\" data-field-leftunits-value=\"\" data-field-heightunits-value=\"\" data-field-widthunits-value=\"\" data-fields=\"top,left,width,container,axisx,axisy,widthunits,leftunits,topunits\">\n<div class=\"tn-atom\">M\u0113s \u012br\u0113jam augstas kvalit\u0101tes \u016bdensp\u012bpes un to piederumus.<\/div>\n<div>\u016adensp\u012bpe svin\u012bb\u0101m vai notikumam vienm\u0113r pie\u0161\u0137ir svin\u012bb\u0101m liel\u0101ku da\u017e\u0101d\u012bbu. Ja esat \u016bdensp\u012bpes cien\u012bt\u0101js un v\u0113laties dal\u012bties sav\u0101s prasm\u0113s ar draugiem - lieliska izv\u0113le, iznom\u0101jot \u016bdensp\u012bpi un t\u0101s piederumus.<\/div>\n<div><\/div>\n<\/div>\n<div class=\"t396__elem tn-elem tn-elem__2247811761470233923389\" data-elem-id=\"1470233923389\" data-elem-type=\"text\" data-field-top-value=\"175\" data-field-top-res-320-value=\"160\" data-field-left-value=\"20\" data-field-left-res-320-value=\"10\" data-field-width-value=\"1130\" data-field-width-res-320-value=\"300\" data-field-axisy-value=\"top\" data-field-axisx-value=\"left\" data-field-container-value=\"grid\" data-field-topunits-value=\"\" data-field-leftunits-value=\"\" data-field-heightunits-value=\"\" data-field-widthunits-value=\"\" data-fields=\"top,left,width,container,axisx,axisy,widthunits,leftunits,topunits\"><\/div>\n<\/div>\n<\/div>\n<\/div>\n\n        <\/div>\n    <\/div>\n<\/section>\n\n<section class=\"av_tab_section\"  itemscope=\"itemscope\" itemtype=\"https:\/\/schema.org\/CreativeWork\" >    <div data-fake-id=\"#tab-id-3\" class=\"tab\"  itemprop=\"headline\" ><span class='tab_icon' aria-hidden='true' data-av_icon='\ue80b' data-av_iconfont='entypo-fontello'><\/span>K\u0101p\u0113c izv\u0113l\u0113ties HookahGO?<\/div>\n    <div id=\"tab-id-3-container\" class=\"tab_content\">\n        <div class=\"tab_inner_content invers-color\"  itemprop=\"text\" >\n<ul>\n<li>Profesion\u0101lu \u016bdensp\u012bpes meistaru serviss.<\/li>\n<li>Klientu v\u0113lmes tiek apspriestas individu\u0101li.<\/li>\n<li>M\u0113s ierodamies ar \u016bdensp\u012bp\u0113m un to piederumiem vis\u0101 Lietuvas teritorij\u0101.<\/li>\n<li>M\u0113s izmantojam augstas kvalit\u0101tes \u016bdensp\u012bpes un to piederumus.<\/li>\n<\/ul>\n\n        <\/div>\n    <\/div>\n<\/section>\n\n<\/div>\n\n<\/div><\/div><\/div><!-- close content main div --><\/div><\/div><div id='av_section_2' class='avia-section main_color avia-section-default avia-no-shadow avia-full-stretch av-section-color-overlay-active avia-bg-style-scroll    container_wrap sidebar_right' style = 'background-repeat: no-repeat; background-image: url(https:\/\/hookahshop.lt\/wp-content\/uploads\/2020\/11\/FT108751-2.jpg); background-attachment: scroll; background-position: center center; ' data-section-bg-repeat='stretch' ><div class='av-section-color-overlay-wrap'><div class='av-section-color-overlay' style='opacity: 0.7; background-color: #0c0c0c; '><\/div><div class='container' ><div class='template-page content  av-content-small alpha units'><div class='post-entry post-entry-type-page post-entry-14467'><div class='entry-content-wrapper clearfix'>\n<div class=\"flex_column av_one_half  flex_column_div av-zero-column-padding first\" style='border-radius:0px; '><p><div style='padding-bottom:10px;color:#ffffff;' class='av-special-heading av-special-heading-h2 custom-color-heading blockquote modern-quote'><h2 class='av-special-heading-tag'  itemprop=\"headline\"  >Sazinieties ar mums, lai ieg\u016btu vair\u0101k inform\u0101cijas un sadarb\u012bbas nosac\u012bjumus<\/h2><div class='special-heading-border'><div class='special-heading-inner-border' style='border-color:#ffffff'><\/div><\/div><\/div><br \/>\n<div class='avia-icon-list-container'><ul class='avia-icon-list avia-icon-list-left av-iconlist-big avia_animate_when_almost_visible'>\n<li><div  style='background-color:#303030; border:1px solid #303030; color:#ffffff; ' class='iconlist_icon  avia-font-entypo-fontello'><span class='iconlist-char' aria-hidden='true' data-av_icon='\ue809' data-av_iconfont='entypo-fontello'><\/span><\/div><article class=\"article-icon-entry\"  itemscope=\"itemscope\" itemtype=\"https:\/\/schema.org\/CreativeWork\" ><div class='iconlist_content_wrap'><header class=\"entry-content-header\"><h4 class='av_iconlist_title iconlist_title av_inherit_color'  itemprop=\"headline\"   style='color:#ffffff; '>E. pasts<\/h4><\/header><div class='iconlist_content av_inherit_color'  itemprop=\"text\"   style='color:#ededed; '><p><a href=\"mailto:info@hookahshop.lt\">info@hookahshop.lt<\/a><\/p>\n<\/div><\/div><footer class=\"entry-footer\"><\/footer><\/article><div class='iconlist-timeline'><\/div><\/li>\n<li><div  style='background-color:#303030; border:1px solid #303030; color:#ffffff; ' class='iconlist_icon  avia-font-entypo-fontello'><span class='iconlist-char' aria-hidden='true' data-av_icon='\ue809' data-av_iconfont='entypo-fontello'><\/span><\/div><article class=\"article-icon-entry\"  itemscope=\"itemscope\" itemtype=\"https:\/\/schema.org\/CreativeWork\" ><div class='iconlist_content_wrap'><header class=\"entry-content-header\"><h4 class='av_iconlist_title iconlist_title av_inherit_color'  itemprop=\"headline\"   style='color:#ffffff; '>Telefona numurs<\/h4><\/header><div class='iconlist_content av_inherit_color'  itemprop=\"text\"   style='color:#ededed; '><p><a href=\"tel:+37069226633\">+370 69226633<\/a><\/p>\n<\/div><\/div><footer class=\"entry-footer\"><\/footer><\/article><div class='iconlist-timeline'><\/div><\/li>\n<li><div  style='background-color:#303030; border:1px solid #303030; color:#ffffff; ' class='iconlist_icon  avia-font-entypo-fontello'><span class='iconlist-char' aria-hidden='true' data-av_icon='\ue809' data-av_iconfont='entypo-fontello'><\/span><\/div><article class=\"article-icon-entry\"  itemscope=\"itemscope\" itemtype=\"https:\/\/schema.org\/CreativeWork\" ><div class='iconlist_content_wrap'><header class=\"entry-content-header\"><h4 class='av_iconlist_title iconlist_title av_inherit_color'  itemprop=\"headline\"   style='color:#ffffff; '>Adrese<\/h4><\/header><div class='iconlist_content av_inherit_color'  itemprop=\"text\"   style='color:#ededed; '><p>Architekt\u0173 87 g. Vilnius<\/p>\n<\/div><\/div><footer class=\"entry-footer\"><\/footer><\/article><div class='iconlist-timeline'><\/div><\/li>\n<\/ul><\/div><\/p><\/div><div class=\"flex_column av_one_half  flex_column_div av-zero-column-padding\" style='border-radius:0px; '><div class='avia-image-container  av-styling-     avia-align-center'  itemscope=\"itemscope\" itemtype=\"https:\/\/schema.org\/ImageObject\"  ><div class='avia-image-container-inner'><img class='avia_image' src='https:\/\/hookahshop.lt\/wp-content\/uploads\/2021\/01\/Kaljanai-\u0161ventei-arba-renginiui.jpg' alt='\u016adensp\u012bpe svin\u012bb\u0101m vai pas\u0101kumam' title='\u016adensp\u012bpe svin\u012bb\u0101m vai pas\u0101kumam'   itemprop=\"thumbnailUrl\"  \/><\/div><\/div><\/div>\n<\/div><\/div><\/div><!-- close content main div --><\/div><\/div><\/div><div id='after_section_2' class='main_color av_default_container_wrap container_wrap sidebar_right'   ><div class='container' ><div class='template-page content  av-content-small alpha units'><div class='post-entry post-entry-type-page post-entry-14467'><div class='entry-content-wrapper clearfix'>","protected":false},"excerpt":{"rendered":"","protected":false},"author":1,"featured_media":17736,"parent":0,"menu_order":0,"comment_status":"closed","ping_status":"closed","template":"","meta":[],"_links":{"self":[{"href":"https:\/\/hookahshop.lt\/lv\/wp-json\/wp\/v2\/pages\/14467"}],"collection":[{"href":"https:\/\/hookahshop.lt\/lv\/wp-json\/wp\/v2\/pages"}],"about":[{"href":"https:\/\/hookahshop.lt\/lv\/wp-json\/wp\/v2\/types\/page"}],"author":[{"embeddable":true,"href":"https:\/\/hookahshop.lt\/lv\/wp-json\/wp\/v2\/users\/1"}],"replies":[{"embeddable":true,"href":"https:\/\/hookahshop.lt\/lv\/wp-json\/wp\/v2\/comments?post=14467"}],"version-history":[{"count":10,"href":"https:\/\/hookahshop.lt\/lv\/wp-json\/wp\/v2\/pages\/14467\/revisions"}],"predecessor-version":[{"id":39222,"href":"https:\/\/hookahshop.lt\/lv\/wp-json\/wp\/v2\/pages\/14467\/revisions\/39222"}],"wp:featuredmedia":[{"embeddable":true,"href":"https:\/\/hookahshop.lt\/lv\/wp-json\/wp\/v2\/media\/17736"}],"wp:attachment":[{"href":"https:\/\/hookahshop.lt\/lv\/wp-json\/wp\/v2\/media?parent=14467"}],"curies":[{"name":"wp","href":"https:\/\/api.w.org\/{rel}","templated":true}]}}