{"id":14473,"date":"2020-11-17T17:00:11","date_gmt":"2020-11-17T15:00:11","guid":{"rendered":"https:\/\/hookahshop.lt\/?page_id=14473"},"modified":"2021-12-14T03:14:17","modified_gmt":"2021-12-14T01:14:17","slug":"kaljanu-paslaugu-tiekejams","status":"publish","type":"page","link":"https:\/\/hookahshop.lt\/lv\/udenspipe-pakalpojumu-piegadatajiem\/","title":{"rendered":"\u016adensp\u012bpes pakalpojumu sniedz\u0113ji"},"content":{"rendered":"<\/div><\/div><\/div><!-- close content main div --><\/div><\/div><div id='av_section_1' class='avia-section main_color avia-section-default avia-no-shadow avia-full-stretch av-section-color-overlay-active avia-bg-style-fixed    container_wrap sidebar_right' style = 'background-repeat: no-repeat; background-image: url(https:\/\/hookahshop.lt\/wp-content\/uploads\/2020\/11\/kaljanu-nuoma-vilniuje-scaled.jpg); background-attachment: fixed; background-position: center center; ' data-section-bg-repeat='stretch' ><div class='av-section-color-overlay-wrap'><div class='av-section-color-overlay' style='opacity: 0.6; background-color: #0c0c0c; '><\/div><div class='container' ><div class='template-page content  av-content-small alpha units'><div class='post-entry post-entry-type-page post-entry-14473'><div class='entry-content-wrapper clearfix'>\n<div style='padding-bottom:30px;color:#ffffff;font-size:70px;' class='av-special-heading av-special-heading-h1 custom-color-heading blockquote modern-quote modern-centered   av-inherit-size'><h1 class='av-special-heading-tag'  itemprop=\"headline\"  >\u016aPES PAKALPOJUMU SNIEDZ\u0112T\u0100JIEM<\/h1><div class='special-heading-border'><div class='special-heading-inner-border' style='border-color:#ffffff'><\/div><\/div><\/div>\n<\/div><\/div><\/div><!-- close content main div --><\/div><\/div><\/div><div id='after_section_1' class='main_color av_default_container_wrap container_wrap sidebar_right'   ><div class='container' ><div class='template-page content  av-content-small alpha units'><div class='post-entry post-entry-type-page post-entry-14473'><div class='entry-content-wrapper clearfix'>\n<section class=\"av_textblock_section\"  itemscope=\"itemscope\" itemtype=\"https:\/\/schema.org\/CreativeWork\" ><div class='avia_textblock'   itemprop=\"text\" ><h2>\u016aPES PAKALPOJUMU SNIEDZ\u0112T\u0100JIEM<\/h2>\n<p><strong>Vai pl\u0101nojat jaunu biznesu vai jums ir b\u0101rs, klubs vai terase?<\/strong><\/p>\n<ul>\n<li>M\u0113s pied\u0101v\u0101jam specializ\u0113tas biznesa konsult\u0101cijas \u016bdensp\u012bpes pakalpojumu sniedz\u0113jiem \u016bdensp\u012bpes jom\u0101.<\/li>\n<li>Pied\u0101v\u0101jam konsult\u0101cijas par juridiskiem aspektiem \u016bdensp\u012bpju jom\u0101.<\/li>\n<li>M\u0113s pal\u012bdzam organiz\u0113t \u016bdensp\u012bpes pakalpojumu pieg\u0101di un sagatavo\u0161anu, un papildu apgroz\u012bjums un pe\u013c\u0146a paliek jums.<\/li>\n<li>Sagatavojam lab\u0101kos pied\u0101v\u0101jumus kvalitat\u012bvas tehnikas ieg\u0101dei.<\/li>\n<li>Ir iesp\u0113ja pas\u016bt\u012bt individu\u0101las \u016bdensp\u012bpes atbilsto\u0161i J\u016bsu biznesam, dizaina koncepcijai.<\/li>\n<li>Nodro\u0161in\u0101m iesp\u0113ju ieg\u0101d\u0101ties ogles, iemuti un citus aktu\u0101los piederumus lielos daudzumos par zem\u0101ku cenu.<\/li>\n<li>M\u0113s nodro\u0161in\u0101m profesion\u0101lu \u016bdensp\u012bpes meistaru apm\u0101c\u012bbu j\u016bsu darbiniekam.<\/li>\n<li>M\u0113s dodam \u016bdensp\u012bpes sp\u0113l\u0113t\u0101jam priorit\u0101ru piek\u013cuvi jaunam m\u0101c\u012bbu materi\u0101lam.<\/li>\n<li>Izv\u0113loties k\u0101du no pied\u0101v\u0101tajiem pl\u0101niem, J\u016bs sa\u0146emsiet papildus atbalstu un kontroli p\u0101r \u016bdensp\u012bpes m\u0101kslinieka darba kvalit\u0101ti.<\/li>\n<\/ul>\n<p>J\u016bs varat piepras\u012bt \u016bdensp\u012bpes nomu\u00a0<a href=\"https:\/\/hookahshop.lt\/lv\/kontaktiem\/\">Kontakti<\/a>\u00a0sleja. Pla\u0161\u0101ku inform\u0101ciju varat atrast m\u016bsu facebook kont\u0101\u00a0<a href=\"https:\/\/www.facebook.com\/kaljanunuoma\/\" target=\"_blank\" rel=\"noopener\">Hookahgo.lt<\/a>\u00a0vai pa t\u0101lruni +370 69226633.<\/p>\n<\/div><\/section>\n<div class=\"tabcontainer   top_tab\">\n\n<section class=\"av_tab_section\"  itemscope=\"itemscope\" itemtype=\"https:\/\/schema.org\/CreativeWork\" >    <div data-fake-id=\"#tab-id-1\" class=\"tab active_tab\"  itemprop=\"headline\" ><span class='tab_icon' aria-hidden='true' data-av_icon='\ue8a5' data-av_iconfont='entypo-fontello'><\/span>Vai jums ir \u016bdensp\u012bpes klubs un mekl\u0113jat pieg\u0101d\u0101t\u0101jus?<\/div>\n    <div id=\"tab-id-1-container\" class=\"tab_content active_tab_content\">\n        <div class=\"tab_inner_content invers-color\"  itemprop=\"text\" >\n<ul>\n<li>Pied\u0101v\u0101jam izdev\u012bgus noteikumus un cenas pre\u010du ieg\u0101dei.<\/li>\n<li>Pied\u0101v\u0101jam pirm\u0101s nepiecie\u0161am\u012bbas preces (og\u013chidr\u0101tus, iemuti u.c. aksesu\u0101rus) lielos daudzumos par \u012bpa\u0161u cenu.<\/li>\n<li>Pied\u0101v\u0101jam profesion\u0101las, lielas jaudas oglek\u013ca apkures iek\u0101rtas.<\/li>\n<li>M\u0113s pied\u0101v\u0101jam specializ\u0113tus \u016bdensp\u012bpes iek\u0101rtu t\u012br\u012b\u0161anas un dezinfekcijas l\u012bdzek\u013cus.<\/li>\n<li>Pied\u0101v\u0101jam pla\u0161u kvalitat\u012bvu \u016bdensp\u012bpju izv\u0113li no Lietuv\u0101 pieejamiem mode\u013ciem.<\/li>\n<li>Pied\u0101v\u0101jam speci\u0101lo pre\u010du pas\u016bt\u012b\u0161anu no \u0101rvalstu noliktav\u0101m.<\/li>\n<\/ul>\n\n        <\/div>\n    <\/div>\n<\/section>\n\n<section class=\"av_tab_section\"  itemscope=\"itemscope\" itemtype=\"https:\/\/schema.org\/CreativeWork\" >    <div data-fake-id=\"#tab-id-2\" class=\"tab\"  itemprop=\"headline\" ><span class='tab_icon' aria-hidden='true' data-av_icon='\ue82b' data-av_iconfont='entypo-fontello'><\/span>Vai nev\u0113laties ieg\u0101d\u0101ties apr\u012bkojumu?<\/div>\n    <div id=\"tab-id-2-container\" class=\"tab_content\">\n        <div class=\"tab_inner_content invers-color\"  itemprop=\"text\" >\n<div id=\"rec224781176\" class=\"r t-rec\" data-animationappear=\"off\" data-record-type=\"396\">\n<div class=\"t396\">\n<div class=\"t396__artboard rendered\" data-artboard-recid=\"224781176\" data-artboard-height=\"710\" data-artboard-height-res-320=\"670\" data-artboard-height_vh=\"\" data-artboard-valign=\"center\" data-artboard-ovrflw=\"\" data-artboard-proxy-min-offset-top=\"0\" data-artboard-proxy-min-height=\"710\" data-artboard-proxy-max-height=\"710\">\n<div class=\"t396__elem tn-elem tn-elem__2247811761470209944682\" data-elem-id=\"1470209944682\" data-elem-type=\"text\" data-field-top-value=\"60\" data-field-top-res-320-value=\"25\" data-field-left-value=\"20\" data-field-left-res-320-value=\"10\" data-field-width-value=\"1230\" data-field-width-res-320-value=\"320\" data-field-axisy-value=\"top\" data-field-axisx-value=\"left\" data-field-container-value=\"grid\" data-field-topunits-value=\"\" data-field-leftunits-value=\"\" data-field-heightunits-value=\"\" data-field-widthunits-value=\"\" data-fields=\"top,left,width,container,axisx,axisy,widthunits,leftunits,topunits\">\n<div class=\"tn-atom\">\n<ul>\n<li>Pied\u0101v\u0101jam iznom\u0101t \u016bdensp\u012bpi. Ierobe\u017eots skaits \u016bdensp\u012bpju ir pieejams nomai.<\/li>\n<li>Pied\u0101v\u0101jam \u016bdensp\u012bpes apr\u012bkojuma ieg\u0101di uz nomaksu.<\/li>\n<li>Katrs pieteikums tiek izskat\u012bts individu\u0101li<\/li>\n<\/ul>\n<\/div>\n<\/div>\n<div class=\"t396__elem tn-elem tn-elem__2247811761470233923389\" data-elem-id=\"1470233923389\" data-elem-type=\"text\" data-field-top-value=\"175\" data-field-top-res-320-value=\"160\" data-field-left-value=\"20\" data-field-left-res-320-value=\"10\" data-field-width-value=\"1130\" data-field-width-res-320-value=\"300\" data-field-axisy-value=\"top\" data-field-axisx-value=\"left\" data-field-container-value=\"grid\" data-field-topunits-value=\"\" data-field-leftunits-value=\"\" data-field-heightunits-value=\"\" data-field-widthunits-value=\"\" data-fields=\"top,left,width,container,axisx,axisy,widthunits,leftunits,topunits\"><\/div>\n<\/div>\n<\/div>\n<\/div>\n\n        <\/div>\n    <\/div>\n<\/section>\n\n<section class=\"av_tab_section\"  itemscope=\"itemscope\" itemtype=\"https:\/\/schema.org\/CreativeWork\" >    <div data-fake-id=\"#tab-id-3\" class=\"tab\"  itemprop=\"headline\" ><span class='tab_icon' aria-hidden='true' data-av_icon='\ue842' data-av_iconfont='entypo-fontello'><\/span>K\u0101p\u0113c izv\u0113l\u0113ties sadarb\u012bbu ar HookahShop?<\/div>\n    <div id=\"tab-id-3-container\" class=\"tab_content\">\n        <div class=\"tab_inner_content invers-color\"  itemprop=\"text\" >\n<div class=\"t396__elem tn-elem tn-elem__2247811781470209944682\" data-elem-id=\"1470209944682\" data-elem-type=\"text\" data-field-top-value=\"60\" data-field-top-res-320-value=\"19\" data-field-left-value=\"20\" data-field-left-res-320-value=\"10\" data-field-width-value=\"1230\" data-field-width-res-320-value=\"320\" data-field-axisy-value=\"top\" data-field-axisx-value=\"left\" data-field-container-value=\"grid\" data-field-topunits-value=\"\" data-field-leftunits-value=\"\" data-field-heightunits-value=\"\" data-field-widthunits-value=\"\" data-fields=\"top,left,width,container,axisx,axisy,widthunits,leftunits,topunits\">\n<div class=\"tn-atom\">\n<ul>\n<li>Pla\u0161a kvalitat\u012bvu produktu izv\u0113le.<\/li>\n<li>\u0100tra pieg\u0101de un sa\u0146em\u0161ana.<\/li>\n<li>Visas preces Lietuvas noliktav\u0101s.<\/li>\n<li>Ir iesp\u0113ja pas\u016bt\u012bt individu\u0101las \u016bdensp\u012bpes p\u0113c J\u016bsu koncepcijas, kuras izgatavos lab\u0101kie \u016bdensp\u012bpju ra\u017eot\u0101ji pasaul\u0113.<\/li>\n<li>Izdev\u012bgas cenas un papildus atlaides.<\/li>\n<\/ul>\n<\/div>\n<\/div>\n<div class=\"t396__elem tn-elem tn-elem__2247811781598628080464\" data-elem-id=\"1598628080464\" data-elem-type=\"text\" data-field-top-value=\"220\" data-field-top-res-320-value=\"203\" data-field-left-value=\"20\" data-field-left-res-320-value=\"10\" data-field-width-value=\"1130\" data-field-width-res-320-value=\"300\" data-field-axisy-value=\"top\" data-field-axisx-value=\"left\" data-field-container-value=\"grid\" data-field-topunits-value=\"\" data-field-leftunits-value=\"\" data-field-heightunits-value=\"\" data-field-widthunits-value=\"\" data-fields=\"top,left,width,container,axisx,axisy,widthunits,leftunits,topunits\"><\/div>\n\n        <\/div>\n    <\/div>\n<\/section>\n\n<section class=\"av_tab_section\"  itemscope=\"itemscope\" itemtype=\"https:\/\/schema.org\/CreativeWork\" >    <div data-fake-id=\"#tab-id-4\" class=\"tab\"  itemprop=\"headline\" ><span class='tab_icon' aria-hidden='true' data-av_icon='\ue842' data-av_iconfont='entypo-fontello'><\/span>K\u0101p\u0113c tas jums n\u0101ks par labu?<\/div>\n    <div id=\"tab-id-4-container\" class=\"tab_content\">\n        <div class=\"tab_inner_content invers-color\"  itemprop=\"text\" >\n<ul>\n<li>J\u016bs \u0101tri un bez raiz\u0113m ieg\u0101d\u0101sieties jaunus popul\u0101r\u0101ko \u016bdensp\u012bpju mode\u013cus.<\/li>\n<li>Papildus ieg\u0101d\u0101sies da\u017e\u0101da veida un ra\u017eot\u0101ju kr\u016bz\u012btes, k\u0101 ar\u012b citus nepiecie\u0161amos aksesu\u0101rus, piem\u0113ram, og\u013cus, iemuti\u0146us, t\u012br\u012b\u0161anas l\u012bdzek\u013cus un daudzus citus.<\/li>\n<li>P\u0113c person\u0101la apm\u0101c\u012bbas j\u016bs pats var\u0113siet regul\u0113t \u016bdensp\u012bpes sp\u0113l\u0113t\u0101ja darbu un atalgojumu.<\/li>\n<li>J\u016bs ieg\u016bsit liel\u0101ku labumu naudas izteiksm\u0113.<\/li>\n<li>Sadarbojoties ar mums, J\u016bs var\u0113siet l\u012bdz\u0101s un \u0113rti papildin\u0101t nepiecie\u0161amo pre\u010du kr\u0101jumus.<\/li>\n<li>Izv\u0113loties k\u0101du no pied\u0101v\u0101taj\u0101m pak\u0101m, J\u016bs sa\u0146emsiet papildus \u016bdensp\u012bpes m\u0101kslinieka darba kvalit\u0101tes kontroli, uzraudz\u012bbu un apm\u0101c\u012bbu.<\/li>\n<\/ul>\n\n        <\/div>\n    <\/div>\n<\/section>\n\n<\/div>\n\n<div  data-autoplay='1'  data-interval='5'  data-animation='fade'  data-hoverpause='1'  class='avia-testimonial-wrapper avia-slider-testimonials avia-slider-2-testimonials avia_animate_when_almost_visible'>\n<section class ='avia-testimonial-row'><div class='avia-testimonial av_one_half flex_column no_margin avia-testimonial-row-1 avia-first-testimonial'  itemscope=\"itemscope\" itemtype=\"https:\/\/schema.org\/Person\" ><div class='avia-testimonial_inner'><div class='avia-testimonial-content'    itemscope=\"itemscope\" itemtype=\"https:\/\/schema.org\/CreativeWork\" ><p style=\"text-align: center;\"><strong>Biznesa pl\u0101na izv\u0113le<\/strong><\/p>\n<div class=\"t-name t-name_lg t859__bottommargin\" style=\"text-align: center;\"><strong>Vienreiz\u0113js pirkums<\/strong><\/div>\n<div class=\"t-descr t-descr_sm\" style=\"text-align: center;\">Vienreiz\u0113js pied\u0101v\u0101jums tiek izv\u0113l\u0113ts katram klientam individu\u0101li, atbilsto\u0161i vi\u0146a vajadz\u012bb\u0101m un iesp\u0113j\u0101m.<\/div>\n<div style=\"text-align: center;\"><\/div>\n<div style=\"text-align: center;\">\n<div class=\"t-name t-name_lg t859__bottommargin\"><strong>Nep\u0101rtraukta sadarb\u012bba<\/strong><\/div>\n<div class=\"t-descr t-descr_sm\">Ar \u012bpa\u0161iem l\u012bguma pied\u0101v\u0101jumiem (pre\u010du pieg\u0101de, kvalitat\u012bvs atbalsts un konsult\u0101cijas).<\/div>\n<\/div>\n<div style=\"text-align: center;\"><\/div>\n<div style=\"text-align: center;\">Katrs pieteikums tiek izskat\u012bts individu\u0101li.<\/div>\n<\/div><div class='avia-testimonial-meta'><div class='avia-testimonial-arrow-wrap'><div class='avia-arrow'><\/div><\/div><div class='avia-testimonial-meta-mini'><\/div><\/div><\/div><\/div>\n<\/section><\/div>\n<\/div><\/div><\/div><!-- close content main div --><\/div><\/div><div id='av_section_2' class='avia-section main_color avia-section-default avia-no-shadow avia-full-stretch av-section-color-overlay-active avia-bg-style-scroll    container_wrap sidebar_right' style = 'background-repeat: no-repeat; background-image: url(https:\/\/hookahshop.lt\/wp-content\/uploads\/2020\/11\/FT108751-2.jpg); background-attachment: scroll; background-position: center center; ' data-section-bg-repeat='stretch' ><div class='av-section-color-overlay-wrap'><div class='av-section-color-overlay' style='opacity: 0.7; background-color: #0c0c0c; '><\/div><div class='container' ><div class='template-page content  av-content-small alpha units'><div class='post-entry post-entry-type-page post-entry-14473'><div class='entry-content-wrapper clearfix'>\n<div class=\"flex_column av_one_half  flex_column_div av-zero-column-padding first\" style='border-radius:0px; '><p><div style='padding-bottom:10px;color:#ffffff;' class='av-special-heading av-special-heading-h2 custom-color-heading blockquote modern-quote'><h2 class='av-special-heading-tag'  itemprop=\"headline\"  >Sazinieties ar mums, lai ieg\u016btu vair\u0101k inform\u0101cijas un sadarb\u012bbas nosac\u012bjumus<\/h2><div class='special-heading-border'><div class='special-heading-inner-border' style='border-color:#ffffff'><\/div><\/div><\/div><br \/>\n<div class='avia-icon-list-container'><ul class='avia-icon-list avia-icon-list-left av-iconlist-big avia_animate_when_almost_visible'>\n<li><div  style='background-color:#303030; border:1px solid #303030; color:#ffffff; ' class='iconlist_icon  avia-font-entypo-fontello'><span class='iconlist-char' aria-hidden='true' data-av_icon='\ue809' data-av_iconfont='entypo-fontello'><\/span><\/div><article class=\"article-icon-entry\"  itemscope=\"itemscope\" itemtype=\"https:\/\/schema.org\/CreativeWork\" ><div class='iconlist_content_wrap'><header class=\"entry-content-header\"><h4 class='av_iconlist_title iconlist_title av_inherit_color'  itemprop=\"headline\"   style='color:#ffffff; '>E. pasts<\/h4><\/header><div class='iconlist_content av_inherit_color'  itemprop=\"text\"   style='color:#ededed; '><p><a href=\"mailto:hookahshoplt@gmail.com\">hookahshoplt@gmail.com<\/a><\/p>\n<\/div><\/div><footer class=\"entry-footer\"><\/footer><\/article><div class='iconlist-timeline'><\/div><\/li>\n<li><div  style='background-color:#303030; border:1px solid #303030; color:#ffffff; ' class='iconlist_icon  avia-font-entypo-fontello'><span class='iconlist-char' aria-hidden='true' data-av_icon='\ue809' data-av_iconfont='entypo-fontello'><\/span><\/div><article class=\"article-icon-entry\"  itemscope=\"itemscope\" itemtype=\"https:\/\/schema.org\/CreativeWork\" ><div class='iconlist_content_wrap'><header class=\"entry-content-header\"><h4 class='av_iconlist_title iconlist_title av_inherit_color'  itemprop=\"headline\"   style='color:#ffffff; '>Telefona numurs<\/h4><\/header><div class='iconlist_content av_inherit_color'  itemprop=\"text\"   style='color:#ededed; '><p><a href=\"tel:+37069226633\">+370 69226633<\/a><\/p>\n<\/div><\/div><footer class=\"entry-footer\"><\/footer><\/article><div class='iconlist-timeline'><\/div><\/li>\n<li><div  style='background-color:#303030; border:1px solid #303030; color:#ffffff; ' class='iconlist_icon  avia-font-entypo-fontello'><span class='iconlist-char' aria-hidden='true' data-av_icon='\ue809' data-av_iconfont='entypo-fontello'><\/span><\/div><article class=\"article-icon-entry\"  itemscope=\"itemscope\" itemtype=\"https:\/\/schema.org\/CreativeWork\" ><div class='iconlist_content_wrap'><header class=\"entry-content-header\"><h4 class='av_iconlist_title iconlist_title av_inherit_color'  itemprop=\"headline\"   style='color:#ffffff; '>Adrese<\/h4><\/header><div class='iconlist_content av_inherit_color'  itemprop=\"text\"   style='color:#ededed; '><p>Architekt\u0173 87 g. Vilnius<\/p>\n<\/div><\/div><footer class=\"entry-footer\"><\/footer><\/article><div class='iconlist-timeline'><\/div><\/li>\n<\/ul><\/div><\/p><\/div><div class=\"flex_column av_one_half  flex_column_div av-zero-column-padding\" style='border-radius:0px; '><div class='avia-image-container  av-styling-     avia-align-center'  itemscope=\"itemscope\" itemtype=\"https:\/\/schema.org\/ImageObject\"  ><div class='avia-image-container-inner'><img class='avia_image' src='https:\/\/hookahshop.lt\/wp-content\/uploads\/2021\/01\/Kaljan\u0173-paslaug\u0173-tiek\u0117jams.jpg' alt='\u016adensp\u012bpes pakalpojumu sniedz\u0113ji' title='\u016adensp\u012bpes pakalpojumu sniedz\u0113ji'   itemprop=\"thumbnailUrl\"  \/><\/div><\/div><\/div><\/div><\/div><\/div><!-- close content main div --><\/div><\/div><\/div><div id='after_section_2' class='main_color av_default_container_wrap container_wrap sidebar_right'   ><div class='container' ><div class='template-page content  av-content-small alpha units'><div class='post-entry post-entry-type-page post-entry-14473'><div class='entry-content-wrapper clearfix'>","protected":false},"excerpt":{"rendered":"","protected":false},"author":1,"featured_media":17733,"parent":0,"menu_order":0,"comment_status":"closed","ping_status":"closed","template":"","meta":[],"_links":{"self":[{"href":"https:\/\/hookahshop.lt\/lv\/wp-json\/wp\/v2\/pages\/14473"}],"collection":[{"href":"https:\/\/hookahshop.lt\/lv\/wp-json\/wp\/v2\/pages"}],"about":[{"href":"https:\/\/hookahshop.lt\/lv\/wp-json\/wp\/v2\/types\/page"}],"author":[{"embeddable":true,"href":"https:\/\/hookahshop.lt\/lv\/wp-json\/wp\/v2\/users\/1"}],"replies":[{"embeddable":true,"href":"https:\/\/hookahshop.lt\/lv\/wp-json\/wp\/v2\/comments?post=14473"}],"version-history":[{"count":4,"href":"https:\/\/hookahshop.lt\/lv\/wp-json\/wp\/v2\/pages\/14473\/revisions"}],"predecessor-version":[{"id":31287,"href":"https:\/\/hookahshop.lt\/lv\/wp-json\/wp\/v2\/pages\/14473\/revisions\/31287"}],"wp:featuredmedia":[{"embeddable":true,"href":"https:\/\/hookahshop.lt\/lv\/wp-json\/wp\/v2\/media\/17733"}],"wp:attachment":[{"href":"https:\/\/hookahshop.lt\/lv\/wp-json\/wp\/v2\/media?parent=14473"}],"curies":[{"name":"wp","href":"https:\/\/api.w.org\/{rel}","templated":true}]}}