{"id":31288,"date":"2022-02-15T23:49:55","date_gmt":"2022-02-15T21:49:55","guid":{"rendered":"https:\/\/hookahshop.lt\/?page_id=31288"},"modified":"2022-02-28T13:39:35","modified_gmt":"2022-02-28T11:39:35","slug":"naudotu-kaljanu-supirkimas-ir-pardavimas","status":"publish","type":"page","link":"https:\/\/hookahshop.lt\/lv\/lietota-udenspipe-pirksana-un-pardosana\/","title":{"rendered":"Lietotu \u016bdensp\u012bpju pirk\u0161ana un p\u0101rdo\u0161ana"},"content":{"rendered":"<\/div><\/div><\/div><!-- close content main div --><\/div><\/div><div id='av_section_1' class='avia-section main_color avia-section-default avia-no-shadow avia-full-stretch av-section-color-overlay-active avia-bg-style-fixed    container_wrap sidebar_right' style = 'background-repeat: no-repeat; background-image: url(https:\/\/hookahshop.lt\/wp-content\/uploads\/2020\/11\/kaljanu-nuoma-vilniuje-scaled.jpg); background-attachment: fixed; background-position: center center; ' data-section-bg-repeat='stretch' ><div class='av-section-color-overlay-wrap'><div class='av-section-color-overlay' style='opacity: 0.6; background-color: #0c0c0c; '><\/div><div class='container' ><div class='template-page content  av-content-small alpha units'><div class='post-entry post-entry-type-page post-entry-31288'><div class='entry-content-wrapper clearfix'>\n<div style='padding-bottom:30px;color:#ffffff;font-size:70px;' class='av-special-heading av-special-heading-h1 custom-color-heading blockquote modern-quote modern-centered   av-inherit-size'><h1 class='av-special-heading-tag'  itemprop=\"headline\"  >Lietotu \u016bdensp\u012bpju pirk\u0161ana un p\u0101rdo\u0161ana<\/h1><div class='special-heading-border'><div class='special-heading-inner-border' style='border-color:#ffffff'><\/div><\/div><\/div>\n<\/div><\/div><\/div><!-- close content main div --><\/div><\/div><\/div><div id='after_section_1' class='main_color av_default_container_wrap container_wrap sidebar_right'   ><div class='container' ><div class='template-page content  av-content-small alpha units'><div class='post-entry post-entry-type-page post-entry-31288'><div class='entry-content-wrapper clearfix'>\n<section class=\"av_textblock_section\"  itemscope=\"itemscope\" itemtype=\"https:\/\/schema.org\/CreativeWork\" ><div class='avia_textblock'   itemprop=\"text\" ><h2>P\u0113rkot lietotas \u016bdensp\u012bpes<\/h2>\n<p><strong>Vai pl\u0101nojat atjaunot \u016bdensp\u012bpi un v\u0113laties p\u0101rdot vecu \u016bdensp\u012bpi un t\u0101s piederumus?<\/strong><\/p>\n<ul>\n<li>Pied\u0101v\u0101jam pievilc\u012bgu \u016bdensp\u012bpju un \u016bdensp\u012bpes piederumu ieg\u0101des cenu no 40 l\u012bdz 70%.<\/li>\n<li>Tiek pie\u0146emtas tikai ner\u016bs\u0113jo\u0161\u0101 t\u0113rauda \u016bdensp\u012bpes.<\/li>\n<li>Tiek ieg\u0101d\u0101ti tikai piederumi lab\u0101 st\u0101vokl\u012b, kas nav meh\u0101niski boj\u0101ti.<\/li>\n<li>M\u0113s nepie\u0146emam lietotas \u016bdensp\u012bpes \u0161\u013c\u016btenes.<\/li>\n<\/ul>\n<p>J\u016bs varat iesniegt piepras\u012bjumu ieg\u0101d\u0101ties \u016bdensp\u012bpi <span style=\"color: #ad2d2d;\"><a style=\"color: #ad2d2d;\" href=\"https:\/\/hookahshop.lt\/lv\/kontaktiem\/\">Kontakti<\/a><\/span> sleja. Pla\u0161\u0101ku inform\u0101ciju varat atrast m\u016bsu facebook kont\u0101 <span style=\"color: #ad2d2d;\"><a style=\"color: #ad2d2d;\" href=\"https:\/\/www.facebook.com\/HookahShop.lt\" target=\"_blank\" rel=\"noopener\">Hookahshop.lt<\/a><\/span> vai pa t\u0101lruni <a href=\"tel:+37069226633\">+370 69226633<\/a>.<\/p>\n<\/div><\/section>\n<div class=\"tabcontainer   top_tab\">\n\n<section class=\"av_tab_section\"  itemscope=\"itemscope\" itemtype=\"https:\/\/schema.org\/CreativeWork\" >    <div data-fake-id=\"#tab-id-1\" class=\"tab active_tab\"  itemprop=\"headline\" ><span class='tab_icon' aria-hidden='true' data-av_icon='\ue8a5' data-av_iconfont='entypo-fontello'><\/span>1. Vai v\u0113laties p\u0101rdot lietotu \u016bdensp\u012bpi vai aksesu\u0101rus?<\/div>\n    <div id=\"tab-id-1-container\" class=\"tab_content active_tab_content\">\n        <div class=\"tab_inner_content invers-color\"  itemprop=\"text\" >\n<ul>\n<li>M\u0113s nov\u0113rt\u0113sim \u016bdensp\u012bpes vai \u016bdensp\u012bpes piederumu st\u0101vokli, atvedot tos dz\u012bvaj\u0101 uz adresi: Kedr\u0173 st. 3 ar Vi\u013c\u0146as vai Omniva pasta autom\u0101tu.<\/li>\n<li>Veiksim pilnu diagnostiku un fotograf\u0113sim.<\/li>\n<li>P\u0101rdodot \u016bdensp\u012bpes vai \u016bdensp\u012bpes piederumus, J\u0100UZRAUDZ PERSONAS DOKUMENTS.<\/li>\n<\/ul>\n\n        <\/div>\n    <\/div>\n<\/section>\n\n<section class=\"av_tab_section\"  itemscope=\"itemscope\" itemtype=\"https:\/\/schema.org\/CreativeWork\" >    <div data-fake-id=\"#tab-id-2\" class=\"tab\"  itemprop=\"headline\" ><span class='tab_icon' aria-hidden='true' data-av_icon='\ue82b' data-av_iconfont='entypo-fontello'><\/span>2. Izteiksim pied\u0101v\u0101jumu<\/div>\n    <div id=\"tab-id-2-container\" class=\"tab_content\">\n        <div class=\"tab_inner_content invers-color\"  itemprop=\"text\" >\n<div id=\"rec224781176\" class=\"r t-rec\" data-animationappear=\"off\" data-record-type=\"396\">\n<div class=\"t396\">\n<div class=\"t396__artboard rendered\" data-artboard-recid=\"224781176\" data-artboard-height=\"710\" data-artboard-height-res-320=\"670\" data-artboard-height_vh=\"\" data-artboard-valign=\"center\" data-artboard-ovrflw=\"\" data-artboard-proxy-min-offset-top=\"0\" data-artboard-proxy-min-height=\"710\" data-artboard-proxy-max-height=\"710\">\n<div class=\"t396__elem tn-elem tn-elem__2247811761470209944682\" data-elem-id=\"1470209944682\" data-elem-type=\"text\" data-field-top-value=\"60\" data-field-top-res-320-value=\"25\" data-field-left-value=\"20\" data-field-left-res-320-value=\"10\" data-field-width-value=\"1230\" data-field-width-res-320-value=\"320\" data-field-axisy-value=\"top\" data-field-axisx-value=\"left\" data-field-container-value=\"grid\" data-field-topunits-value=\"\" data-field-leftunits-value=\"\" data-field-heightunits-value=\"\" data-field-widthunits-value=\"\" data-fields=\"top,left,width,container,axisx,axisy,widthunits,leftunits,topunits\">\n<div class=\"tn-atom\">\n<ul>\n<li>Izteiksim pirkuma cenas pied\u0101v\u0101jumu ne tikai vecas \u016bdensp\u012bpes ieg\u0101dei, bet ar\u012b t\u0101s uzlabo\u0161anai uz citu.<\/li>\n<li>Atbild\u0113sim 24 stundu laik\u0101 - pa telefonu vai e-pastu<\/li>\n<\/ul>\n<\/div>\n<\/div>\n<div class=\"t396__elem tn-elem tn-elem__2247811761470233923389\" data-elem-id=\"1470233923389\" data-elem-type=\"text\" data-field-top-value=\"175\" data-field-top-res-320-value=\"160\" data-field-left-value=\"20\" data-field-left-res-320-value=\"10\" data-field-width-value=\"1130\" data-field-width-res-320-value=\"300\" data-field-axisy-value=\"top\" data-field-axisx-value=\"left\" data-field-container-value=\"grid\" data-field-topunits-value=\"\" data-field-leftunits-value=\"\" data-field-heightunits-value=\"\" data-field-widthunits-value=\"\" data-fields=\"top,left,width,container,axisx,axisy,widthunits,leftunits,topunits\"><\/div>\n<\/div>\n<\/div>\n<\/div>\n\n        <\/div>\n    <\/div>\n<\/section>\n\n<section class=\"av_tab_section\"  itemscope=\"itemscope\" itemtype=\"https:\/\/schema.org\/CreativeWork\" >    <div data-fake-id=\"#tab-id-3\" class=\"tab\"  itemprop=\"headline\" ><span class='tab_icon' aria-hidden='true' data-av_icon='\ue842' data-av_iconfont='entypo-fontello'><\/span>K\u0101p\u0113c tas jums n\u0101ks par labu?<\/div>\n    <div id=\"tab-id-3-container\" class=\"tab_content\">\n        <div class=\"tab_inner_content invers-color\"  itemprop=\"text\" >\n<ul>\n<li>J\u016bs varat \u0101tri un dro\u0161i jaunin\u0101t savu veco \u016bdensp\u012bpi uz jaunu.<\/li>\n<li>Nav nepiecie\u0161ams mekl\u0113t pirc\u0113jus, izmantojot sludin\u0101jumus.<\/li>\n<li>Kvalitat\u012bvs serviss un elast\u012bgs \u016bdensp\u012bpes ieg\u0101des pied\u0101v\u0101jums.<\/li>\n<li>Uzticama \u016bdensp\u012bpju un to piederumu ieg\u0101de Vi\u013c\u0146\u0101.<\/li>\n<\/ul>\n\n        <\/div>\n    <\/div>\n<\/section>\n\n<\/div>\n\n<\/div><\/div><\/div><!-- close content main div --><\/div><\/div><div id='av_section_2' class='avia-section main_color avia-section-default avia-no-shadow avia-full-stretch av-section-color-overlay-active avia-bg-style-scroll    container_wrap sidebar_right' style = 'background-repeat: no-repeat; background-image: url(https:\/\/hookahshop.lt\/wp-content\/uploads\/2020\/11\/FT108751-2.jpg); background-attachment: scroll; background-position: center center; ' data-section-bg-repeat='stretch' ><div class='av-section-color-overlay-wrap'><div class='av-section-color-overlay' style='opacity: 0.7; background-color: #0c0c0c; '><\/div><div class='container' ><div class='template-page content  av-content-small alpha units'><div class='post-entry post-entry-type-page post-entry-31288'><div class='entry-content-wrapper clearfix'>\n<div class=\"flex_column av_one_half  flex_column_div av-zero-column-padding first\" style='border-radius:0px; '><p><div style='padding-bottom:10px;color:#ffffff;' class='av-special-heading av-special-heading-h2 custom-color-heading blockquote modern-quote'><h2 class='av-special-heading-tag'  itemprop=\"headline\"  >Sazinieties ar mums, lai ieg\u016btu vair\u0101k inform\u0101cijas un pirkuma nosac\u012bjumus<\/h2><div class='special-heading-border'><div class='special-heading-inner-border' style='border-color:#ffffff'><\/div><\/div><\/div><br \/>\n<div class='avia-icon-list-container'><ul class='avia-icon-list avia-icon-list-left av-iconlist-big avia_animate_when_almost_visible'>\n<li><div  style='background-color:#303030; border:1px solid #303030; color:#ffffff; ' class='iconlist_icon  avia-font-entypo-fontello'><span class='iconlist-char' aria-hidden='true' data-av_icon='\ue809' data-av_iconfont='entypo-fontello'><\/span><\/div><article class=\"article-icon-entry\"  itemscope=\"itemscope\" itemtype=\"https:\/\/schema.org\/CreativeWork\" ><div class='iconlist_content_wrap'><header class=\"entry-content-header\"><h4 class='av_iconlist_title iconlist_title av_inherit_color'  itemprop=\"headline\"   style='color:#ffffff; '>E. pasts<\/h4><\/header><div class='iconlist_content av_inherit_color'  itemprop=\"text\"   style='color:#ededed; '><p><a href=\"mailto:info@hookahshop.lt\">info@hookahshop.lt<\/a><\/p>\n<\/div><\/div><footer class=\"entry-footer\"><\/footer><\/article><div class='iconlist-timeline'><\/div><\/li>\n<li><div  style='background-color:#303030; border:1px solid #303030; color:#ffffff; ' class='iconlist_icon  avia-font-entypo-fontello'><span class='iconlist-char' aria-hidden='true' data-av_icon='\ue809' data-av_iconfont='entypo-fontello'><\/span><\/div><article class=\"article-icon-entry\"  itemscope=\"itemscope\" itemtype=\"https:\/\/schema.org\/CreativeWork\" ><div class='iconlist_content_wrap'><header class=\"entry-content-header\"><h4 class='av_iconlist_title iconlist_title av_inherit_color'  itemprop=\"headline\"   style='color:#ffffff; '>Telefona numurs<\/h4><\/header><div class='iconlist_content av_inherit_color'  itemprop=\"text\"   style='color:#ededed; '><p><a href=\"tel:+37069226633\">+370 69226633<\/a><\/p>\n<\/div><\/div><footer class=\"entry-footer\"><\/footer><\/article><div class='iconlist-timeline'><\/div><\/li>\n<li><div  style='background-color:#303030; border:1px solid #303030; color:#ffffff; ' class='iconlist_icon  avia-font-entypo-fontello'><span class='iconlist-char' aria-hidden='true' data-av_icon='\ue809' data-av_iconfont='entypo-fontello'><\/span><\/div><article class=\"article-icon-entry\"  itemscope=\"itemscope\" itemtype=\"https:\/\/schema.org\/CreativeWork\" ><div class='iconlist_content_wrap'><header class=\"entry-content-header\"><h4 class='av_iconlist_title iconlist_title av_inherit_color'  itemprop=\"headline\"   style='color:#ffffff; '>Adrese<\/h4><\/header><div class='iconlist_content av_inherit_color'  itemprop=\"text\"   style='color:#ededed; '><p>Kedr\u0173 st. 3 Vi\u013c\u0146a<\/p>\n<\/div><\/div><footer class=\"entry-footer\"><\/footer><\/article><div class='iconlist-timeline'><\/div><\/li>\n<\/ul><\/div><\/p><\/div><div class=\"flex_column av_one_half  flex_column_div av-zero-column-padding\" style='border-radius:0px; '><div class='avia-image-container  av-styling-     avia-align-center'  itemscope=\"itemscope\" itemtype=\"https:\/\/schema.org\/ImageObject\"  ><div class='avia-image-container-inner'><img class='avia_image' src='https:\/\/hookahshop.lt\/wp-content\/uploads\/2022\/02\/Naudotu-kaljanu-supirkimas-ir-pardavimas.jpg' alt='Lietotu \u016bdensp\u012bpju pirk\u0161ana un p\u0101rdo\u0161ana' title='Lietotu \u016bdensp\u012bpju pirk\u0161ana un p\u0101rdo\u0161ana'   itemprop=\"thumbnailUrl\"  \/><\/div><\/div><\/div>\n<\/div><\/div><\/div><!-- close content main div --><\/div><\/div><\/div><div id='after_section_2' class='main_color av_default_container_wrap container_wrap sidebar_right'   ><div class='container' ><div class='template-page content  av-content-small alpha units'><div class='post-entry post-entry-type-page post-entry-31288'><div class='entry-content-wrapper clearfix'>","protected":false},"excerpt":{"rendered":"","protected":false},"author":1,"featured_media":31295,"parent":0,"menu_order":0,"comment_status":"closed","ping_status":"closed","template":"","meta":[],"_links":{"self":[{"href":"https:\/\/hookahshop.lt\/lv\/wp-json\/wp\/v2\/pages\/31288"}],"collection":[{"href":"https:\/\/hookahshop.lt\/lv\/wp-json\/wp\/v2\/pages"}],"about":[{"href":"https:\/\/hookahshop.lt\/lv\/wp-json\/wp\/v2\/types\/page"}],"author":[{"embeddable":true,"href":"https:\/\/hookahshop.lt\/lv\/wp-json\/wp\/v2\/users\/1"}],"replies":[{"embeddable":true,"href":"https:\/\/hookahshop.lt\/lv\/wp-json\/wp\/v2\/comments?post=31288"}],"version-history":[{"count":20,"href":"https:\/\/hookahshop.lt\/lv\/wp-json\/wp\/v2\/pages\/31288\/revisions"}],"predecessor-version":[{"id":39013,"href":"https:\/\/hookahshop.lt\/lv\/wp-json\/wp\/v2\/pages\/31288\/revisions\/39013"}],"wp:featuredmedia":[{"embeddable":true,"href":"https:\/\/hookahshop.lt\/lv\/wp-json\/wp\/v2\/media\/31295"}],"wp:attachment":[{"href":"https:\/\/hookahshop.lt\/lv\/wp-json\/wp\/v2\/media?parent=31288"}],"curies":[{"name":"wp","href":"https:\/\/api.w.org\/{rel}","templated":true}]}}