{"id":32132,"date":"2022-04-12T00:12:16","date_gmt":"2022-04-11T21:12:16","guid":{"rendered":"https:\/\/hookahshop.lt\/?page_id=32132"},"modified":"2024-07-30T18:50:48","modified_gmt":"2024-07-30T15:50:48","slug":"karjera-kaljanu-parduotuveje","status":"publish","type":"page","link":"https:\/\/hookahshop.lt\/lv\/karjera-udenspipe-veikals\/","title":{"rendered":"Karjera \u016bdensp\u012bpes veikal\u0101"},"content":{"rendered":"<\/div><\/div><\/div><!-- close content main div --><\/div><\/div><div id='av_section_1' class='avia-section alternate_color avia-section-huge avia-no-border-styling avia-full-stretch av-section-color-overlay-active avia-bg-style-fixed    container_wrap sidebar_right' style = 'background-repeat: no-repeat; background-image: url(https:\/\/hookahshop.lt\/wp-content\/uploads\/2020\/05\/FT101255-bw.jpg); background-attachment: fixed; background-position: center center; ' data-section-bg-repeat='stretch' ><div class='av-section-color-overlay-wrap'><div class='av-section-color-overlay' style='opacity: 0.8; background-color: #000000; '><\/div><div class='container' ><div class='template-page content  av-content-small alpha units'><div class='post-entry post-entry-type-page post-entry-32132'><div class='entry-content-wrapper clearfix'>\n<div style='padding-bottom:30px;font-size:70px;' class='av-special-heading av-special-heading-h1  blockquote modern-quote modern-centered   av-thin-font av-inherit-size'><h1 class='av-special-heading-tag'  itemprop=\"headline\"  >Karjera \u016bdensp\u012bpes veikal\u0101<strong>.<\/strong><\/h1><div class='special-heading-border'><div class='special-heading-inner-border' ><\/div><\/div><\/div>\n<div style='height:30px' class='hr hr-invisible'><span class='hr-inner' ><span class='hr-inner-style'><\/span><\/span><\/div>\n<div class=\"flex_column av_one_half  flex_column_div first\" style='border-width:1px; border-color:#ffffff; border-style:solid; padding:10px; border-radius:10px; '><section class=\"av_textblock_section\"  itemscope=\"itemscope\" itemtype=\"https:\/\/schema.org\/CreativeWork\" ><div class='avia_textblock  av_inherit_color'  style='color:#ffffff; '  itemprop=\"text\" ><h3 class=\"av-special-heading-tag\">Vissvar\u012bg\u0101kais ir uzman\u012bba deta\u013c\u0101m<\/h3>\n<p>Neatkar\u012bgi no t\u0101, vai esat tehnisks, rado\u0161s vai nep\u0101rsp\u0113jams sav\u0101 jom\u0101, m\u0113s vienm\u0113r priec\u0101jamies dzird\u0113t no tiem, kuri j\u016btas pieder\u012bgi m\u016bsu komandai!<\/p>\n<p>\u012asto cilv\u0113ku atra\u0161ana prasa laiku. Ta\u010du, b\u016bdami zin\u0101tk\u0101ri un uzdodot pareizos jaut\u0101jumus, m\u0113s atkl\u0101jam sav\u0101 komand\u0101 svar\u012bg\u0101ko faktoru \u2013 katras person\u012bbas unikalit\u0101ti.<\/p>\n<\/div><\/section><\/div><div class=\"flex_column av_one_half  flex_column_div av-zero-column-padding\" style='border-radius:0px; '><p><div style='padding-bottom:20px;font-size:33px;' class='av-special-heading av-special-heading-h2  blockquote modern-quote modern-centered   av-inherit-size'><h2 class='av-special-heading-tag'  itemprop=\"headline\"  >\u0160obr\u012bd akt\u012bvi darba pied\u0101v\u0101jumi\u2026<\/h2><div class='special-heading-border'><div class='special-heading-inner-border' ><\/div><\/div><\/div><br \/>\n<div class=\"togglecontainer  toggle_close_all\">\n<section class=\"av_toggle_section\"  itemscope=\"itemscope\" itemtype=\"https:\/\/schema.org\/CreativeWork\" >    <div class=\"single_toggle\" data-tags=\"{All} \" >        <p data-fake-id=\"#toggle-id-1\" class=\"toggler activeTitle\"  itemprop=\"headline\" >\u016adensp\u012bpju un \u016bdensp\u012bpes piederumu p\u0101rdev\u0113js-konsultants<span class=\"toggle_icon\">        <span class=\"vert_icon\"><\/span><span class=\"hor_icon\"><\/span><\/span><\/p>        <div id=\"toggle-id-1-container\" class=\"toggle_wrap active_tc\" >            <div class=\"toggle_content invers-color\"  itemprop=\"text\" ><p>Mekl\u0113jam komandas biedru, lai pievienotos \u016bdensp\u012bpes un \u016bdensp\u012bpes piederumu veikala Hookahshop.lt komandai! Fizisk\u0101 veikal\u0101, kas atrodas Kedr\u0173 iel\u0101 3, Vi\u013c\u0146\u0101, ir nepiecie\u0161ams p\u0101rdev\u0113js-konsultants, kur\u0161 sp\u0113j pareizi komunic\u0113t ar klientiem un konsult\u0113t par produktiem, k\u0101 ar\u012b sasniegt p\u0101rdo\u0161anas m\u0113r\u0137us.<\/p>\n<p><strong>Pamatpras\u012bbas:<\/strong><br \/>\n- Ir pieredze vai interese par \u016bdensp\u012bpes tirgu (bez pieredzes m\u0113s j\u016bs apm\u0101c\u012bsim)<br \/>\n- Sp\u0113ja komunic\u0113t ar klientiem<br \/>\n- Komunikabilit\u0101te<br \/>\n- V\u0113lme str\u0101d\u0101t un pilnveidoties<br \/>\n- Pareiza lietuvie\u0161u valoda<br \/>\n- zin\u0101t sve\u0161valodu (ang\u013cu un\/vai krievu)<br \/>\n- Datorprasmes.<\/p>\n<p><strong>Darba specifika:<\/strong><br \/>\n- Klientu konsult\u0101cija fiziskaj\u0101 un interneta veikal\u0101<br \/>\n- Komunik\u0101cija ar klientiem<br \/>\n- Zin\u0101\u0161anas par produktu kl\u0101stu un l\u012bdzsvara izseko\u0161anu<br \/>\n- Darbs ar kases apar\u0101tu<br \/>\n- paku iepako\u0161ana un nos\u016bt\u012b\u0161ana<br \/>\n- Darba vietas organiz\u0113\u0161ana un uztur\u0113\u0161ana t\u012br\u012bb\u0101<br \/>\n- Jaunu pre\u010du pie\u0146em\u0161ana un novieto\u0161ana plauktos (maksim\u0101lais 1 kastes svars 20 kg).<\/p>\n<p><strong>Alga no 5-7Eur\/h p\u0113c nodok\u013cu nomaksas un piemaksas atkar\u012bb\u0101 no p\u0101rdo\u0161anas rezult\u0101tiem un pieredzes. Alga progres\u012bva! <\/strong><\/p>\n<p><strong>Pilna vai nepilna laika darbs (no 12:00 l\u012bdz 20:00).<\/strong><\/p>\n            <\/div>        <\/div>    <\/div><\/section>\n<\/div><br \/>\n<div  class='hr hr-default'><span class='hr-inner' ><span class='hr-inner-style'><\/span><\/span><\/div><br \/>\n<section class=\"av_textblock_section\"  itemscope=\"itemscope\" itemtype=\"https:\/\/schema.org\/CreativeWork\" ><div class='avia_textblock'   itemprop=\"text\" ><p>Ja v\u0113lies k\u013c\u016bt par m\u016bsu komandas dal\u012bbnieku, s\u016bti savu CV uz info@hookahshop.lt ar pielikumu &quot;CV p\u0101rdev\u0113js-konsultants Hookahshop&quot;! Ja jums ir k\u0101di jaut\u0101jumi, uzdodiet tos pa t\u0101lruni - <a href=\"tel: 869226633\">869226633<\/a> vai Facebook - <a href=\"https:\/\/www.facebook.com\/HookahShop.lt\" target=\"_blank\" rel=\"noopener\">https:\/\/www.facebook.com\/HookahShop.lt<\/a><br \/>\nAicin\u0101m pievienoties HookahShop.lt komandai!<\/p>\n<\/div><\/section><\/p><\/div><div class=\"flex_column av_one_full  flex_column_div av-zero-column-padding first\" style='border-radius:0px; '><\/div><\/div><\/div><\/div><!-- close content main div --><\/div><\/div><\/div><div id='after_section_1' class='main_color av_default_container_wrap container_wrap sidebar_right'   ><div class='container' ><div class='template-page content  av-content-small alpha units'><div class='post-entry post-entry-type-page post-entry-32132'><div class='entry-content-wrapper clearfix'>","protected":false},"excerpt":{"rendered":"","protected":false},"author":1,"featured_media":32169,"parent":0,"menu_order":0,"comment_status":"closed","ping_status":"closed","template":"","meta":[],"_links":{"self":[{"href":"https:\/\/hookahshop.lt\/lv\/wp-json\/wp\/v2\/pages\/32132"}],"collection":[{"href":"https:\/\/hookahshop.lt\/lv\/wp-json\/wp\/v2\/pages"}],"about":[{"href":"https:\/\/hookahshop.lt\/lv\/wp-json\/wp\/v2\/types\/page"}],"author":[{"embeddable":true,"href":"https:\/\/hookahshop.lt\/lv\/wp-json\/wp\/v2\/users\/1"}],"replies":[{"embeddable":true,"href":"https:\/\/hookahshop.lt\/lv\/wp-json\/wp\/v2\/comments?post=32132"}],"version-history":[{"count":31,"href":"https:\/\/hookahshop.lt\/lv\/wp-json\/wp\/v2\/pages\/32132\/revisions"}],"predecessor-version":[{"id":39654,"href":"https:\/\/hookahshop.lt\/lv\/wp-json\/wp\/v2\/pages\/32132\/revisions\/39654"}],"wp:featuredmedia":[{"embeddable":true,"href":"https:\/\/hookahshop.lt\/lv\/wp-json\/wp\/v2\/media\/32169"}],"wp:attachment":[{"href":"https:\/\/hookahshop.lt\/lv\/wp-json\/wp\/v2\/media?parent=32132"}],"curies":[{"name":"wp","href":"https:\/\/api.w.org\/{rel}","templated":true}]}}