{"id":515,"date":"2016-05-11T13:49:10","date_gmt":"2016-05-11T10:49:10","guid":{"rendered":"http:\/\/wpoffice\/enfold-fitness\/?page_id=515"},"modified":"2023-03-13T13:13:53","modified_gmt":"2023-03-13T11:13:53","slug":"apmokejimas-pristatymas","status":"publish","type":"page","link":"https:\/\/hookahshop.lt\/lv\/maksajums-piegade\/","title":{"rendered":"Apmaksa un pieg\u0101de"},"content":{"rendered":"<\/div><\/div><\/div><!-- close content main div --><\/div><\/div><div id='av_section_1' class='avia-section alternate_color avia-section-large avia-no-border-styling avia-full-stretch av-section-color-overlay-active avia-bg-style-scroll    container_wrap sidebar_right' style = 'background-repeat: no-repeat; background-image: url(https:\/\/hookahshop.lt\/wp-content\/uploads\/2020\/03\/small.jpg); background-attachment: scroll; background-position: top left; ' data-section-bg-repeat='stretch' ><div class='av-section-color-overlay-wrap'><div class='av-section-color-overlay' style='opacity: 0.7; background-color: #0a0a0a; '><\/div><div class='container' ><div class='template-page content  av-content-small alpha units'><div class='post-entry post-entry-type-page post-entry-515'><div class='entry-content-wrapper clearfix'>\n<div style='padding-bottom:30px;font-size:70px;' class='av-special-heading av-special-heading-h1  blockquote modern-quote   av-thin-font av-inherit-size'><h1 class='av-special-heading-tag'  itemprop=\"headline\"  >Apmaksa un pieg\u0101de<strong>.<\/strong><\/h1><div class='special-heading-border'><div class='special-heading-inner-border' ><\/div><\/div><\/div>\n<div class=\"flex_column av_one_half  flex_column_div av-zero-column-padding first\" style='border-radius:0px; '><p><div class='avia-icon-list-container'><ul class='avia-icon-list avia-icon-list-left av-iconlist-big avia_animate_when_almost_visible'>\n<li><div  style='color:#ffffff; ' class='iconlist_icon  avia-font-entypo-fontello'><span class='iconlist-char' aria-hidden='true' data-av_icon='\ue8cf' data-av_iconfont='entypo-fontello'><\/span><\/div><article class=\"article-icon-entry\"  itemscope=\"itemscope\" itemtype=\"https:\/\/schema.org\/CreativeWork\" ><div class='iconlist_content_wrap'><header class=\"entry-content-header\"><h4 class='av_iconlist_title iconlist_title av_inherit_color'  itemprop=\"headline\"   style='color:#ffffff; '>Montoni<\/h4><\/header><div class='iconlist_content av_inherit_color'  itemprop=\"text\"   style='color:#ffffff; '><p>Veiciet p\u0101rskait\u012bjumu caur Montonio sist\u0113mu no jebkuras Jums \u0113rtas bankas.<\/p>\n<\/div><\/div><footer class=\"entry-footer\"><\/footer><\/article><div class='iconlist-timeline'><\/div><\/li>\n<li><div  style='color:#ffffff; ' class='iconlist_icon  avia-font-entypo-fontello'><span class='iconlist-char' aria-hidden='true' data-av_icon='\ue824' data-av_iconfont='entypo-fontello'><\/span><\/div><article class=\"article-icon-entry\"  itemscope=\"itemscope\" itemtype=\"https:\/\/schema.org\/CreativeWork\" ><div class='iconlist_content_wrap'><header class=\"entry-content-header\"><h4 class='av_iconlist_title iconlist_title av_inherit_color'  itemprop=\"headline\"   style='color:#ffffff; '>bankas p\u0101rskait\u012bjums<\/h4><\/header><div class='iconlist_content av_inherit_color'  itemprop=\"text\"   style='color:#ffffff; '><p>P\u0101rskait\u012bjums tiek veikts uz uz\u0146\u0113muma LBA PROJEKTAI bankas kontu.<\/p>\n<\/div><\/div><footer class=\"entry-footer\"><\/footer><\/article><div class='iconlist-timeline'><\/div><\/li>\n<li><div  style='color:#ffffff; ' class='iconlist_icon  avia-font-entypo-fontello'><span class='iconlist-char' aria-hidden='true' data-av_icon='\ue8cf' data-av_iconfont='entypo-fontello'><\/span><\/div><article class=\"article-icon-entry\"  itemscope=\"itemscope\" itemtype=\"https:\/\/schema.org\/CreativeWork\" ><div class='iconlist_content_wrap'><header class=\"entry-content-header\"><h4 class='av_iconlist_title iconlist_title av_inherit_color'  itemprop=\"headline\"   style='color:#ffffff; '>Kred\u012btkarte<\/h4><\/header><div class='iconlist_content av_inherit_color'  itemprop=\"text\"   style='color:#ffffff; '><p>Pie\u0146emam maks\u0101jumus ar bankas karti VISA, MASTERCARD u.c.<\/p>\n<\/div><\/div><footer class=\"entry-footer\"><\/footer><\/article><div class='iconlist-timeline'><\/div><\/li>\n<\/ul><\/div><br \/>\n<div style='height:30px' class='hr hr-invisible'><span class='hr-inner' ><span class='hr-inner-style'><\/span><\/span><\/div><br \/>\n<div class='avia-button-wrap avia-button-left'><a href='https:\/\/hookahshop.lt\/lv\/kontaktiem\/' class='avia-button av-icon-on-hover  avia-icon_select-yes-right-icon avia-color-theme-color avia-size-large avia-position-left'   ><span class='avia_iconbox_title' >M\u016bsu kontakti<\/span><span class='avia_button_icon avia_button_icon_right' aria-hidden='true' data-av_icon='\ue879' data-av_iconfont='entypo-fontello'><\/span><\/a><\/div><\/p><\/div>\n<\/div><\/div><\/div><!-- close content main div --><\/div><\/div><\/div><div id='after_section_1' class='main_color av_default_container_wrap container_wrap sidebar_right'   ><div class='container' ><div class='template-page content  av-content-small alpha units'><div class='post-entry post-entry-type-page post-entry-515'><div class='entry-content-wrapper clearfix'>\n<\/div><\/div><\/div><!-- close content main div --><\/div><\/div><div id='av-layout-grid-1' class='av-layout-grid-container entry-content-wrapper alternate_color av-flex-cells    container_wrap sidebar_right'   >\n<div class=\"flex_cell no_margin av_one_half   avia-full-stretch av-zero-padding\" style='background-image:url(https:\/\/hookahshop.lt\/wp-content\/uploads\/2020\/03\/spark-2067298_960_720.jpg); background-position:center left; background-repeat:no-repeat; background-attachment:scroll; vertical-align:middle; padding:0px; '><div class='flex_cell_inner' ><\/div><\/div><div class=\"flex_cell no_margin av_one_half\" style='vertical-align:middle; padding:100px; '><div class='flex_cell_inner' ><div class='avia-icon-list-container'><ul class='avia-icon-list avia-icon-list-left av-iconlist-big avia_animate_when_almost_visible'>\n<li><div  class='iconlist_icon  avia-font-entypo-fontello'><span class='iconlist-char' aria-hidden='true' data-av_icon='\ue842' data-av_iconfont='entypo-fontello'><\/span><\/div><article class=\"article-icon-entry\"  itemscope=\"itemscope\" itemtype=\"https:\/\/schema.org\/CreativeWork\" ><div class='iconlist_content_wrap'><header class=\"entry-content-header\"><h4 class='av_iconlist_title iconlist_title'  itemprop=\"headline\"  >Izst\u0101\u0161an\u0101s Vi\u013c\u0146\u0101<\/h4><\/header><div class='iconlist_content av_inherit_color'  itemprop=\"text\"   style='color:#ffffff; '><p>Veicot pas\u016bt\u012bjumu, l\u016bdzu, \u0146emiet v\u0113r\u0101, ka pirkumus sav\u0101ksit pats. Iesniegto pas\u016bt\u012bjumu var sa\u0146emt p\u0113c tam, kad m\u016bsu veikala vad\u012bt\u0101js ir apstiprin\u0101jis pre\u010du pieejam\u012bbu uz \u0161\u0101d\u0101m adres\u0113m:<br \/>\nVi\u013c\u0146a, AJ Povilai\u010di\u0173 g. 14<br \/>\nNo pirmdienas l\u012bdz piektdienai no pulksten 10:00 l\u012bdz 23:00<br \/>\nTikai sestdien - sv\u0113tdien tikai e-komercija<\/p>\n<\/div><\/div><footer class=\"entry-footer\"><\/footer><\/article><div class='iconlist-timeline'><\/div><\/li>\n<li><div  class='iconlist_icon  avia-font-entypo-fontello'><span class='iconlist-char' aria-hidden='true' data-av_icon='\ue852' data-av_iconfont='entypo-fontello'><\/span><\/div><article class=\"article-icon-entry\"  itemscope=\"itemscope\" itemtype=\"https:\/\/schema.org\/CreativeWork\" ><div class='iconlist_content_wrap'><header class=\"entry-content-header\"><h4 class='av_iconlist_title iconlist_title'  itemprop=\"headline\"  >Sa\u0146em\u0161ana past\u0101<\/h4><\/header><div class='iconlist_content av_inherit_color'  itemprop=\"text\"   style='color:#ffffff; '><p>LPexpress vai Omniva pasta s\u016bt\u012bjumiem izv\u0113lieties vienu no \u0161iem s\u016bt\u012bjumiem, un m\u0113s pieg\u0101d\u0101sim uz jebkuru nor\u0101d\u012bto termin\u0101li 1-3 darba dienu laik\u0101, atkar\u012bb\u0101 no pasta noslogojuma.<\/p>\n<\/div><\/div><footer class=\"entry-footer\"><\/footer><\/article><div class='iconlist-timeline'><\/div><\/li>\n<li><div  class='iconlist_icon  avia-font-entypo-fontello'><span class='iconlist-char' aria-hidden='true' data-av_icon='\ue80a' data-av_iconfont='entypo-fontello'><\/span><\/div><article class=\"article-icon-entry\"  itemscope=\"itemscope\" itemtype=\"https:\/\/schema.org\/CreativeWork\" ><div class='iconlist_content_wrap'><header class=\"entry-content-header\"><h4 class='av_iconlist_title iconlist_title'  itemprop=\"headline\"  >Preces uz m\u0101j\u0101m<\/h4><\/header><div class='iconlist_content av_inherit_color'  itemprop=\"text\"   style='color:#ffffff; '><p>Pieg\u0101de uz m\u0101j\u0101m ar kurjeriem.<\/p>\n<\/div><\/div><footer class=\"entry-footer\"><\/footer><\/article><div class='iconlist-timeline'><\/div><\/li>\n<li><div  class='iconlist_icon  avia-font-entypo-fontello'><span class='iconlist-char' aria-hidden='true' data-av_icon='\ue8b6' data-av_iconfont='entypo-fontello'><\/span><\/div><article class=\"article-icon-entry\"  itemscope=\"itemscope\" itemtype=\"https:\/\/schema.org\/CreativeWork\" ><div class='iconlist_content_wrap'><header class=\"entry-content-header\"><h4 class='av_iconlist_title iconlist_title'  itemprop=\"headline\"  >S\u016bt\u012bjumi vis\u0101 Eirop\u0101<\/h4><\/header><div class='iconlist_content av_inherit_color'  itemprop=\"text\"   style='color:#ffffff; '><p>M\u0113s s\u016bt\u0101m preces vis\u0101 Eirop\u0101.<\/p>\n<\/div><\/div><footer class=\"entry-footer\"><\/footer><\/article><div class='iconlist-timeline'><\/div><\/li>\n<\/ul><\/div>\n<\/div><\/div><\/div>","protected":false},"excerpt":{"rendered":"","protected":false},"author":1,"featured_media":7435,"parent":0,"menu_order":0,"comment_status":"closed","ping_status":"closed","template":"","meta":[],"_links":{"self":[{"href":"https:\/\/hookahshop.lt\/lv\/wp-json\/wp\/v2\/pages\/515"}],"collection":[{"href":"https:\/\/hookahshop.lt\/lv\/wp-json\/wp\/v2\/pages"}],"about":[{"href":"https:\/\/hookahshop.lt\/lv\/wp-json\/wp\/v2\/types\/page"}],"author":[{"embeddable":true,"href":"https:\/\/hookahshop.lt\/lv\/wp-json\/wp\/v2\/users\/1"}],"replies":[{"embeddable":true,"href":"https:\/\/hookahshop.lt\/lv\/wp-json\/wp\/v2\/comments?post=515"}],"version-history":[{"count":8,"href":"https:\/\/hookahshop.lt\/lv\/wp-json\/wp\/v2\/pages\/515\/revisions"}],"predecessor-version":[{"id":43721,"href":"https:\/\/hookahshop.lt\/lv\/wp-json\/wp\/v2\/pages\/515\/revisions\/43721"}],"wp:featuredmedia":[{"embeddable":true,"href":"https:\/\/hookahshop.lt\/lv\/wp-json\/wp\/v2\/media\/7435"}],"wp:attachment":[{"href":"https:\/\/hookahshop.lt\/lv\/wp-json\/wp\/v2\/media?parent=515"}],"curies":[{"name":"wp","href":"https:\/\/api.w.org\/{rel}","templated":true}]}}