{"id":856,"date":"2016-05-11T13:48:44","date_gmt":"2016-05-11T13:48:44","guid":{"rendered":"http:\/\/wpoffice\/enfold-fitness\/?page_id=513"},"modified":"2025-05-16T17:10:57","modified_gmt":"2025-05-16T14:10:57","slug":"kontaktai","status":"publish","type":"page","link":"https:\/\/hookahshop.lt\/lv\/kontaktiem\/","title":{"rendered":"Kontakti"},"content":{"rendered":"<\/div><\/div><\/div><!-- close content main div --><\/div><\/div><div id='av_section_1' class='avia-section alternate_color avia-section-huge avia-no-border-styling avia-full-stretch av-section-color-overlay-active avia-bg-style-fixed    container_wrap sidebar_right' style = 'background-repeat: no-repeat; background-image: url(https:\/\/hookahshop.lt\/wp-content\/uploads\/2020\/05\/FT101255-bw.jpg); background-attachment: fixed; background-position: center center; ' data-section-bg-repeat='stretch' ><div class='av-section-color-overlay-wrap'><div class='av-section-color-overlay' style='opacity: 0.8; background-color: #000000; '><\/div><div class='container' ><div class='template-page content  av-content-small alpha units'><div class='post-entry post-entry-type-page post-entry-856'><div class='entry-content-wrapper clearfix'>\n<div style='padding-bottom:30px;font-size:70px;' class='av-special-heading av-special-heading-h1  blockquote modern-quote   av-thin-font av-inherit-size'><h1 class='av-special-heading-tag'  itemprop=\"headline\"  >M\u016bsu kontakti<strong>.<\/strong><\/h1><div class='special-heading-border'><div class='special-heading-inner-border' ><\/div><\/div><\/div>\n<div class=\"flex_column av_two_fifth  flex_column_div av-zero-column-padding first\" style='border-radius:0px; '><section class=\"av_textblock_section\"  itemscope=\"itemscope\" itemtype=\"https:\/\/schema.org\/CreativeWork\" ><div class='avia_textblock'   itemprop=\"text\" ><p><strong>Kontaktinform\u0101cija:\u00a0 \u00a0<\/strong><br \/>\nFiziskais veikals: <a href=\"tel:+37062664488\">+370 62664488<\/a><br \/>\nVisp\u0101r\u012bgi: <a href=\"tel:+37069226633\">+370 69226633<\/a><br \/>\nWhatsApp \/ Viber \/ Telegram<br \/>\nEl. pasts: <a style=\"color: #fff;\" href=\"mailto:info@hookahshop.lt\">info@hookahshop.lt<\/a><br \/>\n<a href=\"https:\/\/hookahshop.lt\/lv\/karjera-udenspipe-veikals\/\">Darba pied\u0101v\u0101jumi - Karjera<\/a><\/p>\n<\/div><\/section><\/div><div class=\"flex_column av_one_third  flex_column_div av-zero-column-padding\" style='border-radius:0px; '><section class=\"av_textblock_section\"  itemscope=\"itemscope\" itemtype=\"https:\/\/schema.org\/CreativeWork\" ><div class='avia_textblock'   itemprop=\"text\" ><p><strong>Inform\u0101cija par darb\u012bbu:\u00a0 \u00a0 \u00a0<\/strong><\/p>\n<p>Uz\u0146\u0113muma nosaukums: MB LBA PROJEKTAI<br \/>\nUz\u0146\u0113muma bankas konts: LT927300010164455789<br \/>\nUz\u0146\u0113muma kods: 305611977<br \/>\nAdresas: Kedr\u0173 g. 3-102, LT-03116 Vilnius<br \/>\nPVN maks\u0101t\u0101ja kods: LT100013365018<br \/>\nVad\u012bt\u0101js: Antons Prokopovs<\/p>\n<\/div><\/section><\/div><div class=\"flex_column av_one_half  flex_column_div av-zero-column-padding first\" style='border-radius:0px; '><p><section class=\"av_textblock_section\"  itemscope=\"itemscope\" itemtype=\"https:\/\/schema.org\/CreativeWork\" ><div class='avia_textblock'   itemprop=\"text\" ><p><strong>\u016adensp\u012bpju veikals Vi\u013c\u0146\u0101 \u016bdensp\u012bpju, tabakas un \u016bdensp\u012bpes piederumu veikals:\u00a0 \u00a0 \u00a0<\/strong><\/p>\n<p>Vilnius \u2013 Kedr\u0173 g. 7, Lietuva<br \/>\nTelefona numurs: <a href=\"tel:862664488\">+370 62664488<\/a><\/p>\n<p>P-P: 12:00-20:00<br \/>\nSestdien: 12:00-20:00<br \/>\nsv\u0113tdiena: e-komercija<\/p>\n<\/div><\/section><br \/>\n<div class='avia-image-container  av-styling- av-hover-grow    avia-align-center'  itemscope=\"itemscope\" itemtype=\"https:\/\/schema.org\/ImageObject\"  ><div class='avia-image-container-inner'><a href=\"https:\/\/goo.gl\/maps\/Pxwa56JiKtpWrmaq7\" class=\"avia_image\" target=\"_blank\" rel=\"noopener\"><img class='avia_image' src='https:\/\/hookahshop.lt\/wp-content\/uploads\/2021\/08\/zemelapis2.jpg' alt='fiziskais \u016bdensp\u012bpes veikals Vi\u013c\u0146\u0101' title='fiziskais \u016bdensp\u012bpes veikals Vi\u013c\u0146\u0101'  itemprop=\"thumbnailUrl\"  \/><\/a><\/div><\/div><br \/>\n<div class='avia-button-wrap avia-button-center'><a href=\"https:\/\/goo.gl\/maps\/Pxwa56JiKtpWrmaq7\" class=\"avia-button   avia-icon_select-yes-left-icon avia-color-theme-color avia-size-small avia-position-center\" target=\"_blank\" rel=\"noopener\"><span class='avia_button_icon avia_button_icon_left' aria-hidden='true' data-av_icon='\ue842' data-av_iconfont='entypo-fontello'><\/span><span class='avia_iconbox_title' >Atveriet karti<\/span><\/a><\/div><\/p><\/div><div class=\"flex_column av_one_half  flex_column_div av-zero-column-padding\" style='border-radius:0px; '><p><section class=\"av_textblock_section\"  itemscope=\"itemscope\" itemtype=\"https:\/\/schema.org\/CreativeWork\" ><div class='avia_textblock'   itemprop=\"text\" ><p><strong>\u016adensp\u012bpju un \u016bdensp\u012bpju aksesu\u0101ru veikals<\/strong><b>\u00a0sav\u0101k\u0161anas punkts:<\/b><\/p>\n<p>Vilnius \u2013 A. J. Povilai\u010dio g. 18, Lietuva<br \/>\nTelefona numurs: <a href=\"tel:869226633\">+370 69226633<\/a><\/p>\n<p>No pirmdienas l\u012bdz piektdienai: 10: 00-22: 00<br \/>\nSestdien: e-komercija<br \/>\nsv\u0113tdiena: e-komercija<\/p>\n<\/div><\/section><br \/>\n<div class='avia-image-container  av-styling- av-hover-grow    avia-align-center'  itemscope=\"itemscope\" itemtype=\"https:\/\/schema.org\/ImageObject\"  ><div class='avia-image-container-inner'><a href=\"https:\/\/g.page\/hookahshop-kaljanai?share\" class=\"avia_image\" target=\"_blank\"><img class='avia_image' src='https:\/\/hookahshop.lt\/wp-content\/uploads\/2021\/08\/zemelapis3.jpg' alt='\u016bdensp\u012bpes veikals Vi\u013c\u0146\u0101 arhitekts' title='\u016bdensp\u012bpes veikals Vi\u013c\u0146\u0101 arhitekts'  itemprop=\"thumbnailUrl\"  \/><\/a><\/div><\/div><br \/>\n<div class='avia-button-wrap avia-button-center'><a href=\"https:\/\/g.page\/hookahshop-kaljanai?share\" class=\"avia-button   avia-icon_select-yes-left-icon avia-color-theme-color avia-size-small avia-position-center\" target=\"_blank\"><span class='avia_button_icon avia_button_icon_left' aria-hidden='true' data-av_icon='\ue842' data-av_iconfont='entypo-fontello'><\/span><span class='avia_iconbox_title' >Atveriet karti<\/span><\/a><\/div><\/p><\/div><div class=\"flex_column av_three_fifth  flex_column_div av-zero-column-padding first\" style='border-radius:0px; '><p><div style='padding-bottom:20px;font-size:50px;' class='av-special-heading av-special-heading-h2  blockquote modern-quote modern-centered   av-thin-font av-inherit-size'><h2 class='av-special-heading-tag'  itemprop=\"headline\"  >Sazinieties pa e-pastu<strong>.<\/strong><\/h2><div class='special-heading-border'><div class='special-heading-inner-border' ><\/div><\/div><\/div><br \/>\n<section class=\"av_textblock_section\"  itemscope=\"itemscope\" itemtype=\"https:\/\/schema.org\/CreativeWork\" ><div class='avia_textblock'   itemprop=\"text\" ><div role=\"form\" class=\"wpcf7\" id=\"wpcf7-f20786-o1\" lang=\"lt-LT\" dir=\"ltr\">\n<div class=\"screen-reader-response\"><p role=\"status\" aria-live=\"polite\" aria-atomic=\"true\"><\/p> <ul><\/ul><\/div>\n<form action=\"\/lv\/wp-json\/wp\/v2\/pages\/856#wpcf7-f20786-o1\" method=\"post\" class=\"wpcf7-form init\" novalidate=\"novalidate\" data-status=\"init\" data-trp-original-action=\"\/lv\/wp-json\/wp\/v2\/pages\/856#wpcf7-f20786-o1\">\n<div style=\"display: none;\">\n<input type=\"hidden\" name=\"_wpcf7\" value=\"20786\" \/>\n<input type=\"hidden\" name=\"_wpcf7_version\" value=\"5.5.4\" \/>\n<input type=\"hidden\" name=\"_wpcf7_locale\" value=\"lt_LT\" \/>\n<input type=\"hidden\" name=\"_wpcf7_unit_tag\" value=\"wpcf7-f20786-o1\" \/>\n<input type=\"hidden\" name=\"_wpcf7_container_post\" value=\"0\" \/>\n<input type=\"hidden\" name=\"_wpcf7_posted_data_hash\" value=\"\" \/>\n<input type=\"hidden\" name=\"_wpcf7_recaptcha_response\" value=\"\" \/>\n<\/div>\n<div class=\"rowa\">\n<div class=\"columna\">\n<label> V\u0101rds<br \/>\n    <span class=\"wpcf7-form-control-wrap your-name\"><input type=\"text\" name=\"your-name\" value=\"\" size=\"40\" class=\"wpcf7-form-control wpcf7-text wpcf7-validates-as-required\" aria-required=\"true\" aria-invalid=\"false\" \/><\/span> <\/label><\/div>\n<div class=\"columna\">\n<label> E-pasts<br \/>\n    <span class=\"wpcf7-form-control-wrap your-email\"><input type=\"email\" name=\"your-email\" value=\"\" size=\"40\" class=\"wpcf7-form-control wpcf7-text wpcf7-email wpcf7-validates-as-required wpcf7-validates-as-email\" aria-required=\"true\" aria-invalid=\"false\" \/><\/span> <\/label><\/div>\n<div class=\"columna\">\n<label> T\u0113ma<br \/>\n    <span class=\"wpcf7-form-control-wrap your-subject\"><input type=\"text\" name=\"your-subject\" value=\"\" size=\"40\" class=\"wpcf7-form-control wpcf7-text\" aria-invalid=\"false\" \/><\/span> <\/label><\/div>\n<div class=\"columna\">\n<label> Telefona numurs<br \/>\n    <span class=\"wpcf7-form-control-wrap telefonas\"><input type=\"text\" name=\"telefonas\" value=\"\" size=\"40\" class=\"wpcf7-form-control wpcf7-text\" aria-invalid=\"false\" \/><\/span> <\/label><\/div>\n<div class=\"columnaf\">\n<label> Zi\u0146a<br \/>\n    <span class=\"wpcf7-form-control-wrap your-message\"><textarea name=\"your-message\" cols=\"40\" rows=\"10\" class=\"wpcf7-form-control wpcf7-textarea\" aria-invalid=\"false\"><\/textarea><\/span> <\/label>\n<\/div>\n<\/div>\n<p><input type=\"submit\" value=\"Nos\u016bt\u012bt zi\u0146u\" class=\"wpcf7-form-control has-spinner wpcf7-submit\" \/><\/p>\n<p style=\"display: none !important;\" class=\"akismet-fields-container\" data-prefix=\"_wpcf7_ak_\"><label>&#916;<textarea name=\"_wpcf7_ak_hp_textarea\" cols=\"45\" rows=\"8\" maxlength=\"100\"><\/textarea><\/label><input type=\"hidden\" id=\"ak_js_1\" name=\"_wpcf7_ak_js\" value=\"76\"\/><script>document.getElementById( \"ak_js_1\" ).setAttribute( \"value\", ( new Date() ).getTime() );<\/script><\/p><div class=\"wpcf7-response-output\" aria-hidden=\"true\"><\/div><input type=\"hidden\" name=\"trp-form-language\" value=\"lv\"\/><\/form><\/div>\n<\/div><\/section><\/p><\/div><div class=\"flex_column av_two_fifth  flex_column_div av-zero-column-padding\" style='border-radius:0px; '><p><div style='padding-bottom:20px;font-size:50px;' class='av-special-heading av-special-heading-h2  blockquote modern-quote modern-centered   av-thin-font av-inherit-size'><h2 class='av-special-heading-tag'  itemprop=\"headline\"  >Par veikalu<strong>&#8230;<\/strong><\/h2><div class='special-heading-border'><div class='special-heading-inner-border' ><\/div><\/div><\/div><br \/>\n<section class=\"av_textblock_section\"  itemscope=\"itemscope\" itemtype=\"https:\/\/schema.org\/CreativeWork\" ><div class='avia_textblock'   itemprop=\"text\" ><p>Paldies par interesi par m\u016bsu veikalu, ieg\u0101d\u0101joties m\u016bsu preces, j\u016bs veicin\u0101t m\u016bsu izaugsmi un sniegt ieguld\u012bjumu m\u016bsu lielaj\u0101 \u016bdensp\u012bpes m\u012b\u013cot\u0101ju kopien\u0101.<\/p>\n<\/div><\/section><br \/>\n<section class=\"av_textblock_section\"  itemscope=\"itemscope\" itemtype=\"https:\/\/schema.org\/CreativeWork\" ><div class='avia_textblock  av_inherit_color'  style='color:#ffffff; '  itemprop=\"text\" ><p>Veikal\u0101 HookahShop.lt var ieg\u0101d\u0101ties \u016bdensp\u012bpi un to piederumus, ogles un kr\u016bz\u012btes \u016bdensp\u012bpei, k\u0101 ar\u012b aksesu\u0101rus. \u016adensp\u012bpes veikal\u0101 atrad\u012bsit \u016bdensp\u012bpes tirg\u016b jau izveidotu slaven\u0101ko z\u012bmolu produktus, kas jaunizveidojas un strauji aug. M\u0113s vienm\u0113r esam gatavi konsult\u0113t par jebkuru jaut\u0101jumu, un j\u016bs sa\u0146emsiet atbildi no m\u016bsu konsultantiem, kuri, t\u0101pat k\u0101 neviens cits, zina preces veikala plauktos un pal\u012bdz\u0113s jums izlemt.<\/p>\n<\/div><\/section><br \/>\n<div style='padding-bottom:20px;font-size:33px;' class='av-special-heading av-special-heading-h2  blockquote modern-quote modern-centered   av-inherit-size'><h2 class='av-special-heading-tag'  itemprop=\"headline\"  >Bie\u017ei uzdotie jaut\u0101jumi<\/h2><div class ='av-subheading av-subheading_below' style='font-size:15px;'><p>Par \u016bdensp\u012bp\u0113m, kr\u016bz\u012bt\u0113m, aksesu\u0101riem un visu p\u0101r\u0113jo.<\/p>\n<\/div><div class='special-heading-border'><div class='special-heading-inner-border' ><\/div><\/div><\/div><br \/>\n<div class=\"togglecontainer  toggle_close_all\">\n<section class=\"av_toggle_section\"  itemscope=\"itemscope\" itemtype=\"https:\/\/schema.org\/CreativeWork\" >    <div class=\"single_toggle\" data-tags=\"{All} \" >        <p data-fake-id=\"#toggle-id-1\" class=\"toggler\"  itemprop=\"headline\" >K\u0101du \u0101\u0137i izv\u0113l\u0113ties par \u0161\u0101du un t\u0101du summu?<span class=\"toggle_icon\">        <span class=\"vert_icon\"><\/span><span class=\"hor_icon\"><\/span><\/span><\/p>        <div id=\"toggle-id-1-container\" class=\"toggle_wrap\" >            <div class=\"toggle_content invers-color\"  itemprop=\"text\" ><p><span class=\"tojvnm2t a6sixzi8 abs2jz4q a8s20v7p t1p8iaqh k5wvi7nf q3lfd5jv pk4s997a bipmatt0 cebpdrjk qowsmv63 owwhemhu dp1hu0rb dhp61c6y iyyx5f41\">Mums ir \u016bdensp\u012bpes un \u016bdensp\u012bpes komplekti no 55eur, tas viss ir atkar\u012bgs no j\u016bsu pieejam\u0101 bud\u017eeta. P\u0101rsvar\u0101 iesak\u0101m izv\u0113l\u0113ties \u016bdensp\u012bpes komplektu, jo taj\u0101 ir visi nepiecie\u0161amie \u016bdensp\u012bpes piederumi, nav j\u0101dom\u0101, ko ar ko uzst\u0101d\u012bt, t\u0101p\u0113c b\u016bs viegl\u0101k. \u016adensp\u012bpes komplektu var izv\u0113l\u0113ties ar\u012b atbilsto\u0161i j\u016bsu iesp\u0113jamajam bud\u017eetam. Taj\u0101 pa\u0161\u0101 laik\u0101 m\u0113s varam pied\u0101v\u0101t pla\u0161u nepabeigtu \u016bdensp\u012bpe\u0146u kl\u0101stu, ko j\u016bs varat salikt individu\u0101li atbilsto\u0161i sav\u0101m vajadz\u012bb\u0101m.<\/span><\/p>\n            <\/div>        <\/div>    <\/div><\/section>\n<section class=\"av_toggle_section\"  itemscope=\"itemscope\" itemtype=\"https:\/\/schema.org\/CreativeWork\" >    <div class=\"single_toggle\" data-tags=\"{All} \" >        <p data-fake-id=\"#toggle-id-2\" class=\"toggler\"  itemprop=\"headline\" >Vai mums ir pl\u012bts ar kokogli?<span class=\"toggle_icon\">        <span class=\"vert_icon\"><\/span><span class=\"hor_icon\"><\/span><\/span><\/p>        <div id=\"toggle-id-2-container\" class=\"toggle_wrap\" >            <div class=\"toggle_content invers-color\"  itemprop=\"text\" ><p><span class=\"tojvnm2t a6sixzi8 abs2jz4q a8s20v7p t1p8iaqh k5wvi7nf q3lfd5jv pk4s997a bipmatt0 cebpdrjk qowsmv63 owwhemhu dp1hu0rb dhp61c6y iyyx5f41\">Mums ir kokogles aizdedzin\u0101t\u0101js, un to sauc par pl\u012bti vai tosteri, kas tiek darbin\u0101ts ar 220 V. Pl\u012bts virsma ir l\u0113t\u0101ka par 10eur, bet \u0101tr\u0101k saboj\u0101jas, jo izmantotais priek\u0161mets nav paredz\u0113ts. Tosteri ir vair\u0101k piem\u0113roti \u016bdensp\u012bpes t\u0113mas izmanto\u0161anai, ta\u010du tie ir d\u0101rg\u0101ki. T\u0101 ir ar\u012b t\u016bristu pl\u012bts ar g\u0101zes baloniem, t\u0101 ir \u013coti praktiska lieta, ce\u013cojot bez elektr\u012bbas avota.<\/span><\/p>\n            <\/div>        <\/div>    <\/div><\/section>\n<section class=\"av_toggle_section\"  itemscope=\"itemscope\" itemtype=\"https:\/\/schema.org\/CreativeWork\" >    <div class=\"single_toggle\" data-tags=\"{All} \" >        <p data-fake-id=\"#toggle-id-3\" class=\"toggler\"  itemprop=\"headline\" >Vai m\u0113s p\u0101rdodam tabaku?<span class=\"toggle_icon\">        <span class=\"vert_icon\"><\/span><span class=\"hor_icon\"><\/span><\/span><\/p>        <div id=\"toggle-id-3-container\" class=\"toggle_wrap\" >            <div class=\"toggle_content invers-color\"  itemprop=\"text\" ><p><span class=\"tojvnm2t a6sixzi8 abs2jz4q a8s20v7p t1p8iaqh k5wvi7nf q3lfd5jv pk4s997a bipmatt0 cebpdrjk qowsmv63 owwhemhu dp1hu0rb dhp61c6y iyyx5f41\">Tabakas izstr\u0101d\u0101jumus varam p\u0101rdot tikai fiziskajos veikalos Hookahshop Fiziskais veikals Kedr\u0173 st. 3, Vi\u013c\u0146a\u00a0<\/span><\/p>\n            <\/div>        <\/div>    <\/div><\/section>\n<section class=\"av_toggle_section\"  itemscope=\"itemscope\" itemtype=\"https:\/\/schema.org\/CreativeWork\" >    <div class=\"single_toggle\" data-tags=\"{All} \" >        <p data-fake-id=\"#toggle-id-4\" class=\"toggler\"  itemprop=\"headline\" >Mekl\u0113 d\u0101vanu, ko izv\u0113l\u0113ties?<span class=\"toggle_icon\">        <span class=\"vert_icon\"><\/span><span class=\"hor_icon\"><\/span><\/span><\/p>        <div id=\"toggle-id-4-container\" class=\"toggle_wrap\" >            <div class=\"toggle_content invers-color\"  itemprop=\"text\" ><p>Lieliska d\u0101vana v\u012brietim vai jebkuram citam sm\u0113\u0137\u0113t\u0101jam - \u016bdensp\u012bpe vai \u016bdensp\u012bpes komplekts. Un, ja jums jau ir \u016bdensp\u012bpe, bet v\u0113laties to uzd\u0101vin\u0101t-j\u016bs varat ieg\u0101d\u0101ties da\u017e\u0101dus \u016bdensp\u012bpes piederumus, kas b\u016bs ne tikai kvalitat\u012bvs un ilgsto\u0161s, bet ar\u012b lieliska d\u0101vana v\u012bram vai sm\u0113\u0137\u0113t\u0101jam.<\/p>\n            <\/div>        <\/div>    <\/div><\/section>\n<section class=\"av_toggle_section\"  itemscope=\"itemscope\" itemtype=\"https:\/\/schema.org\/CreativeWork\" >    <div class=\"single_toggle\" data-tags=\"{All} \" >        <p data-fake-id=\"#toggle-id-5\" class=\"toggler\"  itemprop=\"headline\" >K\u0101du kr\u016bz\u012bti izv\u0113l\u0113ties \u016bdensp\u012bpei?<span class=\"toggle_icon\">        <span class=\"vert_icon\"><\/span><span class=\"hor_icon\"><\/span><\/span><\/p>        <div id=\"toggle-id-5-container\" class=\"toggle_wrap\" >            <div class=\"toggle_content invers-color\"  itemprop=\"text\" ><p>Lai uzzin\u0101tu vair\u0101k par to, k\u0101du kr\u016bz\u012bti izv\u0113l\u0113ties \u016bdensp\u012bpei - iesak\u0101m vispirms izlas\u012bt m\u016bsu rakstu <a href=\"https:\/\/hookahshop.lt\/lv\/shisha-kauss-krievi-un-ipasumi\/\" data-schema-attribute=\"\">par kausu \u012bpa\u0161\u012bb\u0101m<\/a>. M\u0113s ar\u012b iesak\u0101m s\u0101kt ar \u201c<a href=\"https:\/\/hookahshop.lt\/lv\/produkta-kategorija\/priedai-kaljanui\/taureles-kaljanui\/\">Turku<\/a>&quot;Vai&quot;<a href=\"https:\/\/hookahshop.lt\/lv\/produkta-kategorija\/priedai-kaljanui\/taureles-kaljanui\/\">Slepkava<\/a>\u201dVeidotas kr\u016bzes, lai lab\u0101k iepaz\u012btu kr\u016bz\u012b\u0161u \u012bpa\u0161\u012bbas un atrastu sev piem\u0113rot\u0101ko.<\/p>\n            <\/div>        <\/div>    <\/div><\/section>\n<\/div><\/p><\/div><div class=\"flex_column av_three_fifth  flex_column_div av-zero-column-padding first\" style='border-radius:0px; '><\/div><div class=\"flex_column av_one_full  flex_column_div av-zero-column-padding first\" style='border-radius:0px; '><\/div><\/div><\/div><\/div><!-- close content main div --><\/div><\/div><\/div><div id='after_section_1' class='main_color av_default_container_wrap container_wrap sidebar_right'   ><div class='container' ><div class='template-page content  av-content-small alpha units'><div class='post-entry post-entry-type-page post-entry-856'><div class='entry-content-wrapper clearfix'>","protected":false},"excerpt":{"rendered":"","protected":false},"author":1,"featured_media":12491,"parent":0,"menu_order":0,"comment_status":"closed","ping_status":"closed","template":"","meta":[],"_links":{"self":[{"href":"https:\/\/hookahshop.lt\/lv\/wp-json\/wp\/v2\/pages\/856"}],"collection":[{"href":"https:\/\/hookahshop.lt\/lv\/wp-json\/wp\/v2\/pages"}],"about":[{"href":"https:\/\/hookahshop.lt\/lv\/wp-json\/wp\/v2\/types\/page"}],"author":[{"embeddable":true,"href":"https:\/\/hookahshop.lt\/lv\/wp-json\/wp\/v2\/users\/1"}],"replies":[{"embeddable":true,"href":"https:\/\/hookahshop.lt\/lv\/wp-json\/wp\/v2\/comments?post=856"}],"version-history":[{"count":102,"href":"https:\/\/hookahshop.lt\/lv\/wp-json\/wp\/v2\/pages\/856\/revisions"}],"predecessor-version":[{"id":41900,"href":"https:\/\/hookahshop.lt\/lv\/wp-json\/wp\/v2\/pages\/856\/revisions\/41900"}],"wp:featuredmedia":[{"embeddable":true,"href":"https:\/\/hookahshop.lt\/lv\/wp-json\/wp\/v2\/media\/12491"}],"wp:attachment":[{"href":"https:\/\/hookahshop.lt\/lv\/wp-json\/wp\/v2\/media?parent=856"}],"curies":[{"name":"wp","href":"https:\/\/api.w.org\/{rel}","templated":true}]}}