{"id":10489,"date":"2020-07-18T11:34:06","date_gmt":"2020-07-18T08:34:06","guid":{"rendered":"https:\/\/hookahshop.lt\/?post_type=product&#038;p=10489"},"modified":"2024-08-22T12:53:59","modified_gmt":"2024-08-22T09:53:59","slug":"taurele-kaljanui-telamon-classic-bowl-glaze","status":"publish","type":"product","link":"https:\/\/hookahshop.lt\/lv\/produkt\/bloda-udenspipe-telamon-klasika-bloda-glazura\/","title":{"rendered":"\u0100\u0137is TELAMON Classic Bowl Glaze"},"content":{"rendered":"<h2>\u0100\u0137is TELAMON Classic Bowl Glaze<\/h2>\n<p>Telamon pied\u0101v\u0101 klasisku b\u013codu ar glaz\u016bru. Glaz\u0113t\u0101 b\u013coda v\u0113l vair\u0101k izce\u013c gar\u0161u!<\/p>\n<p>Katra b\u013coda ir izgatavota ar amatnieka rok\u0101m. Izgatavots no augstas kvalit\u0101tes m\u0101la, izmantojot augstas temperat\u016bras dubulto apdedzin\u0101\u0161anu (virs 1220 gr\u0101diem p\u0113c Celsija). Augst\u0101 bl\u012bvuma un temperat\u016bras d\u0113\u013c tabakas s\u012brups neuzs\u016bcas kr\u016bzes sieni\u0146\u0101s un neizpl\u016bst pat laika gait\u0101<\/p>\n<p>\u0160\u012b b\u013coda lieliski apgrauzd\u0113 visu \u016bdensp\u012bpes tabaku, stipru vai vieglu. Kr\u016bzes ietilp\u012bba ir 10-15 grami tabakas.<\/p>\n<p>Vai jums ir k\u0101di jaut\u0101jumi? Sazinies ar mums\u00a0<a href=\"https:\/\/hookahshop.lt\/lv\/kontaktiem\/\">kontaktu lapa<\/a>\u00a0vai rakstiet mums pa e-pastu\u00a0<a href=\"https:\/\/facebook.com\/HookahShop.lt\/\" target=\"_blank\" rel=\"noopener noreferrer\">Facebook konts<\/a>\u00a0un m\u0113s atbild\u0113sim uz j\u016bsu piepras\u012bjumu taj\u0101 pa\u0161\u0101 dien\u0101.<\/p>","protected":false},"excerpt":{"rendered":"<p>\u016adensp\u012bpes b\u013coda TELAMON Classic Bowl Glaze Telamon pied\u0101v\u0101 klasisku b\u013codu ar glaz\u016bru. Glaz\u0113t\u0101 b\u013coda v\u0113l vair\u0101k izce\u013c gar\u0161u! Katra b\u013coda ir izgatavota ar amatnieka rok\u0101m. Izgatavots no augstas kvalit\u0101tes m\u0101la, izmantojot augstas temperat\u016bras dubulto apdedzin\u0101\u0161anu (virs 1220 gr\u0101diem p\u0113c Celsija). Augst\u0101 bl\u012bvuma un temperat\u016bras d\u0113\u013c tabakas s\u012brups pat laika gait\u0101 neuzs\u016bcas tases sieni\u0146\u0101s un nepl\u016bst \u0160is [\u2026]<\/p>","protected":false},"featured_media":10490,"comment_status":"open","ping_status":"closed","template":"","meta":[],"_links":{"self":[{"href":"https:\/\/hookahshop.lt\/lv\/wp-json\/wp\/v2\/product\/10489"}],"collection":[{"href":"https:\/\/hookahshop.lt\/lv\/wp-json\/wp\/v2\/product"}],"about":[{"href":"https:\/\/hookahshop.lt\/lv\/wp-json\/wp\/v2\/types\/product"}],"replies":[{"embeddable":true,"href":"https:\/\/hookahshop.lt\/lv\/wp-json\/wp\/v2\/comments?post=10489"}],"version-history":[{"count":3,"href":"https:\/\/hookahshop.lt\/lv\/wp-json\/wp\/v2\/product\/10489\/revisions"}],"predecessor-version":[{"id":41764,"href":"https:\/\/hookahshop.lt\/lv\/wp-json\/wp\/v2\/product\/10489\/revisions\/41764"}],"wp:featuredmedia":[{"embeddable":true,"href":"https:\/\/hookahshop.lt\/lv\/wp-json\/wp\/v2\/media\/10490"}],"wp:attachment":[{"href":"https:\/\/hookahshop.lt\/lv\/wp-json\/wp\/v2\/media?parent=10489"}],"curies":[{"name":"wp","href":"https:\/\/api.w.org\/{rel}","templated":true}]}}