{"id":10552,"date":"2020-07-18T13:42:33","date_gmt":"2020-07-18T10:42:33","guid":{"rendered":"https:\/\/hookahshop.lt\/?post_type=product&#038;p=10552"},"modified":"2026-04-10T12:51:23","modified_gmt":"2026-04-10T09:51:23","slug":"kaljano-komplektas-alpha-hookah-x-orange-fluor","status":"publish","type":"product","link":"https:\/\/hookahshop.lt\/lv\/produkt\/udenspipes-komplekts-alfa-udenspipe-x-orange-fluor\/","title":{"rendered":"HOOKAH SET ALPHA HOOKAH X ORANGE FLUOR"},"content":{"rendered":"<h2>HOOKAH SET ALPHA HOOKAH X ORANGE FLUOR<\/h2>\n<p>Alfa \u016bdensp\u012bpe Model X, gada \u0101\u0137is D\u017eona Kaljano balvu pasnieg\u0161an\u0101 2018 un \u016adensp\u012bpes kluba izst\u0101d\u0113 2020<br \/>\nTas ir kompakts, viegli lietojams. Pietiekami viegls \u016bdensp\u012bpe, visi t\u0101 elementi ir izgatavoti no augstas kvalit\u0101tes moderniem materi\u0101liem, nodro\u0161inot izcilu gar\u0161u un iztur\u012bbu pat regul\u0101ri lietojot.<\/p>\n<p>\u016adensp\u012bpes augstums = 420 mm<\/p>\n<p>Apr\u012bkojums:<br \/>\nV\u0101rpsta -1 gab.<br \/>\n\u016adensp\u012bpes pl\u0101ksne ar z\u012bmola grav\u0113jumu - 1 gab.<br \/>\nIemutnis - 1 gab.<br \/>\nSilikona \u0161\u013c\u016btene - 1 gab.<br \/>\nBl\u012bves - 2 gab.<br \/>\nKolba (oran\u017ea) - 1 gab.<br \/>\nKnaibles - 1 gab.<br \/>\nSiltuma kamera - 1 gab.<br \/>\nKauss (Oblako) - 1 gab.<br \/>\nOg\u013cu Zocomo 1kg - 1gab.<br \/>\nPl\u012bts - 1gab.<\/p>\n<p>Vai jums ir k\u0101di jaut\u0101jumi? Sazinies ar mums\u00a0<a href=\"https:\/\/hookahshop.lt\/lv\/kontaktiem\/\">kontaktu lapa<\/a>\u00a0vai rakstiet mums pa e-pastu\u00a0<a href=\"https:\/\/facebook.com\/HookahShop.lt\/\" target=\"_blank\" rel=\"noopener noreferrer\">Facebook konts<\/a>\u00a0un m\u0113s atbild\u0113sim uz j\u016bsu piepras\u012bjumu taj\u0101 pa\u0161\u0101 dien\u0101.<\/p>","protected":false},"excerpt":{"rendered":"<p>HOOKAH SET ALPHA HOOKAH X ORANGE FLUOR Alpha Hookah Model X, gada \u016bdensp\u012bpe saska\u0146\u0101 ar John Calliano Awards 2018 un Hookah Club Show 2020. Tas ir kompakts un viegli lietojams. Diezgan viegla \u016bdensp\u012bpe, visi t\u0101s elementi ir izgatavoti no kvalitat\u012bviem m\u016bsdien\u012bgiem materi\u0101liem, kas nodro\u0161ina izcilu gar\u0161u un iztur\u012bbu pat regul\u0101ri lietojot. \u016adensp\u012bpes augstums = 420 mm Pilns komplekts: [...]<\/p>","protected":false},"featured_media":10558,"comment_status":"open","ping_status":"closed","template":"","meta":[],"_links":{"self":[{"href":"https:\/\/hookahshop.lt\/lv\/wp-json\/wp\/v2\/product\/10552"}],"collection":[{"href":"https:\/\/hookahshop.lt\/lv\/wp-json\/wp\/v2\/product"}],"about":[{"href":"https:\/\/hookahshop.lt\/lv\/wp-json\/wp\/v2\/types\/product"}],"replies":[{"embeddable":true,"href":"https:\/\/hookahshop.lt\/lv\/wp-json\/wp\/v2\/comments?post=10552"}],"version-history":[{"count":2,"href":"https:\/\/hookahshop.lt\/lv\/wp-json\/wp\/v2\/product\/10552\/revisions"}],"predecessor-version":[{"id":20154,"href":"https:\/\/hookahshop.lt\/lv\/wp-json\/wp\/v2\/product\/10552\/revisions\/20154"}],"wp:featuredmedia":[{"embeddable":true,"href":"https:\/\/hookahshop.lt\/lv\/wp-json\/wp\/v2\/media\/10558"}],"wp:attachment":[{"href":"https:\/\/hookahshop.lt\/lv\/wp-json\/wp\/v2\/media?parent=10552"}],"curies":[{"name":"wp","href":"https:\/\/api.w.org\/{rel}","templated":true}]}}