{"id":10567,"date":"2020-07-18T14:01:41","date_gmt":"2020-07-18T11:01:41","guid":{"rendered":"https:\/\/hookahshop.lt\/?post_type=product&#038;p=10567"},"modified":"2026-04-18T23:28:50","modified_gmt":"2026-04-18T20:28:50","slug":"kaljano-komplektas-bigmaks-major-hookah","status":"publish","type":"product","link":"https:\/\/hookahshop.lt\/lv\/produkt\/hookah-kit-bigmaks-major-udenspipe\/","title":{"rendered":"BIGMAKS MAJOR \u016aPES KOMPLEKTS"},"content":{"rendered":"<h2>\u016aPES KOMPLEKTS BIGMAKS LIEL\u0100S \u016aPES<\/h2>\n<p>\u0160\u012b \u016bdensp\u012bpe ir izgatavota no Eirop\u0101 ra\u017eota ner\u016bs\u0113jo\u0161\u0101 t\u0113rauda AISI 304. Mont\u0101\u017ea tiek veikta ar v\u012bt\u0146otiem savienojumiem. \u016adensp\u012bpei ir vid\u0113ji klasisks raksturs. P\u016b\u0161anas sist\u0113ma sast\u0101v no pieciem v\u0101rstiem, kas \u013cauj nekav\u0113joties atbr\u012bvot kolbu no d\u016bmiem, k\u0101 ar\u012b atdzes\u0113t b\u013codu. O gredzena savienot\u0101js, ori\u0123in\u0101ls dizains.<\/p>\n<p>\u016adensp\u012bpes augstums: 510 mm<\/p>\n<p>Apr\u012bkojums:<br \/>\nV\u0101rpsta -1 gab.<br \/>\n\u016adensp\u012bpes pl\u0101ksne ar z\u012bmola grav\u0113jumu - 1 gab.<br \/>\nIemutnis - 1 gab.<br \/>\nSilikona \u0161\u013c\u016btene - 1 gab.<br \/>\nBl\u012bves - 2 gab.<br \/>\nKolba (caursp\u012bd\u012bga) - 1 gab.<br \/>\nKnaibles - 1 gab.<br \/>\nSiltuma kamera - 1 gab.<br \/>\nKauss (Bigmaks) - 1 gab.<br \/>\nOg\u013cu Zocomo 1kg - 1gab.<br \/>\nPl\u012bts - 1gab.<\/p>\n<p>Vai jums ir k\u0101di jaut\u0101jumi? Sazinies ar mums\u00a0<a href=\"https:\/\/hookahshop.lt\/lv\/kontaktiem\/\">kontaktu lapa<\/a>\u00a0vai rakstiet mums pa e-pastu\u00a0<a href=\"https:\/\/facebook.com\/HookahShop.lt\/\" target=\"_blank\" rel=\"noopener noreferrer\">Facebook konts<\/a>\u00a0un m\u0113s atbild\u0113sim uz j\u016bsu piepras\u012bjumu taj\u0101 pa\u0161\u0101 dien\u0101.<\/p>","protected":false},"excerpt":{"rendered":"<p>HOOKAH SET BIGMAKS MAJOR HOOKAH \u0160\u012b \u016bdensp\u012bpe ir izgatavota no Eirop\u0101 ra\u017eota ner\u016bs\u0113jo\u0161\u0101 t\u0113rauda AISI 304 Mont\u0101\u017ea tiek veikta ar v\u012bt\u0146otiem savienojumiem. \u016adensp\u012bpei ir vid\u0113ji klasisks raksturs. P\u016b\u0161anas sist\u0113ma sast\u0101v no pieciem v\u0101rstiem, kas \u013cauj nekav\u0113joties atbr\u012bvot kolbu no d\u016bmiem, k\u0101 ar\u012b atdzes\u0113t b\u013codu. O gredzena savienot\u0101js, ori\u0123in\u0101ls dizains. \u016adensp\u012bpes augstums: 510 mm Pilns komplekts: V\u0101rpsta - 1 gab. [\u2026]<\/p>","protected":false},"featured_media":10579,"comment_status":"open","ping_status":"closed","template":"","meta":[],"_links":{"self":[{"href":"https:\/\/hookahshop.lt\/lv\/wp-json\/wp\/v2\/product\/10567"}],"collection":[{"href":"https:\/\/hookahshop.lt\/lv\/wp-json\/wp\/v2\/product"}],"about":[{"href":"https:\/\/hookahshop.lt\/lv\/wp-json\/wp\/v2\/types\/product"}],"replies":[{"embeddable":true,"href":"https:\/\/hookahshop.lt\/lv\/wp-json\/wp\/v2\/comments?post=10567"}],"version-history":[{"count":1,"href":"https:\/\/hookahshop.lt\/lv\/wp-json\/wp\/v2\/product\/10567\/revisions"}],"predecessor-version":[{"id":20155,"href":"https:\/\/hookahshop.lt\/lv\/wp-json\/wp\/v2\/product\/10567\/revisions\/20155"}],"wp:featuredmedia":[{"embeddable":true,"href":"https:\/\/hookahshop.lt\/lv\/wp-json\/wp\/v2\/media\/10579"}],"wp:attachment":[{"href":"https:\/\/hookahshop.lt\/lv\/wp-json\/wp\/v2\/media?parent=10567"}],"curies":[{"name":"wp","href":"https:\/\/api.w.org\/{rel}","templated":true}]}}