{"id":10578,"date":"2020-07-18T14:25:18","date_gmt":"2020-07-18T11:25:18","guid":{"rendered":"https:\/\/hookahshop.lt\/?post_type=product&#038;p=10578"},"modified":"2026-04-20T23:29:03","modified_gmt":"2026-04-20T20:29:03","slug":"kaljano-komplektas-like-smoke-steel-wood-juodas","status":"publish","type":"product","link":"https:\/\/hookahshop.lt\/lv\/produkt\/udenspipe-komplekts-ka-dums-terauds-koks-melns\/","title":{"rendered":"HOOKA KOMPLEKTS K\u0100 D\u016aMU T\u0112RAUDA KOKA MELNS"},"content":{"rendered":"<h2>HOOKA KOMPLEKTS K\u0100 D\u016aMU T\u0112RAUDA KOKA MELNS<\/h2>\n<p>\u0160\u012b \u016bdensp\u012bpe ir izgatavota no ner\u016bs\u0113jo\u0161\u0101 t\u0113rauda ar \u013coti prec\u012bzu t\u0101s deta\u013cu apstr\u0101di. Dekor\u0101cija ir izgatavota no koka, un meln\u0101 kr\u0101sa uzsver \u0161\u012bs \u016bdensp\u012bpes varen\u012bbu!<\/p>\n<p>Uz pl\u0101ksn\u012btes un pamatnes ir iegrav\u0113ts z\u012bmola nosaukums. \u0160\u013c\u016btenes savienojums ir magn\u0113tisks. Tam ir regul\u0113jams difuzors.<\/p>\n<p>\u016adensp\u012bpes augstums: 510 mm<\/p>\n<p>Apr\u012bkojums:<br \/>\nV\u0101rpsta -1 gab.<br \/>\n\u016adensp\u012bpes pl\u0101ksne ar z\u012bmola grav\u0113jumu - 1 gab.<br \/>\nIemutnis - 1 gab.<br \/>\nSilikona \u0161\u013c\u016btene - 1 gab.<br \/>\nBl\u012bves - 2 gab.<br \/>\nKolba (at\u0161\u0137iras no fotoatt\u0113l\u0101 redzam\u0101s) - 1 gab.<br \/>\nKnaibles - 1 gab.<br \/>\nSiltuma kamera - 1 gab.<br \/>\nKauss (Bigmaks) - 1 gab.<br \/>\nOg\u013cu Zocomo 1kg - 1gab.<br \/>\nPl\u012bts - 1gab.<\/p>\n<p>Vai jums ir k\u0101di jaut\u0101jumi? Sazinies ar mums\u00a0<a href=\"https:\/\/hookahshop.lt\/lv\/kontaktiem\/\">kontaktu lapa<\/a>\u00a0vai rakstiet mums pa e-pastu\u00a0<a href=\"https:\/\/facebook.com\/HookahShop.lt\/\" target=\"_blank\" rel=\"noopener noreferrer\">Facebook konts<\/a>\u00a0un m\u0113s atbild\u0113sim uz j\u016bsu piepras\u012bjumu taj\u0101 pa\u0161\u0101 dien\u0101.<\/p>","protected":false},"excerpt":{"rendered":"<p>HOOKA SET LIKE SMOKE STEEL WOOD BLACK \u0160\u012b \u016bdensp\u012bpe ir izgatavota no ner\u016bs\u0113jo\u0161\u0101 t\u0113rauda, ar \u013coti prec\u012bzu t\u0101s deta\u013cu apstr\u0101di. Dekor\u0101cija ir izgatavota no koka, un meln\u0101 kr\u0101sa uzsver \u0161\u012bs \u016bdensp\u012bpes varen\u012bbu! Uz pl\u0101ksn\u012btes un pamatnes ir iegrav\u0113ts z\u012bmola nosaukums. \u0160\u013c\u016btenes savienojums ir magn\u0113tisks. Tam ir regul\u0113jams difuzors. \u016adensp\u012bpes augstums: 510 mm Pilns komplekts: V\u0101rpsta - 1 gab. \u016adensp\u012bpes \u0161\u0137\u012bvis ar firmas grav\u0113jumu [\u2026]<\/p>","protected":false},"featured_media":10582,"comment_status":"open","ping_status":"closed","template":"","meta":[],"_links":{"self":[{"href":"https:\/\/hookahshop.lt\/lv\/wp-json\/wp\/v2\/product\/10578"}],"collection":[{"href":"https:\/\/hookahshop.lt\/lv\/wp-json\/wp\/v2\/product"}],"about":[{"href":"https:\/\/hookahshop.lt\/lv\/wp-json\/wp\/v2\/types\/product"}],"replies":[{"embeddable":true,"href":"https:\/\/hookahshop.lt\/lv\/wp-json\/wp\/v2\/comments?post=10578"}],"version-history":[{"count":2,"href":"https:\/\/hookahshop.lt\/lv\/wp-json\/wp\/v2\/product\/10578\/revisions"}],"predecessor-version":[{"id":20158,"href":"https:\/\/hookahshop.lt\/lv\/wp-json\/wp\/v2\/product\/10578\/revisions\/20158"}],"wp:featuredmedia":[{"embeddable":true,"href":"https:\/\/hookahshop.lt\/lv\/wp-json\/wp\/v2\/media\/10582"}],"wp:attachment":[{"href":"https:\/\/hookahshop.lt\/lv\/wp-json\/wp\/v2\/media?parent=10578"}],"curies":[{"name":"wp","href":"https:\/\/api.w.org\/{rel}","templated":true}]}}