{"id":10587,"date":"2020-07-18T14:38:34","date_gmt":"2020-07-18T11:38:34","guid":{"rendered":"https:\/\/hookahshop.lt\/?post_type=product&#038;p=10587"},"modified":"2026-04-19T23:28:48","modified_gmt":"2026-04-19T20:28:48","slug":"apsauginis-sietelis-kaljanui-njn-hookah","status":"publish","type":"product","link":"https:\/\/hookahshop.lt\/lv\/produkt\/aizsargajoss-sietins-udenspipei-njn-udenspipei\/","title":{"rendered":"Aizsardz\u012bbas siets \u016bdensp\u012bpe NJN HOOKAH"},"content":{"rendered":"<h2>Aizsardz\u012bbas siets \u016bdensp\u012bpe NJN HOOKAH<\/h2>\n<p>Tas ne\u013cauj ogl\u0113m nejau\u0161i sadedzin\u0101t j\u016bsu d\u0101rgo mantu, sm\u0113\u0137\u0113jot m\u0101j\u0101s.<\/p>\n<p>Vai jums ir k\u0101di jaut\u0101jumi? Sazinies ar mums\u00a0<a href=\"https:\/\/hookahshop.lt\/lv\/kontaktiem\/\">kontaktu lapa<\/a>\u00a0vai rakstiet mums pa e-pastu\u00a0<a href=\"https:\/\/facebook.com\/HookahShop.lt\/\" target=\"_blank\" rel=\"noopener noreferrer\">Facebook konts<\/a>\u00a0un m\u0113s atbild\u0113sim uz j\u016bsu piepras\u012bjumu taj\u0101 pa\u0161\u0101 dien\u0101.<\/p>","protected":false},"excerpt":{"rendered":"<p>Aizsarg\u0101jo\u0161s sieti\u0146\u0161 \u016bdensp\u012bpei NJN HOOKAH Tas ne\u013cauj ogl\u0113m nejau\u0161i sadedzin\u0101t j\u016bsu d\u0101rgo \u012bpa\u0161umu, sm\u0113\u0137\u0113jot m\u0101j\u0101s. Vai jums ir k\u0101di jaut\u0101jumi? Sazinieties ar mums kontaktu lap\u0101 vai rakstiet mums uz m\u016bsu Facebook kontu un m\u0113s atbild\u0113sim uz j\u016bsu piepras\u012bjumu taj\u0101 pa\u0161\u0101 dien\u0101.<\/p>","protected":false},"featured_media":10588,"comment_status":"open","ping_status":"closed","template":"","meta":[],"_links":{"self":[{"href":"https:\/\/hookahshop.lt\/lv\/wp-json\/wp\/v2\/product\/10587"}],"collection":[{"href":"https:\/\/hookahshop.lt\/lv\/wp-json\/wp\/v2\/product"}],"about":[{"href":"https:\/\/hookahshop.lt\/lv\/wp-json\/wp\/v2\/types\/product"}],"replies":[{"embeddable":true,"href":"https:\/\/hookahshop.lt\/lv\/wp-json\/wp\/v2\/comments?post=10587"}],"version-history":[{"count":3,"href":"https:\/\/hookahshop.lt\/lv\/wp-json\/wp\/v2\/product\/10587\/revisions"}],"predecessor-version":[{"id":28377,"href":"https:\/\/hookahshop.lt\/lv\/wp-json\/wp\/v2\/product\/10587\/revisions\/28377"}],"wp:featuredmedia":[{"embeddable":true,"href":"https:\/\/hookahshop.lt\/lv\/wp-json\/wp\/v2\/media\/10588"}],"wp:attachment":[{"href":"https:\/\/hookahshop.lt\/lv\/wp-json\/wp\/v2\/media?parent=10587"}],"curies":[{"name":"wp","href":"https:\/\/api.w.org\/{rel}","templated":true}]}}