{"id":10623,"date":"2020-07-20T12:12:38","date_gmt":"2020-07-20T09:12:38","guid":{"rendered":"https:\/\/hookahshop.lt\/?post_type=product&#038;p=10623"},"modified":"2026-04-16T10:21:19","modified_gmt":"2026-04-16T07:21:19","slug":"taurele-kaljanui-smokelab-rocks","status":"publish","type":"product","link":"https:\/\/hookahshop.lt\/lv\/produkt\/stikls-udenspipe-smokelab-akmeni\/","title":{"rendered":"Kauss \u016bdensp\u012bpei SMOKELAB Rocks"},"content":{"rendered":"<h2>Kauss \u016bdensp\u012bpei SMOKELAB Rocks<\/h2>\n<p>Cepe\u0161kr\u0101sn\u012b uzkars\u0113t\u0101s kr\u016bzes m\u0113rc\u0113 kef\u012br\u0101 vai pien\u0101 un sviest\u0101. T\u0101d\u0101 veid\u0101 tiek pan\u0101kta kr\u016bzes \u016bdensiztur\u012bba, saglab\u0101jot keramikas \u012bpa\u0161\u012bbas.<\/p>\n<p>Smokelab Rocks ir patiesi daudzpus\u012bgi, jo biez\u0101s sienas \u013cauj vienm\u0113r\u012bgi uzsild\u012bt karstumiztur\u012bgu tabaku bez p\u0101rkar\u0161anas, savuk\u0101rt kr\u016bze ir pietiekami liela, lai sm\u0113\u0137\u0113tu m\u012bksto, stipro tabaku.<\/p>\n<p>Vai jums ir k\u0101di jaut\u0101jumi? Sazinies ar mums\u00a0<a href=\"https:\/\/hookahshop.lt\/lv\/kontaktiem\/\">kontaktu lapa<\/a>\u00a0vai rakstiet mums pa e-pastu\u00a0<a href=\"https:\/\/facebook.com\/HookahShop.lt\/\" target=\"_blank\" rel=\"noopener noreferrer\">Facebook konts<\/a>\u00a0un m\u0113s atbild\u0113sim uz j\u016bsu piepras\u012bjumu taj\u0101 pa\u0161\u0101 dien\u0101.<\/p>","protected":false},"excerpt":{"rendered":"<p>Kr\u016bz\u012bte \u016bdensp\u012bpei SMOKELAB Rocks Kr\u0101sn\u012b uzkars\u0113t\u0101s kr\u016bz\u012btes m\u0113rc\u0113 kef\u012br\u0101 vai pien\u0101 un sviest\u0101. T\u0101d\u0101 veid\u0101 tiek pan\u0101kta kr\u016bzes \u016bdensiztur\u012bba, saglab\u0101jot keramikas \u012bpa\u0161\u012bbas. Smokelab Rocks ir patiesi daudzpus\u012bgi, jo biez\u0101s sienas \u013cauj vienm\u0113r\u012bgi uzsild\u012bt karstumiztur\u012bgu tabaku bez p\u0101rkar\u0161anas, savuk\u0101rt kr\u016bze ir pietiekami liela, lai sm\u0113\u0137\u0113tu m\u012bksto, stipro tabaku. Vai jums ir k\u0101di jaut\u0101jumi? Sazinieties ar mums kontaktu lap\u0101 vai rakstiet [\u2026]<\/p>","protected":false},"featured_media":10624,"comment_status":"open","ping_status":"closed","template":"","meta":[],"_links":{"self":[{"href":"https:\/\/hookahshop.lt\/lv\/wp-json\/wp\/v2\/product\/10623"}],"collection":[{"href":"https:\/\/hookahshop.lt\/lv\/wp-json\/wp\/v2\/product"}],"about":[{"href":"https:\/\/hookahshop.lt\/lv\/wp-json\/wp\/v2\/types\/product"}],"replies":[{"embeddable":true,"href":"https:\/\/hookahshop.lt\/lv\/wp-json\/wp\/v2\/comments?post=10623"}],"version-history":[{"count":4,"href":"https:\/\/hookahshop.lt\/lv\/wp-json\/wp\/v2\/product\/10623\/revisions"}],"predecessor-version":[{"id":37695,"href":"https:\/\/hookahshop.lt\/lv\/wp-json\/wp\/v2\/product\/10623\/revisions\/37695"}],"wp:featuredmedia":[{"embeddable":true,"href":"https:\/\/hookahshop.lt\/lv\/wp-json\/wp\/v2\/media\/10624"}],"wp:attachment":[{"href":"https:\/\/hookahshop.lt\/lv\/wp-json\/wp\/v2\/media?parent=10623"}],"curies":[{"name":"wp","href":"https:\/\/api.w.org\/{rel}","templated":true}]}}