{"id":10677,"date":"2020-07-21T12:35:38","date_gmt":"2020-07-21T09:35:38","guid":{"rendered":"https:\/\/hookahshop.lt\/?post_type=product&#038;p=10677"},"modified":"2026-04-24T23:29:03","modified_gmt":"2026-04-24T20:29:03","slug":"kaljano-anglies-laikiklis","status":"publish","type":"product","link":"https:\/\/hookahshop.lt\/lv\/produkt\/udenspipes-oglu-turetajs\/","title":{"rendered":"\u016adensp\u012bpes oglek\u013ca tur\u0113t\u0101js"},"content":{"rendered":"<h2>\u016adensp\u012bpes oglek\u013ca tur\u0113t\u0101js<\/h2>\n<p>Tas ir paredz\u0113ts, lai ogles b\u016btu dro\u0161i vienuviet.<\/p>\n<p>Augstums: ~37cm<br \/>\nAsmens diametrs: ~ 18cm<\/p>\n<p>Vai jums ir k\u0101di jaut\u0101jumi? Sazinies ar mums\u00a0<a href=\"https:\/\/hookahshop.lt\/lv\/kontaktiem\/\">kontaktu lapa<\/a>\u00a0vai rakstiet mums pa e-pastu\u00a0<a href=\"https:\/\/facebook.com\/HookahShop.lt\/\" target=\"_blank\" rel=\"noopener noreferrer\">Facebook konts<\/a>\u00a0un m\u0113s atbild\u0113sim uz j\u016bsu piepras\u012bjumu taj\u0101 pa\u0161\u0101 dien\u0101.<\/p>","protected":false},"excerpt":{"rendered":"<p>\u016adensp\u012bpes og\u013cu tur\u0113t\u0101js Tas ir paredz\u0113ts, lai ogles dro\u0161i tur\u0113tu vienuviet. Augstums: ~37cm Asmens diametrs: ~18cm Vai jums ir k\u0101di jaut\u0101jumi? Sazinieties ar mums kontaktu lap\u0101 vai rakstiet mums Facebook, un m\u0113s atbild\u0113sim uz j\u016bsu piepras\u012bjumu taj\u0101 pa\u0161\u0101 dien\u0101.<\/p>","protected":false},"featured_media":10678,"comment_status":"open","ping_status":"closed","template":"","meta":[],"_links":{"self":[{"href":"https:\/\/hookahshop.lt\/lv\/wp-json\/wp\/v2\/product\/10677"}],"collection":[{"href":"https:\/\/hookahshop.lt\/lv\/wp-json\/wp\/v2\/product"}],"about":[{"href":"https:\/\/hookahshop.lt\/lv\/wp-json\/wp\/v2\/types\/product"}],"replies":[{"embeddable":true,"href":"https:\/\/hookahshop.lt\/lv\/wp-json\/wp\/v2\/comments?post=10677"}],"version-history":[{"count":7,"href":"https:\/\/hookahshop.lt\/lv\/wp-json\/wp\/v2\/product\/10677\/revisions"}],"predecessor-version":[{"id":45449,"href":"https:\/\/hookahshop.lt\/lv\/wp-json\/wp\/v2\/product\/10677\/revisions\/45449"}],"wp:featuredmedia":[{"embeddable":true,"href":"https:\/\/hookahshop.lt\/lv\/wp-json\/wp\/v2\/media\/10678"}],"wp:attachment":[{"href":"https:\/\/hookahshop.lt\/lv\/wp-json\/wp\/v2\/media?parent=10677"}],"curies":[{"name":"wp","href":"https:\/\/api.w.org\/{rel}","templated":true}]}}