{"id":10686,"date":"2020-07-21T18:34:17","date_gmt":"2020-07-21T15:34:17","guid":{"rendered":"https:\/\/hookahshop.lt\/?post_type=product&#038;p=10686"},"modified":"2026-04-24T23:29:38","modified_gmt":"2026-04-24T20:29:38","slug":"turistine-dujine-virykle-su-keramikos-danga","status":"publish","type":"product","link":"https:\/\/hookahshop.lt\/lv\/produkt\/turistu-gazes-plits-ar-keramikas-parklajumu\/","title":{"rendered":"Ce\u013cojuma g\u0101zes pl\u012bts ar keramikas p\u0101rkl\u0101jumu"},"content":{"rendered":"<h2>Ce\u013cojuma g\u0101zes pl\u012bts ar keramikas p\u0101rkl\u0101jumu<\/h2>\n<p>Dro\u0161a un \u0113rti lietojama p\u0101rn\u0113s\u0101jama g\u0101zes pl\u012bts, kuru varat p\u0101rvad\u0101t ce\u013cojumos un nometn\u0113s. \u0112rti ce\u013cojiet ar t\u016brisma g\u0101zi un pat dab\u0101.<\/p>\n<p>T\u016brisma g\u0101zes pl\u012bts ar keramikas p\u0101rkl\u0101jumu ar vienreiz\u0113jo but\u0101na g\u0101zes balonu (210 g, pieejams specializ\u0113tajos veikalos) - novietojiet g\u0101zes balonu sav\u0101 viet\u0101, nofiks\u0113jiet, nospie\u017eot pogu &quot;LOCK&quot;. Pagrie\u017eot pl\u012bts klo\u0137i l\u012bdz galam, iekursiet kr\u0101sni, s\u0113rkoci\u0146i vai citi uguns avoti nav vajadz\u012bgi.<br \/>\nT\u016brisma g\u0101zes pl\u012bts ar keramikas p\u0101rkl\u0101jumu ar g\u0101zes balonu (gan balonu, gan t\u0101 piederumus var ieg\u0101d\u0101ties specializ\u0113tajos veikalos) \u2013 papildus b\u016bs nepiecie\u0161ami t\u0101di aksesu\u0101ri k\u0101 g\u0101zes \u0161\u013c\u016btene, divas skavas, reduktors un pats balons. Pagrie\u017eot pl\u012bts klo\u0137i l\u012bdz galam, iekursiet kr\u0101sni, s\u0113rkoci\u0146i vai citi uguns avoti nav vajadz\u012bgi.<\/p>\n<p>V\u0113jstikls aizsarg\u0101 liesmu un samazina g\u0101zes pat\u0113ri\u0146u<br \/>\nKeramikas p\u0101rkl\u0101jums<br \/>\nIzmanto sa\u0161\u0137idrin\u0101tu but\u0101na g\u0101zi<br \/>\nIzm\u0113ri: 34 x 25 x 6<\/p>\n<p>Vai jums ir k\u0101di jaut\u0101jumi? Sazinies ar mums\u00a0<a href=\"https:\/\/hookahshop.lt\/lv\/kontaktiem\/\">kontaktu lapa<\/a>\u00a0vai rakstiet mums pa e-pastu\u00a0<a href=\"https:\/\/facebook.com\/HookahShop.lt\/\" target=\"_blank\" rel=\"noopener noreferrer\">Facebook konts<\/a>\u00a0un m\u0113s atbild\u0113sim uz j\u016bsu piepras\u012bjumu taj\u0101 pa\u0161\u0101 dien\u0101.<\/p>","protected":false},"excerpt":{"rendered":"<p>T\u016brisma g\u0101zes pl\u012bts ar keramikas p\u0101rkl\u0101jumu Dro\u0161a un \u0113rti lietojama p\u0101rn\u0113s\u0101jama g\u0101zes pl\u012bts, ko var \u0146emt l\u012bdzi izbraucienos, nometn\u0113s. Ce\u013cojiet \u0113rti ar t\u016bristu g\u0101zes automa\u0161\u012bnu un pat dab\u0101. T\u016brisma g\u0101zes pl\u012bts ar keramikas p\u0101rkl\u0101jumu ar vienreiz\u0113jo but\u0101na g\u0101zes balonu (210g, pieejams specializ\u0113tajos veikalos) - novietojiet g\u0101zes balonu sav\u0101 viet\u0101, nofiks\u0113jiet, nospie\u017eot pogu &quot;LOCK&quot;. Kr\u0101snis [\u2026]<\/p>","protected":false},"featured_media":10687,"comment_status":"open","ping_status":"closed","template":"","meta":[],"_links":{"self":[{"href":"https:\/\/hookahshop.lt\/lv\/wp-json\/wp\/v2\/product\/10686"}],"collection":[{"href":"https:\/\/hookahshop.lt\/lv\/wp-json\/wp\/v2\/product"}],"about":[{"href":"https:\/\/hookahshop.lt\/lv\/wp-json\/wp\/v2\/types\/product"}],"replies":[{"embeddable":true,"href":"https:\/\/hookahshop.lt\/lv\/wp-json\/wp\/v2\/comments?post=10686"}],"version-history":[{"count":7,"href":"https:\/\/hookahshop.lt\/lv\/wp-json\/wp\/v2\/product\/10686\/revisions"}],"predecessor-version":[{"id":45709,"href":"https:\/\/hookahshop.lt\/lv\/wp-json\/wp\/v2\/product\/10686\/revisions\/45709"}],"wp:featuredmedia":[{"embeddable":true,"href":"https:\/\/hookahshop.lt\/lv\/wp-json\/wp\/v2\/media\/10687"}],"wp:attachment":[{"href":"https:\/\/hookahshop.lt\/lv\/wp-json\/wp\/v2\/media?parent=10686"}],"curies":[{"name":"wp","href":"https:\/\/api.w.org\/{rel}","templated":true}]}}