{"id":10733,"date":"2020-07-22T00:33:42","date_gmt":"2020-07-21T21:33:42","guid":{"rendered":"https:\/\/hookahshop.lt\/?post_type=product&#038;p=10733"},"modified":"2026-04-14T23:29:07","modified_gmt":"2026-04-14T20:29:07","slug":"kolba-kaljanui-hookahtree-creat-pearl","status":"publish","type":"product","link":"https:\/\/hookahshop.lt\/lv\/produkt\/kolba-udenspipe-udenspipe-creat-perle\/","title":{"rendered":"Kolba baldness HOOKAHTREE Creat Pearl"},"content":{"rendered":"<h2>Kolba baldness HOOKAHTREE Creat Pearl<\/h2>\n<p>\u0160\u012b ir kolba klasikas cien\u012bt\u0101jiem. Pati forma ir nedaudz p\u0101rveidota, un \u0161aj\u0101 model\u012b ir \u0146emti v\u0113r\u0101 visi izm\u0113ri.<\/p>\n<p>&quot;HookahTree Creat&quot; kolba (P\u0113rle) p\u0101rsteidz ar saviem neparastajiem un neaizmirstamajiem to\u0146iem. M\u012b\u013cot\u0101ji noteikti nov\u0113rt\u0113s t\u0101s unik\u0101lo formu.<\/p>\n<p><strong><span title=\"\">Specifik\u0101cijas:<\/span><\/strong><br \/>\nAugstums: 271 mm<br \/>\nSvars: ~ 1780 g<br \/>\n\u0100r\u0113j\u0101s r\u012bkles diametrs: 69 mm<br \/>\nIek\u0161\u0113jais r\u012bkles diametrs: 47 mm<br \/>\nProdukta materi\u0101ls: stikls<\/p>\n<p>Vai jums ir k\u0101di jaut\u0101jumi? Sazinies ar mums\u00a0<a href=\"https:\/\/hookahshop.lt\/lv\/kontaktiem\/\">kontaktu lapa<\/a>\u00a0vai rakstiet mums pa e-pastu\u00a0<a href=\"https:\/\/facebook.com\/HookahShop.lt\/\" target=\"_blank\" rel=\"noopener noreferrer\">Facebook konts<\/a>\u00a0un m\u0113s atbild\u0113sim uz j\u016bsu piepras\u012bjumu taj\u0101 pa\u0161\u0101 dien\u0101.<\/p>","protected":false},"excerpt":{"rendered":"<p>Kolba kaljanui HOOKAHTREE Creat Pearl Tai yra kolba, skirta klasikos m\u0117g\u0117jams. Pati forma buvo \u0161iek tiek pakeista ir \u0161iame modelyje buvo atsi\u017evelgta \u012f visus matmenis. Kolba \u201eHookahTree Creat\u201c (\u201ePerlamutras\u201c) daro \u012fsp\u016bd\u012f savo ne\u012fprastais ir \u012fsimenan\u010diais atspalviais. M\u0117g\u0117jai tikrai \u012fvertins jos unikali\u0105 form\u0105. Specifikacijos: Auk\u0161tis: 271 mm Svoris: ~ 1780 g I\u0161orinis gerkl\u0117s skersmuo: 69 mm [&hellip;]<\/p>","protected":false},"featured_media":10734,"comment_status":"open","ping_status":"closed","template":"","meta":[],"_links":{"self":[{"href":"https:\/\/hookahshop.lt\/lv\/wp-json\/wp\/v2\/product\/10733"}],"collection":[{"href":"https:\/\/hookahshop.lt\/lv\/wp-json\/wp\/v2\/product"}],"about":[{"href":"https:\/\/hookahshop.lt\/lv\/wp-json\/wp\/v2\/types\/product"}],"replies":[{"embeddable":true,"href":"https:\/\/hookahshop.lt\/lv\/wp-json\/wp\/v2\/comments?post=10733"}],"version-history":[{"count":5,"href":"https:\/\/hookahshop.lt\/lv\/wp-json\/wp\/v2\/product\/10733\/revisions"}],"predecessor-version":[{"id":45142,"href":"https:\/\/hookahshop.lt\/lv\/wp-json\/wp\/v2\/product\/10733\/revisions\/45142"}],"wp:featuredmedia":[{"embeddable":true,"href":"https:\/\/hookahshop.lt\/lv\/wp-json\/wp\/v2\/media\/10734"}],"wp:attachment":[{"href":"https:\/\/hookahshop.lt\/lv\/wp-json\/wp\/v2\/media?parent=10733"}],"curies":[{"name":"wp","href":"https:\/\/api.w.org\/{rel}","templated":true}]}}