{"id":10811,"date":"2020-07-24T20:55:38","date_gmt":"2020-07-24T17:55:38","guid":{"rendered":"https:\/\/hookahshop.lt\/?post_type=product&#038;p=10811"},"modified":"2026-04-14T23:29:02","modified_gmt":"2026-04-14T20:29:02","slug":"karscio-kamera-50-clouds-heat-keeper-evolution","status":"publish","type":"product","link":"https:\/\/hookahshop.lt\/lv\/produkt\/heat-camera-50-clouds-heat-keeper-evolution\/","title":{"rendered":"Siltuma kamera 50 CLOUDS Heat Keeper Evolution"},"content":{"rendered":"<h2>Siltuma kamera 50 CLOUDS Heat Keeper Evolution<\/h2>\n<p>Tas ir stil\u012bgs jauns alum\u012bnija korpuss, kas p\u0101rkl\u0101ts ar \u012bpa\u0161u aizsargk\u0101rtu un \u0113rtu silikona rokturi.<\/p>\n<p>\u0160\u012b ir unik\u0101la ier\u012bce, kas padara \u016bdensp\u012bpes sagatavo\u0161anas procesu \u0113rt\u0101ku un vienk\u0101r\u0161\u0101ku. Tas ir popul\u0101r\u0101s Kaloud Lotus ier\u012bces analogs, kas, p\u0113c daudzu meistaru dom\u0101m, pat p\u0101rsp\u0113j to.<\/p>\n<p>\u0160\u012b siltuma kamera ir izgatavota no augstas kvalit\u0101tes alum\u012bnija, un pirms karstumiztur\u012bg\u0101 p\u0101rkl\u0101juma p\u0101rkl\u0101\u0161anas visas deta\u013cas ir r\u016bp\u012bgi nosl\u012bp\u0113tas. Sildot, tas neizdala nek\u0101das kait\u012bgas vielas, tas ir piln\u012bgi dro\u0161s.<\/p>\n<p>Og\u013cu siltums tiek sadal\u012bts vienm\u0113r\u012bgi, un asmens grie\u0161an\u0101s \u013cauj viegli kontrol\u0113t tabakas un tases temperat\u016bru. Ier\u012bce iev\u0113rojami vienk\u0101r\u0161o \u016bdensp\u012bpes izgatavo\u0161anas procesu: tagad vairs nav nepiecie\u0161ama folija un sm\u0113\u0137\u0113\u0161ana k\u013c\u016bst stabil\u0101ka vienm\u0113r\u012bg\u0101ka siltuma sadal\u012bjuma d\u0113\u013c.<\/p>\n<p>Vai jums ir k\u0101di jaut\u0101jumi? Sazinies ar mums <a href=\"https:\/\/hookahshop.lt\/lv\/kontaktiem\/\">kontaktu lapa<\/a> vai rakstiet mums pa e-pastu <a href=\"https:\/\/facebook.com\/HookahShop.lt\/\" target=\"_blank\" rel=\"noopener noreferrer\">Facebook konts<\/a> un m\u0113s atbild\u0113sim uz j\u016bsu piepras\u012bjumu taj\u0101 pa\u0161\u0101 dien\u0101.<\/p>\n<p>&nbsp;<\/p>","protected":false},"excerpt":{"rendered":"<p>Siltuma kamera 50 CLOUDS Heat Keeper Evolution \u0160is ir stil\u012bgs jauns alum\u012bnija korpuss, kas p\u0101rkl\u0101ts ar \u012bpa\u0161u aizsargk\u0101rtu un \u0113rtu silikona rokturi. \u0160\u012b ir unik\u0101la ier\u012bce, kas padara \u016bdensp\u012bpes pagatavo\u0161anas procesu \u0113rt\u0101ku un vienk\u0101r\u0161\u0101ku. \u0160is ir popul\u0101r\u0101s Kaloud Lotus ier\u012bces analogs, kas, p\u0113c daudzu meistaru dom\u0101m, to pat p\u0101rsp\u0113j. Augstas kvalit\u0101tes [\u2026]<\/p>","protected":false},"featured_media":10812,"comment_status":"open","ping_status":"closed","template":"","meta":[],"_links":{"self":[{"href":"https:\/\/hookahshop.lt\/lv\/wp-json\/wp\/v2\/product\/10811"}],"collection":[{"href":"https:\/\/hookahshop.lt\/lv\/wp-json\/wp\/v2\/product"}],"about":[{"href":"https:\/\/hookahshop.lt\/lv\/wp-json\/wp\/v2\/types\/product"}],"replies":[{"embeddable":true,"href":"https:\/\/hookahshop.lt\/lv\/wp-json\/wp\/v2\/comments?post=10811"}],"version-history":[{"count":2,"href":"https:\/\/hookahshop.lt\/lv\/wp-json\/wp\/v2\/product\/10811\/revisions"}],"predecessor-version":[{"id":23290,"href":"https:\/\/hookahshop.lt\/lv\/wp-json\/wp\/v2\/product\/10811\/revisions\/23290"}],"wp:featuredmedia":[{"embeddable":true,"href":"https:\/\/hookahshop.lt\/lv\/wp-json\/wp\/v2\/media\/10812"}],"wp:attachment":[{"href":"https:\/\/hookahshop.lt\/lv\/wp-json\/wp\/v2\/media?parent=10811"}],"curies":[{"name":"wp","href":"https:\/\/api.w.org\/{rel}","templated":true}]}}