{"id":10821,"date":"2020-07-24T21:07:24","date_gmt":"2020-07-24T18:07:24","guid":{"rendered":"https:\/\/hookahshop.lt\/?post_type=product&#038;p=10821"},"modified":"2026-04-14T23:28:57","modified_gmt":"2026-04-14T20:28:57","slug":"kaljanas-voodoo-smoke-down-black","status":"publish","type":"product","link":"https:\/\/hookahshop.lt\/lv\/produkt\/udenspipe-voodoo-smoke-down-melns\/","title":{"rendered":"\u016adensp\u012bpe VOODOO Smoke Down Black"},"content":{"rendered":"<h2>\u016adensp\u012bpe VOODOO Smoke Down Black<\/h2>\n<p>VooDoo Smoke ir \u016bdensp\u012bpju un aksesu\u0101ru ra\u017eot\u0101js no Maskavas, kas izpeln\u012bjies uztic\u012bbu \u016bdensp\u012bpes tirg\u016b.<\/p>\n<p>Voodoo Smoke laidis klaj\u0101 jaunu modeli ar unik\u0101lu p\u016b\u0161anas sist\u0113mu no apak\u0161tas\u012btes apak\u0161as - &quot;Smoke Down (Black)&quot;. Izgatavots no augstas kvalit\u0101tes v\u0101cu poliacet\u0101la un ir piln\u012bb\u0101 melns.<\/p>\n<p>Voodoo Smoke ir kvalitat\u012bva ner\u016bs\u0113jo\u0161\u0101 t\u0113rauda deta\u013cu apstr\u0101de. Voodoo Smoke \u0146em v\u0113r\u0101 \u016bdensp\u012bpes cien\u012bt\u0101ju v\u0113lmes un iemieso t\u0101s savos mode\u013cos.<\/p>\n<p>Apr\u012bkojums:<br \/>\nV\u0101rpsta, pl\u0101ksne, iemuts, m\u012bksta \u0161\u013c\u016btene, \u0161\u013c\u016btenes savienot\u0101js, bl\u012bves.<\/p>\n<p>Raksturojums:<br \/>\n\u016adensp\u012bpes svars: ~ 1560 gr<br \/>\n\u016adensp\u012bpes augstums: 440 mm<br \/>\nV\u0101rpstas iek\u0161\u0113j\u0101 da\u013ca: ner\u016bs\u0113jo\u0161ais t\u0113rauds, D13 mm<br \/>\nPlastmasa: v\u0101cu poliacet\u0101ls<br \/>\nIegremd\u0113t\u0101 v\u0101rpstas da\u013ca: ner\u016bs\u0113jo\u0161ais t\u0113rauds, D13 mm<br \/>\nGalvenais materi\u0101ls: v\u0101cu poliacet\u0101ls<br \/>\n\u0160\u013c\u016btenes savienojuma savienojums: O gredzens<br \/>\nSavienojuma materi\u0101ls: ner\u016bs\u0113jo\u0161ais t\u0113rauds<br \/>\nV\u0101rstu savienojums: absol\u016bti unik\u0101la sist\u0113ma \u016bdensp\u012bpes izp\u016b\u0161anai no pl\u0101ksnes apak\u0161as, iek\u0161\u0113ja<br \/>\nDifuzors: no\u0146emams uz gredzena<br \/>\nIemutnis: ner\u016bs\u0113jo\u0161ais t\u0113rauds<br \/>\nMutes garums: 300 mm, D10 mm<br \/>\n\u0160\u013c\u016btene: silikons<br \/>\n\u0160\u013c\u016btenes garums: 1500 mm<\/p>\n<p>Vai jums ir k\u0101di jaut\u0101jumi? Sazinies ar mums <a href=\"https:\/\/hookahshop.lt\/lv\/kontaktiem\/\">kontaktu lapa<\/a> vai rakstiet mums pa e-pastu <a href=\"https:\/\/facebook.com\/HookahShop.lt\/\" target=\"_blank\" rel=\"noopener noreferrer\">Facebook konts<\/a> un m\u0113s atbild\u0113sim uz j\u016bsu piepras\u012bjumu taj\u0101 pa\u0161\u0101 dien\u0101.<\/p>","protected":false},"excerpt":{"rendered":"<p>\u016adensp\u012bpe VOODOO Smoke Down Black \u201cVoodoo Smoke\u201d ir \u016bdensp\u012bpju un aksesu\u0101ru ra\u017eot\u0101js no Maskavas, kas ir iemantojis uztic\u012bbu \u016bdensp\u012bpju tirg\u016b. \u201cVoodoo Smoke\u201d ir izlaidis jaunu modeli ar ekskluz\u012bvu p\u016b\u0161anas sist\u0113mu no apak\u0161as \u2013 \u201cSmoke Down (Black)\u201d. Izgatavots no augstas kvalit\u0101tes v\u0101cu poliacet\u0101la un ir piln\u012bgi melns. \u201cVoodoo Smoke\u201d ir augstas kvalit\u0101tes deta\u013cu apstr\u0101de, ner\u016bs\u0113jo\u0161ais t\u0113rauds. \u201cVoodoo Smoke\u201d [\u2026]<\/p>","protected":false},"featured_media":10822,"comment_status":"open","ping_status":"closed","template":"","meta":[],"_links":{"self":[{"href":"https:\/\/hookahshop.lt\/lv\/wp-json\/wp\/v2\/product\/10821"}],"collection":[{"href":"https:\/\/hookahshop.lt\/lv\/wp-json\/wp\/v2\/product"}],"about":[{"href":"https:\/\/hookahshop.lt\/lv\/wp-json\/wp\/v2\/types\/product"}],"replies":[{"embeddable":true,"href":"https:\/\/hookahshop.lt\/lv\/wp-json\/wp\/v2\/comments?post=10821"}],"version-history":[{"count":6,"href":"https:\/\/hookahshop.lt\/lv\/wp-json\/wp\/v2\/product\/10821\/revisions"}],"predecessor-version":[{"id":29394,"href":"https:\/\/hookahshop.lt\/lv\/wp-json\/wp\/v2\/product\/10821\/revisions\/29394"}],"wp:featuredmedia":[{"embeddable":true,"href":"https:\/\/hookahshop.lt\/lv\/wp-json\/wp\/v2\/media\/10822"}],"wp:attachment":[{"href":"https:\/\/hookahshop.lt\/lv\/wp-json\/wp\/v2\/media?parent=10821"}],"curies":[{"name":"wp","href":"https:\/\/api.w.org\/{rel}","templated":true}]}}