{"id":10887,"date":"2020-07-25T22:21:50","date_gmt":"2020-07-25T19:21:50","guid":{"rendered":"https:\/\/hookahshop.lt\/?post_type=product&#038;p=10887"},"modified":"2026-04-14T23:28:41","modified_gmt":"2026-04-14T20:28:41","slug":"kaitlente-kaljanui-hootec-burner-v-2","status":"publish","type":"product","link":"https:\/\/hookahshop.lt\/lv\/produkt\/plits-kaljanui-hootec-burner-v-2\/","title":{"rendered":"\u0100\u0137is HOOTEC deg\u013ca V.2"},"content":{"rendered":"<h2>\u0100\u0137is HOOTEC deg\u013ca V.2<\/h2>\n<p>\u0160\u012b ir pirm\u0101 profesion\u0101l\u0101 pl\u012bts Krievij\u0101 \u016bdensp\u012bpes og\u013cu dedzin\u0101\u0161anai. Paredz\u0113ts \u016bdensp\u012bpes b\u0101riem.<\/p>\n<p>Hootec saprot visas galven\u0101s probl\u0113mas, str\u0101d\u0101jot ar ogles, t\u0101p\u0113c fl\u012b\u017eu galven\u0101s iez\u012bmes ir:<\/p>\n<p>1. Praktiskums.<br \/>\nDzes\u0113\u0161anas sist\u0113ma, kas nov\u0113r\u0161 ier\u012bces sasil\u0161anu virs 50 gr\u0101diem, aizsarg\u0101 sildelementu ar\u012b no p\u0101rkar\u0161anas.<br \/>\n2. Lietder\u012bba.<br \/>\nVisas fl\u012b\u017eu elektroinstal\u0101cijas ir izgatavotas no karstumiztur\u012bgiem vadiem un spail\u0113m, lai nodro\u0161in\u0101tu dro\u0161\u012bbu un palielin\u0101tu fl\u012b\u017eu kalpo\u0161anas laiku.<br \/>\n3. Akme\u0146og\u013cu \u0161au\u0161anas \u0101trums.<br \/>\nOg\u013cu att\u012br\u012b\u0161ana ir unik\u0101ls Hootec izstr\u0101d\u0101tais jaunin\u0101jums, kas pa\u0101trina og\u013cu sild\u012b\u0161anu. Turkl\u0101t, pateicoties papildu re\u017e\u0123im, tas uztur ogles darba st\u0101vokl\u012b.<br \/>\n4. \u0112rt\u012bbas apkalpo\u0161an\u0101 un ekspluat\u0101cij\u0101.<br \/>\nP\u0101rdom\u0101ta nomain\u0101mu sildelementu sist\u0113ma.<br \/>\nJa nepiecie\u0161ams, sildelementu var viegli no\u0146emt un nomain\u012bt ar jaunu.<\/p>\n<p>VISP\u0100R\u012aGAS RAKSTUROJUMS<br \/>\n1. Og\u013cu sild\u012b\u0161anas \u0101trums:<br \/>\n3-5 min\u016btes (atkar\u012bb\u0101 no oglek\u013ca lieluma un fl\u012b\u017eu s\u0101kuma re\u017e\u012bma)<br \/>\n2. Optim\u0101la vienreiz\u0113ja iekrau\u0161ana - l\u012bdz 30 vien\u012bb\u0101m (&quot;25mm&quot; og\u013cu) vien\u0101 sl\u0101n\u012b.<br \/>\n3. Ener\u0123ijas pat\u0113ri\u0146\u0161:<br \/>\n- &quot;Siltuma&quot; re\u017e\u012bm\u0101: 500 vati<br \/>\n- &quot;Deg\u0161anas&quot; re\u017e\u012bm\u0101 (darba re\u017e\u012bm\u0101): 1100 vati<br \/>\n4. Svars: 4,9 kg<br \/>\n5. Kalpo\u0161anas laiks: 5 tonnas oglek\u013ca<br \/>\n6. MTBF: 10 000 stundas.<\/p>\n<p>Vai jums ir k\u0101di jaut\u0101jumi? Sazinies ar mums <a href=\"https:\/\/hookahshop.lt\/lv\/kontaktiem\/\">kontaktu lapa<\/a> vai rakstiet mums pa e-pastu <a href=\"https:\/\/facebook.com\/HookahShop.lt\/\" target=\"_blank\" rel=\"noopener noreferrer\">Facebook konts<\/a> un m\u0113s atbild\u0113sim uz j\u016bsu piepras\u012bjumu taj\u0101 pa\u0161\u0101 dien\u0101.<\/p>","protected":false},"excerpt":{"rendered":"<p>Pl\u012bts virsma \u016bdensp\u012bpei HOOTEC Burner V.2 \u0160\u012b ir pirm\u0101 profesion\u0101l\u0101 pl\u012bts Krievij\u0101 \u016bdensp\u012bpes og\u013cu dedzin\u0101\u0161anai. Paredz\u0113ts \u016bdensp\u012bpes b\u0101riem. Hootec izprot visas svar\u012bg\u0101k\u0101s probl\u0113mas darb\u0101 ar ogl\u0113m, t\u0101p\u0113c galven\u0101s fl\u012b\u017eu \u012bpa\u0161\u012bbas ir: 1. Praktiskums. No p\u0101rkar\u0161anas sildelementu pasarg\u0101 ar\u012b dzes\u0113\u0161anas sist\u0113ma, kas ne\u013cauj ier\u012bcei p\u0101rkarst virs 50 gr\u0101diem. 2. Lietder\u012bba. Visa fl\u012b\u017eu elektroinstal\u0101cija ir izgatavota [\u2026]<\/p>","protected":false},"featured_media":10888,"comment_status":"open","ping_status":"closed","template":"","meta":[],"_links":{"self":[{"href":"https:\/\/hookahshop.lt\/lv\/wp-json\/wp\/v2\/product\/10887"}],"collection":[{"href":"https:\/\/hookahshop.lt\/lv\/wp-json\/wp\/v2\/product"}],"about":[{"href":"https:\/\/hookahshop.lt\/lv\/wp-json\/wp\/v2\/types\/product"}],"replies":[{"embeddable":true,"href":"https:\/\/hookahshop.lt\/lv\/wp-json\/wp\/v2\/comments?post=10887"}],"version-history":[{"count":2,"href":"https:\/\/hookahshop.lt\/lv\/wp-json\/wp\/v2\/product\/10887\/revisions"}],"predecessor-version":[{"id":23370,"href":"https:\/\/hookahshop.lt\/lv\/wp-json\/wp\/v2\/product\/10887\/revisions\/23370"}],"wp:featuredmedia":[{"embeddable":true,"href":"https:\/\/hookahshop.lt\/lv\/wp-json\/wp\/v2\/media\/10888"}],"wp:attachment":[{"href":"https:\/\/hookahshop.lt\/lv\/wp-json\/wp\/v2\/media?parent=10887"}],"curies":[{"name":"wp","href":"https:\/\/api.w.org\/{rel}","templated":true}]}}