{"id":10893,"date":"2020-07-25T22:31:38","date_gmt":"2020-07-25T19:31:38","guid":{"rendered":"https:\/\/hookahshop.lt\/?post_type=product&#038;p=10893"},"modified":"2026-04-22T23:28:50","modified_gmt":"2026-04-22T20:28:50","slug":"kaitlente-kaljanui-hootec-burner-x2","status":"publish","type":"product","link":"https:\/\/hookahshop.lt\/lv\/produkt\/plits-udenspipe-hootec-deglis-x2\/","title":{"rendered":"Pl\u012bts \u016bdensp\u012bpei HOOTEC Burner X2"},"content":{"rendered":"<h2>Pl\u012bts \u016bdensp\u012bpei HOOTEC Burner X2<\/h2>\n<p>\u0160\u012b ir dubult\u0101 profesion\u0101la fl\u012bze uz\u0146\u0113mumiem, kas paredz\u0113ta \u016bdensp\u012bpes batoni\u0146iem, lai \u013coti \u0101tri un lielos daudzumos aizdedzin\u0101tu ogles.<\/p>\n<p>Pl\u012bts virsmai Hootec Burner X2 ir visas V2 mode\u013ca priek\u0161roc\u012bbas.<br \/>\nHootec saprot visas galven\u0101s probl\u0113mas darb\u0101 ar ogl\u0113m, t\u0101p\u0113c galven\u0101s fl\u012b\u017eu \u012bpa\u0161\u012bbas ir:<\/p>\n<p>1. Praktiskums.<br \/>\nDzes\u0113\u0161anas sist\u0113ma, kas nov\u0113r\u0161 ier\u012bces sasil\u0161anu virs 50 gr\u0101diem, aizsarg\u0101 sildelementu ar\u012b no p\u0101rkar\u0161anas.<br \/>\n2. Lietder\u012bba.<br \/>\nVisas fl\u012b\u017eu elektroinstal\u0101cijas ir izgatavotas no karstumiztur\u012bgiem vadiem un spail\u0113m, lai nodro\u0161in\u0101tu dro\u0161\u012bbu un palielin\u0101tu fl\u012b\u017eu kalpo\u0161anas laiku.<br \/>\n3. Akme\u0146og\u013cu \u0161au\u0161anas \u0101trums.<br \/>\nOg\u013cu att\u012br\u012b\u0161ana ir unik\u0101ls Hootec izstr\u0101d\u0101tais jaunin\u0101jums, kas pa\u0101trina og\u013cu sild\u012b\u0161anu. Turkl\u0101t, pateicoties papildu re\u017e\u0123im, tas uztur ogles darba st\u0101vokl\u012b.<br \/>\n4. \u0112rt\u012bbas apkalpo\u0161an\u0101 un ekspluat\u0101cij\u0101.<br \/>\nP\u0101rdom\u0101ta nomain\u0101mu sildelementu sist\u0113ma.<br \/>\nJa nepiecie\u0161ams, sildelementu var viegli no\u0146emt un nomain\u012bt ar jaunu.<\/p>\n<p>GALVEN\u0100 AT\u0160\u0136IR\u012aBA X2 modelis no V2:<br \/>\n\u2013 Pl\u012bts ir 2 deg\u013cu neatkar\u012bga savienojuma sist\u0113ma.<br \/>\nTas \u013cauj ne tikai dubultot og\u013cu aizdedzes apjomu, bet ar\u012b nodro\u0161in\u0101t nep\u0101rtrauktu darb\u012bbu.<br \/>\n\u2013 Ja ir saboj\u0101jies k\u0101ds no sildelementiem, var turpin\u0101t darbu ar otro deg\u013cu kr\u0101sni. T\u0101s laik\u0101 var dro\u0161i nomain\u012bt boj\u0101tu sildelementu.<br \/>\n\u2013 Labajam deglim ir jaud\u012bg\u0101ks sildelements, lai pa\u0101trin\u0101t\u0101 re\u017e\u012bm\u0101 (ja nepiecie\u0161ams) aizdedzin\u0101tu nelielu daudzumu og\u013cu.<\/p>\n<p>VISP\u0100R\u012aGAS RAKSTUROJUMS<br \/>\n1. Og\u013cu sild\u012b\u0161anas \u0101trums:<br \/>\n3-5 min\u016btes (atkar\u012bb\u0101 no og\u013cu izm\u0113ra un fl\u012b\u017eu s\u0101kotn\u0113j\u0101 re\u017e\u012bma) uz katra sildelementa.<br \/>\n2. Optim\u0101la vienreiz\u0113ja krau\u0161ana - l\u012bdz 30 vien\u012bb\u0101m (&quot;25mm&quot; ogleklis) vien\u0101 k\u0101rt\u0101 uz katra sildelementa.<br \/>\n3. Ener\u0123ijas pat\u0113ri\u0146\u0161:<br \/>\nLabais deglis<br \/>\n\u2013 Re\u017e\u012bm\u0101 &quot;Siltums&quot;: 700 vati<br \/>\n\u2013 Deg\u0161anas re\u017e\u012bm\u0101: 1300 vati<br \/>\nKreisais deglis<br \/>\n- &quot;Siltuma&quot; re\u017e\u012bm\u0101: 500 vati<br \/>\n\u2013 Deg\u0161anas re\u017e\u012bm\u0101: 1100 vati<br \/>\nKop\u0113jais fl\u012b\u017eu pat\u0113ri\u0146\u0161 ekspluat\u0101cij\u0101: 2400 W<br \/>\n3. Svars: 6,9 kg<br \/>\n4. Kalpo\u0161anas laiks: 10 tonnas og\u013cu<br \/>\n5. MTBF: 10 000 stundas<\/p>\n<p>Vai jums ir k\u0101di jaut\u0101jumi? Sazinies ar mums <a href=\"https:\/\/hookahshop.lt\/lv\/kontaktiem\/\">kontaktu lapa<\/a> vai rakstiet mums pa e-pastu <a href=\"https:\/\/facebook.com\/HookahShop.lt\/\" target=\"_blank\" rel=\"noopener noreferrer\">Facebook konts<\/a> un m\u0113s atbild\u0113sim uz j\u016bsu piepras\u012bjumu taj\u0101 pa\u0161\u0101 dien\u0101.<\/p>","protected":false},"excerpt":{"rendered":"<p>Pl\u012bts virsma \u016bdensp\u012bpei HOOTEC Burner X2 \u0160\u012b ir dubult\u0101 profesion\u0101la fl\u012bze uz\u0146\u0113mumiem, kas paredz\u0113ta \u016bdensp\u012bpes batoni\u0146iem, lai \u013coti \u0101tri un lielos daudzumos aizdedzin\u0101tu ogles. Pl\u012bts virsmai Hootec Burner X2 ir visas V2 mode\u013ca priek\u0161roc\u012bbas. Hootec izprot visas galven\u0101s probl\u0113mas darb\u0101 ar ogl\u0113m, t\u0101p\u0113c galven\u0101s fl\u012b\u017eu \u012bpa\u0161\u012bbas ir: 1. Praktiskums. Dzes\u0113\u0161anas sist\u0113ma, kas ne\u013cauj ier\u012bcei uzkarst virs 50 gr\u0101diem, t\u0101p\u0113c [...]<\/p>","protected":false},"featured_media":10894,"comment_status":"open","ping_status":"closed","template":"","meta":[],"_links":{"self":[{"href":"https:\/\/hookahshop.lt\/lv\/wp-json\/wp\/v2\/product\/10893"}],"collection":[{"href":"https:\/\/hookahshop.lt\/lv\/wp-json\/wp\/v2\/product"}],"about":[{"href":"https:\/\/hookahshop.lt\/lv\/wp-json\/wp\/v2\/types\/product"}],"replies":[{"embeddable":true,"href":"https:\/\/hookahshop.lt\/lv\/wp-json\/wp\/v2\/comments?post=10893"}],"version-history":[{"count":2,"href":"https:\/\/hookahshop.lt\/lv\/wp-json\/wp\/v2\/product\/10893\/revisions"}],"predecessor-version":[{"id":30602,"href":"https:\/\/hookahshop.lt\/lv\/wp-json\/wp\/v2\/product\/10893\/revisions\/30602"}],"wp:featuredmedia":[{"embeddable":true,"href":"https:\/\/hookahshop.lt\/lv\/wp-json\/wp\/v2\/media\/10894"}],"wp:attachment":[{"href":"https:\/\/hookahshop.lt\/lv\/wp-json\/wp\/v2\/media?parent=10893"}],"curies":[{"name":"wp","href":"https:\/\/api.w.org\/{rel}","templated":true}]}}