{"id":10899,"date":"2020-07-25T22:39:42","date_gmt":"2020-07-25T19:39:42","guid":{"rendered":"https:\/\/hookahshop.lt\/?post_type=product&#038;p=10899"},"modified":"2026-04-17T23:29:32","modified_gmt":"2026-04-17T20:29:32","slug":"naturaliu-angliuku-uzkuriklis-smoke2u-800w","status":"publish","type":"product","link":"https:\/\/hookahshop.lt\/lv\/produkt\/naturaliu-charcoal-igniter-smoke2u-800w\/","title":{"rendered":"Dab\u012bg\u0101 oglek\u013ca aizdedzin\u0101t\u0101js SMOKE2U 800W"},"content":{"rendered":"<h2>Dab\u012bg\u0101 oglek\u013ca aizdedzin\u0101t\u0101js SMOKE2U 800W<\/h2>\n<p>Tas pal\u012bdz\u0113s \u0113rti uzsild\u012bt \u016bdensp\u012bpes ogles, dro\u0161\u0101k par cit\u0101m apkures ier\u012bc\u0113m un ekonomiski, pateicoties t\u0101s 800\u00a0w jaudai.<\/p>\n<p>Jauda l\u012bdz 5-6 oglek\u013ciem. Darbs tiek veikts vid\u0113ji 10-12 min\u016bt\u0113s.<\/p>\n<p>Vai jums ir k\u0101di jaut\u0101jumi? Sazinies ar mums <a href=\"https:\/\/hookahshop.lt\/lv\/kontaktiem\/\">kontaktu lapa<\/a> vai rakstiet mums pa e-pastu <a href=\"https:\/\/facebook.com\/HookahShop.lt\/\" target=\"_blank\" rel=\"noopener noreferrer\">Facebook konts<\/a> un m\u0113s atbild\u0113sim uz j\u016bsu piepras\u012bjumu taj\u0101 pa\u0161\u0101 dien\u0101.<\/p>","protected":false},"excerpt":{"rendered":"<p>Dab\u012bgo og\u013cu \u0161\u0137iltavas SMOKE2U 800W Tas pal\u012bdz\u0113s \u0113rti uzsild\u012bt \u016bdensp\u012bpes ogles, dro\u0161\u0101k par cit\u0101m sildier\u012bc\u0113m un ekonomiski, pateicoties 800w jaudai. Satur l\u012bdz 5-6 og\u013chidr\u0101tiem. Darbs tiek veikts vid\u0113ji 10-12 min\u016bt\u0113s. Vai jums ir k\u0101di jaut\u0101jumi? Sazinieties ar mums kontaktu lap\u0101 vai rakstiet mums uz m\u016bsu Facebook kontu un m\u0113s atbild\u0113sim uz j\u016bsu piepras\u012bjumu taj\u0101 pa\u0161\u0101 dien\u0101.<\/p>","protected":false},"featured_media":40925,"comment_status":"open","ping_status":"closed","template":"","meta":[],"_links":{"self":[{"href":"https:\/\/hookahshop.lt\/lv\/wp-json\/wp\/v2\/product\/10899"}],"collection":[{"href":"https:\/\/hookahshop.lt\/lv\/wp-json\/wp\/v2\/product"}],"about":[{"href":"https:\/\/hookahshop.lt\/lv\/wp-json\/wp\/v2\/types\/product"}],"replies":[{"embeddable":true,"href":"https:\/\/hookahshop.lt\/lv\/wp-json\/wp\/v2\/comments?post=10899"}],"version-history":[{"count":7,"href":"https:\/\/hookahshop.lt\/lv\/wp-json\/wp\/v2\/product\/10899\/revisions"}],"predecessor-version":[{"id":45568,"href":"https:\/\/hookahshop.lt\/lv\/wp-json\/wp\/v2\/product\/10899\/revisions\/45568"}],"wp:featuredmedia":[{"embeddable":true,"href":"https:\/\/hookahshop.lt\/lv\/wp-json\/wp\/v2\/media\/40925"}],"wp:attachment":[{"href":"https:\/\/hookahshop.lt\/lv\/wp-json\/wp\/v2\/media?parent=10899"}],"curies":[{"name":"wp","href":"https:\/\/api.w.org\/{rel}","templated":true}]}}