{"id":10906,"date":"2020-07-25T23:36:34","date_gmt":"2020-07-25T20:36:34","guid":{"rendered":"https:\/\/hookahshop.lt\/?post_type=product&#038;p=10906"},"modified":"2026-04-17T23:29:15","modified_gmt":"2026-04-17T20:29:15","slug":"kaljanas-cwp-razor-2-bronze-gold","status":"publish","type":"product","link":"https:\/\/hookahshop.lt\/lv\/produkt\/udenspipe-cwp-zilete-2-bronzas-zelts\/","title":{"rendered":"\u016adensp\u012bpe CWP skuveklis 2 bronzas zelts"},"content":{"rendered":"<h2>\u016adensp\u012bpe CWP RAZOR 2 Bronzas zelts<\/h2>\n<p>\u016adensp\u012bpe CWP RAZOR 2 ir patiesi premium klases produkts, kas ietver daudzu gadu pieredzi \u016bdensp\u012bpju ra\u017eo\u0161an\u0101. Klasisks dizains, grebtas gludas l\u012bnijas un br\u012bni\u0161\u0137\u012bga kr\u0101su kombin\u0101cija - \u0161\u012b ir tradicion\u0101la \u016bdensp\u012bpe ar modernu dizainu.<\/p>\n<p>\u016adensp\u012bpe ir izgatavota no ner\u016bs\u0113jo\u0161\u0101 t\u0113rauda un anod\u0113ta alum\u012bnija, kas apvienots ar bronzu un zeltu. \u0160\u012b kr\u0101sa pie\u0161\u0137ir Razor 2 bag\u0101t\u012bbu un valdzino\u0161u skaistumu. Zelta ieliktnis uz v\u0101rpstas ar uz\u0146\u0113muma logotipu uzsver t\u0101 grezn\u012bbu.<\/p>\n<p>\u016adensp\u012bpes pl\u0101ksne ir no\u0146emama, pateicoties \u012bpa\u0161ai tehnolo\u0123ijai, t\u0101 stingri turas.<\/p>\n<p>Bronzas iemutnis ar zelta ielikt\u0146iem lieliski papildina \u016bdensp\u012bpes komplektu. Iemu\u013ca rokturis ir p\u0101rkl\u0101ts ar m\u012bkstu silikonu.<\/p>\n<p>\u012apa\u0161ais izliekums un magn\u0113tiskais savienojums ir izgatavoti no ner\u016bs\u0113jo\u0161\u0101 t\u0113rauda.<\/p>\n<p><strong>Apr\u012bkojums:<br \/>\n<\/strong>V\u0101rpsta, pl\u0101ksne, \u0161\u013c\u016btene, iemutnis.<\/p>\n<p>Vai jums ir k\u0101di jaut\u0101jumi? Sazinies ar mums <a href=\"https:\/\/hookahshop.lt\/lv\/kontaktiem\/\">kontaktu lapa<\/a> vai rakstiet mums pa e-pastu <a href=\"https:\/\/facebook.com\/HookahShop.lt\/\" target=\"_blank\" rel=\"noopener noreferrer\">Facebook konts<\/a> un m\u0113s atbild\u0113sim uz j\u016bsu piepras\u012bjumu taj\u0101 pa\u0161\u0101 dien\u0101.<\/p>","protected":false},"excerpt":{"rendered":"<p>\u016adensp\u012bpe CWP RAZOR 2 Bronzas zelta \u016bdensp\u012bpe CWP RAZOR 2 ir patiesi augst\u0101k\u0101s kvalit\u0101tes produkts, kas ietver daudzu gadu pieredzi \u016bdensp\u012bpju ra\u017eo\u0161an\u0101. Klasisks dizains, grebtas gludas l\u012bnijas un br\u012bni\u0161\u0137\u012bga kr\u0101su kombin\u0101cija - \u0161\u012b ir tradicion\u0101la \u016bdensp\u012bpe ar modernu dizainu. \u016adensp\u012bpe ir izgatavota no ner\u016bs\u0113jo\u0161\u0101 t\u0113rauda un anod\u0113ta alum\u012bnija, kas apvienots ar bronzu un zeltu. \u0160\u012b kr\u0101sa pie\u0161\u0137ir Razor 2 bag\u0101t\u012bbu un [\u2026]<\/p>","protected":false},"featured_media":10907,"comment_status":"open","ping_status":"closed","template":"","meta":[],"_links":{"self":[{"href":"https:\/\/hookahshop.lt\/lv\/wp-json\/wp\/v2\/product\/10906"}],"collection":[{"href":"https:\/\/hookahshop.lt\/lv\/wp-json\/wp\/v2\/product"}],"about":[{"href":"https:\/\/hookahshop.lt\/lv\/wp-json\/wp\/v2\/types\/product"}],"replies":[{"embeddable":true,"href":"https:\/\/hookahshop.lt\/lv\/wp-json\/wp\/v2\/comments?post=10906"}],"version-history":[{"count":5,"href":"https:\/\/hookahshop.lt\/lv\/wp-json\/wp\/v2\/product\/10906\/revisions"}],"predecessor-version":[{"id":31105,"href":"https:\/\/hookahshop.lt\/lv\/wp-json\/wp\/v2\/product\/10906\/revisions\/31105"}],"wp:featuredmedia":[{"embeddable":true,"href":"https:\/\/hookahshop.lt\/lv\/wp-json\/wp\/v2\/media\/10907"}],"wp:attachment":[{"href":"https:\/\/hookahshop.lt\/lv\/wp-json\/wp\/v2\/media?parent=10906"}],"curies":[{"name":"wp","href":"https:\/\/api.w.org\/{rel}","templated":true}]}}