{"id":10918,"date":"2020-07-26T16:39:19","date_gmt":"2020-07-26T13:39:19","guid":{"rendered":"https:\/\/hookahshop.lt\/?post_type=product&#038;p=10918"},"modified":"2026-04-17T23:29:13","modified_gmt":"2026-04-17T20:29:13","slug":"kaljanas-alpha-hookah-s-black-matte","status":"publish","type":"product","link":"https:\/\/hookahshop.lt\/lv\/produkt\/udenspipe-alfa-udenspipe-s-melns-matets\/","title":{"rendered":"\u016adensp\u012bpe ALPHA HOOKAH S Black Matte"},"content":{"rendered":"<h2>\u016adensp\u012bpe ALPHA Hookah S Black Matte<\/h2>\n<p>Alpha Hookah Model S, Gada \u016bdensp\u012bpe p\u0113c John Calliano Awards 2018 un Hookah Club Show 2020.<\/p>\n<p>\u012apa\u0161u uzman\u012bbu piev\u0113r\u0161ot visu \u016bdensp\u012bpes elementu kvalit\u0101tei, Alpha Hookah rada minim\u0101listiska dizaina, bet \u013coti harizm\u0101tiskus mode\u013cus lieto\u0161anai m\u0101j\u0101s un iest\u0101d\u0113s.<br \/>\nJa v\u0113laties ne tikai sm\u0113\u0137\u0113\u0161anas piederumu funkcionalit\u0101ti, bet ar\u012b \u0101r\u0113j\u0101s priek\u0161roc\u012bbas, Alpha Hookah S ir v\u0113rts ieg\u0101d\u0101ties. Jebkur\u0161 s\u0113rijas modelis var k\u013c\u016bt par \u012bstu kluba vai restor\u0101na z\u0101les rot\u0101jumu un harmoniski harmoniz\u0113sies ar lauku m\u0101jas vai pils\u0113tas dz\u012bvok\u013ca k\u016bpin\u0101tavas iek\u0161\u0113jo apdari.<\/p>\n<p>Raksturojums:<br \/>\n\u2013 Augstums 500 mm<br \/>\n\u2013 Anod\u0113ta alum\u012bnija apdare, kr\u0101sota ar notur\u012bgu kr\u0101su.<br \/>\n\u2013 Pamatne ir izgatavota no v\u0101cu poliacet\u0101la ar ori\u0123in\u0101lo att\u012br\u012b\u0161anas sist\u0113mu<br \/>\n- No\u0146emams difuzors<br \/>\n- Magn\u0113tiskais savienojums<\/p>\n<p><strong>Apr\u012bkojums:<\/strong><br \/>\nV\u0101rpsta, pl\u0101ksne, \u0161\u013c\u016btene, iemutnis, bl\u012bves.<\/p>\n<p><img decoding=\"async\" loading=\"lazy\" class=\"alignnone size-medium wp-image-38521\" src=\"https:\/\/hookahshop.lt\/wp-content\/uploads\/2020\/09\/stiebas-zarna-kandiklis-1-300x273.jpg\" alt=\"- hookahshop.lt\" width=\"300\" height=\"273\" srcset=\"https:\/\/hookahshop.lt\/wp-content\/uploads\/2020\/09\/stiebas-zarna-kandiklis-1-300x273.jpg 300w, https:\/\/hookahshop.lt\/wp-content\/uploads\/2020\/09\/stiebas-zarna-kandiklis-1-13x12.jpg 13w, https:\/\/hookahshop.lt\/wp-content\/uploads\/2020\/09\/stiebas-zarna-kandiklis-1-64x58.jpg 64w, https:\/\/hookahshop.lt\/wp-content\/uploads\/2020\/09\/stiebas-zarna-kandiklis-1.jpg 420w\" sizes=\"(max-width: 300px) 100vw, 300px\" title=\"\"><\/p>\n<p>Vai jums ir k\u0101di jaut\u0101jumi? Sazinies ar mums <a href=\"https:\/\/hookahshop.lt\/lv\/kontaktiem\/\">kontaktu lapa<\/a> vai rakstiet mums pa e-pastu <a href=\"https:\/\/facebook.com\/HookahShop.lt\/\" target=\"_blank\" rel=\"noopener noreferrer\">Facebook konts<\/a> un m\u0113s atbild\u0113sim uz j\u016bsu piepras\u012bjumu taj\u0101 pa\u0161\u0101 dien\u0101.<\/p>","protected":false},"excerpt":{"rendered":"<p>\u016adensp\u012bpe ALPHA Hookah S Black Matte &quot;Alpha Hookah Model S&quot;, &quot;Gada \u016bdensp\u012bpe&quot; saska\u0146\u0101 ar John Calliano Awards 2018 un Hookah Club Show 2020. \u012apa\u0161u uzman\u012bbu piev\u0113r\u0161ot visu \u016bdensp\u012bpes elementu kvalit\u0101tei, Alpha Hookah rada minim\u0101listiska dizaina, bet \u013coti harizm\u0101tiskus mode\u013cus lieto\u0161anai m\u0101j\u0101s un iest\u0101d\u0113s. Ja v\u0113laties ne tikai sm\u0113\u0137\u0113\u0161anas piederumu funkcionalit\u0101ti, bet ar\u012b \u0101r\u0113jo izskatu [\u2026]<\/p>","protected":false},"featured_media":10919,"comment_status":"open","ping_status":"closed","template":"","meta":[],"_links":{"self":[{"href":"https:\/\/hookahshop.lt\/lv\/wp-json\/wp\/v2\/product\/10918"}],"collection":[{"href":"https:\/\/hookahshop.lt\/lv\/wp-json\/wp\/v2\/product"}],"about":[{"href":"https:\/\/hookahshop.lt\/lv\/wp-json\/wp\/v2\/types\/product"}],"replies":[{"embeddable":true,"href":"https:\/\/hookahshop.lt\/lv\/wp-json\/wp\/v2\/comments?post=10918"}],"version-history":[{"count":7,"href":"https:\/\/hookahshop.lt\/lv\/wp-json\/wp\/v2\/product\/10918\/revisions"}],"predecessor-version":[{"id":37008,"href":"https:\/\/hookahshop.lt\/lv\/wp-json\/wp\/v2\/product\/10918\/revisions\/37008"}],"wp:featuredmedia":[{"embeddable":true,"href":"https:\/\/hookahshop.lt\/lv\/wp-json\/wp\/v2\/media\/10919"}],"wp:attachment":[{"href":"https:\/\/hookahshop.lt\/lv\/wp-json\/wp\/v2\/media?parent=10918"}],"curies":[{"name":"wp","href":"https:\/\/api.w.org\/{rel}","templated":true}]}}