{"id":11005,"date":"2020-07-26T22:02:06","date_gmt":"2020-07-26T19:02:06","guid":{"rendered":"https:\/\/hookahshop.lt\/?post_type=product&#038;p=11005"},"modified":"2026-04-17T23:29:18","modified_gmt":"2026-04-17T20:29:18","slug":"kaljanas-japona-hookah-amur-brown","status":"publish","type":"product","link":"https:\/\/hookahshop.lt\/lv\/produkt\/udenspipe-japanu-udenspipe-amuras-bruns\/","title":{"rendered":"\u016adensp\u012bpe JAP\u0100NA HOOKA Amur Brown"},"content":{"rendered":"<h2>\u016adensp\u012bpe JAP\u0100NA \u016adensp\u012bpe Amur Brown<\/h2>\n<p>Jap\u0101nas \u016bdensp\u012bpe ir z\u012bmols, kas ir izpeln\u012bjies cie\u0146u to cilv\u0113ku sird\u012bs, kuri m\u012bl un ciena \u016bdensp\u012bpes sm\u0113\u0137\u0113\u0161anas kult\u016bru. Jap\u0101na specializ\u0113jas unik\u0101lu \u016bdensp\u012bpju ra\u017eo\u0161an\u0101. Sal\u012bdzino\u0161i nelieli tir\u0101\u017eas padara produktu par ekskluz\u012bvu un ekskluz\u012bvu \u0161\u0101da veida produktu. Ja jums pat\u012bk ori\u0123inalit\u0101te un stils, Jap\u0101nas \u016bdensp\u012bpe harmoniski ieder\u0113sies j\u016bsu interjer\u0101 un k\u013c\u016bs par j\u016bsu t\u0113la neat\u0146emamu sast\u0101vda\u013cu.<\/p>\n<p>\u016adensp\u012bpes k\u0101ta &quot;Amur&quot; nereversa un cieta 600 mm gar\u0161. V\u0101rpstas centr\u0101l\u0101 da\u013ca ir cieta ner\u016bs\u0113jo\u0161\u0101 t\u0113rauda caurule ar iek\u0161\u0113jo diametru 13 mm, dekorat\u012bv\u0101 da\u013ca ir izgatavota no c\u0113lkoka, kas apstr\u0101d\u0101ts ar e\u013c\u013c\u0101m un izv\u0113l\u0113tu tekst\u016bru.<\/p>\n<p>Stikla kolba, 250 mm augsta, sienas biezums 6 mm, kakla iek\u0161\u0113jais diametrs 45 mm, ar met\u0101la v\u0101rpstas adapteri, kas uzsver \u016bdensp\u012bpes dizainu.<\/p>\n<p><strong>Raksturojums:<\/strong><br \/>\nKop\u0113jais \u016bdensp\u012bpes augstums ir 600 mm<br \/>\nKolbas augstums ir 260 mm<br \/>\nV\u0101rpstas diametrs ir 13 mm<br \/>\nIemu\u013ca diametrs ir 10 mm<\/p>\n<p><strong>Apr\u012bkojums:<\/strong><br \/>\nV\u0101rpsta, pl\u0101ksne, kolba, iemutis, silikona \u0161\u013c\u016btene (1,5 m), savienot\u0101js (O gredzeni), bl\u012bves, difuzors.<\/p>\n<p><strong>Materi\u0101li:<\/strong><br \/>\nKoksne, ner\u016bs\u0113jo\u0161ais t\u0113rauds (p\u0101rtikas kategorija), alum\u012bnija sakaus\u0113jums (anod\u0113ts).<\/p>\n<p>Vai jums ir k\u0101di jaut\u0101jumi? Sazinies ar mums\u00a0<a href=\"https:\/\/hookahshop.lt\/lv\/kontaktiem\/\">kontaktu lapa<\/a>\u00a0vai rakstiet mums pa e-pastu\u00a0<a href=\"https:\/\/facebook.com\/HookahShop.lt\/\" target=\"_blank\" rel=\"noopener noreferrer\">Facebook konts<\/a>\u00a0un m\u0113s atbild\u0113sim uz j\u016bsu piepras\u012bjumu taj\u0101 pa\u0161\u0101 dien\u0101.<\/p>","protected":false},"excerpt":{"rendered":"<p>\u016adensp\u012bpe JAP\u0100NA \u016adensp\u012bpe Amur Brown &quot;Japona&quot; ir z\u012bmols, kas izpeln\u012bjies cie\u0146u to cilv\u0113ku sird\u012bs, kuri m\u012bl un ciena \u016bdensp\u012bpes sm\u0113\u0137\u0113\u0161anas kult\u016bru. Japona specializ\u0113jas unik\u0101lu \u016bdensp\u012bpju ra\u017eo\u0161an\u0101. Sal\u012bdzino\u0161i nelieli tir\u0101\u017eas padara produktu unik\u0101lu un ekskluz\u012bvu \u0161\u0101da veida produktu. Ja jums pat\u012bk ori\u0123inalit\u0101te un stils, \u016bdensp\u012bpe &quot;Japona&quot; harmoniski ieder\u0113sies j\u016bsu interjer\u0101 un k\u013c\u016bs par j\u016bsu t\u0113la neat\u0146emamu sast\u0101vda\u013cu. [\u2026]<\/p>","protected":false},"featured_media":11006,"comment_status":"open","ping_status":"closed","template":"","meta":[],"_links":{"self":[{"href":"https:\/\/hookahshop.lt\/lv\/wp-json\/wp\/v2\/product\/11005"}],"collection":[{"href":"https:\/\/hookahshop.lt\/lv\/wp-json\/wp\/v2\/product"}],"about":[{"href":"https:\/\/hookahshop.lt\/lv\/wp-json\/wp\/v2\/types\/product"}],"replies":[{"embeddable":true,"href":"https:\/\/hookahshop.lt\/lv\/wp-json\/wp\/v2\/comments?post=11005"}],"version-history":[{"count":4,"href":"https:\/\/hookahshop.lt\/lv\/wp-json\/wp\/v2\/product\/11005\/revisions"}],"predecessor-version":[{"id":22922,"href":"https:\/\/hookahshop.lt\/lv\/wp-json\/wp\/v2\/product\/11005\/revisions\/22922"}],"wp:featuredmedia":[{"embeddable":true,"href":"https:\/\/hookahshop.lt\/lv\/wp-json\/wp\/v2\/media\/11006"}],"wp:attachment":[{"href":"https:\/\/hookahshop.lt\/lv\/wp-json\/wp\/v2\/media?parent=11005"}],"curies":[{"name":"wp","href":"https:\/\/api.w.org\/{rel}","templated":true}]}}