{"id":11100,"date":"2020-07-29T14:53:51","date_gmt":"2020-07-29T11:53:51","guid":{"rendered":"https:\/\/hookahshop.lt\/?post_type=product&#038;p=11100"},"modified":"2026-04-14T23:28:51","modified_gmt":"2026-04-14T20:28:51","slug":"kaljanas-karma-hookah-0-0-red","status":"publish","type":"product","link":"https:\/\/hookahshop.lt\/lv\/produkt\/udenspipe-karma-udenspipe-0-0-red\/","title":{"rendered":"\u016adensp\u012bpe KARMA HOOKAH 0.0 Ed"},"content":{"rendered":"<h2>\u016adensp\u012bpe KARMA \u016adensp\u012bpe 0.0 Sarkana<\/h2>\n<p>KARMA HOOKAH ir pirm\u0101 komp\u0101nija, kas izlaidusi ori\u0123in\u0101lu ukrai\u0146u \u016bdensp\u012bpi, izmantojot dab\u012bgo koku. J\u016bs ieg\u016bsiet unik\u0101la dizaina koka v\u0101rpstu ar iek\u0161\u0113jo cauruli no ner\u016bs\u0113jo\u0161\u0101 t\u0113rauda ar diametru 14 mm, kas garant\u0113 m\u012bkstu un pat\u012bkamu vilkmi. V\u0101rsts \u013caus viegli izt\u012br\u012bt kolbu. KARMA HOOKAH pl\u0101ksne ir \u0101rk\u0101rt\u012bgi skaista un praktiska.<\/p>\n<p>Raksturojums:<br \/>\n- \u016adensp\u012bpes augstums: 72 cm.<br \/>\n- Koka materi\u0101ls: pelni<\/p>\n<p>Apr\u012bkojums: V\u0101rpsta, \u0161\u0137\u012bvis, keramikas trauks, kr\u016bze, bl\u012bves, uzl\u012bme, firmas kaste<\/p>\n<p>Vai jums ir k\u0101di jaut\u0101jumi? Sazinies ar mums\u00a0<a href=\"https:\/\/hookahshop.lt\/lv\/kontaktiem\/\">kontaktu lapa<\/a>\u00a0vai rakstiet mums pa e-pastu\u00a0<a href=\"https:\/\/facebook.com\/HookahShop.lt\/\" target=\"_blank\" rel=\"noopener noreferrer\">Facebook konts<\/a>\u00a0un m\u0113s atbild\u0113sim uz j\u016bsu piepras\u012bjumu taj\u0101 pa\u0161\u0101 dien\u0101.<\/p>","protected":false},"excerpt":{"rendered":"<p>\u016adensp\u012bpe KARMA \u016adensp\u012bpe 0.0 Red KARMA HOOKAH ir pirm\u0101 komp\u0101nija, kas izlaidusi ori\u0123in\u0101lu ukrai\u0146u \u016bdensp\u012bpi, kur\u0101 izmantots dab\u012bgs koks. J\u016bs sa\u0146emsiet koka v\u0101rpstu ar unik\u0101lu dizainu, ar iek\u0161\u0113jo cauruli no ner\u016bs\u0113jo\u0161\u0101 t\u0113rauda ar diametru 14 mm, kas garant\u0113 m\u012bkstu un pat\u012bkamu vilk\u0161anu. V\u0101rsts \u013caus jums viegli izp\u016bst kolbu. \u0160\u0137\u012bvis &quot;KARMA HOOKAH&quot; ir \u0101rk\u0101rt\u012bgi skaists un praktisks. Raksturlielumi: [\u2026]<\/p>","protected":false},"featured_media":11101,"comment_status":"open","ping_status":"closed","template":"","meta":[],"_links":{"self":[{"href":"https:\/\/hookahshop.lt\/lv\/wp-json\/wp\/v2\/product\/11100"}],"collection":[{"href":"https:\/\/hookahshop.lt\/lv\/wp-json\/wp\/v2\/product"}],"about":[{"href":"https:\/\/hookahshop.lt\/lv\/wp-json\/wp\/v2\/types\/product"}],"replies":[{"embeddable":true,"href":"https:\/\/hookahshop.lt\/lv\/wp-json\/wp\/v2\/comments?post=11100"}],"version-history":[{"count":4,"href":"https:\/\/hookahshop.lt\/lv\/wp-json\/wp\/v2\/product\/11100\/revisions"}],"predecessor-version":[{"id":22928,"href":"https:\/\/hookahshop.lt\/lv\/wp-json\/wp\/v2\/product\/11100\/revisions\/22928"}],"wp:featuredmedia":[{"embeddable":true,"href":"https:\/\/hookahshop.lt\/lv\/wp-json\/wp\/v2\/media\/11101"}],"wp:attachment":[{"href":"https:\/\/hookahshop.lt\/lv\/wp-json\/wp\/v2\/media?parent=11100"}],"curies":[{"name":"wp","href":"https:\/\/api.w.org\/{rel}","templated":true}]}}