{"id":11128,"date":"2020-07-29T15:57:03","date_gmt":"2020-07-29T12:57:03","guid":{"rendered":"https:\/\/hookahshop.lt\/?post_type=product&#038;p=11128"},"modified":"2026-04-16T10:21:13","modified_gmt":"2026-04-16T07:21:13","slug":"tarpine-kaljano-taurelei-blade-black","status":"publish","type":"product","link":"https:\/\/hookahshop.lt\/lv\/produkt\/starpposms-udenspipe-kauss-asmens-melns\/","title":{"rendered":"Bl\u012bve \u016bdensp\u012bpes kr\u016bzei BLADE Black"},"content":{"rendered":"<h2>Bl\u012bve \u016bdensp\u012bpes kr\u016bzei BLADE Black<\/h2>\n<p>\u0160is stiprin\u0101jums pal\u012bdz stingri piestiprin\u0101t kr\u016bz\u012bti pie \u016bdensp\u012bpes.<\/p>\n<p>Kr\u0101sa melna<\/p>\n<p>Vai jums ir k\u0101di jaut\u0101jumi? Sazinies ar mums\u00a0<a href=\"https:\/\/hookahshop.lt\/lv\/kontaktiem\/\">kontaktu lapa<\/a>\u00a0vai rakstiet mums pa e-pastu\u00a0<a href=\"https:\/\/facebook.com\/HookahShop.lt\/\" target=\"_blank\" rel=\"noopener noreferrer\">Facebook konts<\/a>\u00a0un m\u0113s atbild\u0113sim uz j\u016bsu piepras\u012bjumu taj\u0101 pa\u0161\u0101 dien\u0101.<\/p>","protected":false},"excerpt":{"rendered":"<p>Bl\u012bve \u016bdensp\u012bpes b\u013codai BLADE Black \u0160is piederums pal\u012bdz cie\u0161i piestiprin\u0101t b\u013codu pie \u016bdensp\u012bpes. Kr\u0101sa: melna Vai jums ir k\u0101di jaut\u0101jumi? Sazinieties ar mums kontaktu lap\u0101 vai rakstiet mums uz m\u016bsu Facebook kontu un m\u0113s atbild\u0113sim uz j\u016bsu piepras\u012bjumu taj\u0101 pa\u0161\u0101 dien\u0101.<\/p>","protected":false},"featured_media":13851,"comment_status":"open","ping_status":"closed","template":"","meta":[],"_links":{"self":[{"href":"https:\/\/hookahshop.lt\/lv\/wp-json\/wp\/v2\/product\/11128"}],"collection":[{"href":"https:\/\/hookahshop.lt\/lv\/wp-json\/wp\/v2\/product"}],"about":[{"href":"https:\/\/hookahshop.lt\/lv\/wp-json\/wp\/v2\/types\/product"}],"replies":[{"embeddable":true,"href":"https:\/\/hookahshop.lt\/lv\/wp-json\/wp\/v2\/comments?post=11128"}],"version-history":[{"count":3,"href":"https:\/\/hookahshop.lt\/lv\/wp-json\/wp\/v2\/product\/11128\/revisions"}],"predecessor-version":[{"id":19823,"href":"https:\/\/hookahshop.lt\/lv\/wp-json\/wp\/v2\/product\/11128\/revisions\/19823"}],"wp:featuredmedia":[{"embeddable":true,"href":"https:\/\/hookahshop.lt\/lv\/wp-json\/wp\/v2\/media\/13851"}],"wp:attachment":[{"href":"https:\/\/hookahshop.lt\/lv\/wp-json\/wp\/v2\/media?parent=11128"}],"curies":[{"name":"wp","href":"https:\/\/api.w.org\/{rel}","templated":true}]}}