{"id":11135,"date":"2020-07-29T16:00:51","date_gmt":"2020-07-29T13:00:51","guid":{"rendered":"https:\/\/hookahshop.lt\/?post_type=product&#038;p=11135"},"modified":"2026-04-15T23:29:09","modified_gmt":"2026-04-15T20:29:09","slug":"tarpine-kaljano-taurelei-white","status":"publish","type":"product","link":"https:\/\/hookahshop.lt\/lv\/produkt\/starpposms-udenspipes-kauss-balts\/","title":{"rendered":"Bl\u012bve \u016bdensp\u012bpes kr\u016bzei Balts"},"content":{"rendered":"<h2>Bl\u012bve \u016bdensp\u012bpes kr\u016bzei Balts<\/h2>\n<p>\u0160is stiprin\u0101jums pal\u012bdz dro\u0161i piestiprin\u0101t kr\u016bz\u012bti pie \u016bdensp\u012bpes. Silikona starplikas kr\u016bz\u012btei.<br \/>\nV\u00e4rv: valge<\/p>\n<p>Vai jums ir k\u0101di jaut\u0101jumi? Sazinies ar mums\u00a0<a href=\"https:\/\/hookahshop.lt\/lv\/kontaktiem\/\">kontaktu lapa<\/a>\u00a0vai rakstiet mums pa e-pastu\u00a0<a href=\"https:\/\/facebook.com\/HookahShop.lt\/\" target=\"_blank\" rel=\"noopener noreferrer\">Facebook konts<\/a>\u00a0un m\u0113s atbild\u0113sim uz j\u016bsu piepras\u012bjumu taj\u0101 pa\u0161\u0101 dien\u0101.<\/p>","protected":false},"excerpt":{"rendered":"<p>Bl\u012bve \u016bdensp\u012bpes kr\u016bzei Balta \u0160is piederums pal\u012bdz cie\u0161i piestiprin\u0101t kr\u016bz\u012bti pie \u016bdensp\u012bpes. Silikona starplikas kr\u016bz\u012btei. Kr\u0101sa: balta Vai jums ir k\u0101di jaut\u0101jumi? Sazinieties ar mums kontaktu lap\u0101 vai rakstiet mums uz m\u016bsu Facebook kontu un m\u0113s atbild\u0113sim uz j\u016bsu piepras\u012bjumu taj\u0101 pa\u0161\u0101 dien\u0101.<\/p>","protected":false},"featured_media":11136,"comment_status":"open","ping_status":"closed","template":"","meta":[],"_links":{"self":[{"href":"https:\/\/hookahshop.lt\/lv\/wp-json\/wp\/v2\/product\/11135"}],"collection":[{"href":"https:\/\/hookahshop.lt\/lv\/wp-json\/wp\/v2\/product"}],"about":[{"href":"https:\/\/hookahshop.lt\/lv\/wp-json\/wp\/v2\/types\/product"}],"replies":[{"embeddable":true,"href":"https:\/\/hookahshop.lt\/lv\/wp-json\/wp\/v2\/comments?post=11135"}],"version-history":[{"count":5,"href":"https:\/\/hookahshop.lt\/lv\/wp-json\/wp\/v2\/product\/11135\/revisions"}],"predecessor-version":[{"id":43085,"href":"https:\/\/hookahshop.lt\/lv\/wp-json\/wp\/v2\/product\/11135\/revisions\/43085"}],"wp:featuredmedia":[{"embeddable":true,"href":"https:\/\/hookahshop.lt\/lv\/wp-json\/wp\/v2\/media\/11136"}],"wp:attachment":[{"href":"https:\/\/hookahshop.lt\/lv\/wp-json\/wp\/v2\/media?parent=11135"}],"curies":[{"name":"wp","href":"https:\/\/api.w.org\/{rel}","templated":true}]}}