{"id":11182,"date":"2020-08-04T14:38:46","date_gmt":"2020-08-04T11:38:46","guid":{"rendered":"https:\/\/hookahshop.lt\/?post_type=product&#038;p=11182"},"modified":"2026-04-20T23:29:00","modified_gmt":"2026-04-20T20:29:00","slug":"kaljanas-wd-g20-2-monaco-flower","status":"publish","type":"product","link":"https:\/\/hookahshop.lt\/lv\/produkt\/udenspipe-wd-g20-2-monaco-flower\/","title":{"rendered":"\u016adensp\u012bpe WD-G20-2 Monako zieds"},"content":{"rendered":"<h2>\u016adensp\u012bpe WD-G20-2 Monako zieds<\/h2>\n<p>\u0160\u012b ir \u016bdensp\u012bpe, kas izgatavota no ner\u016bs\u0113jo\u0161\u0101 t\u0113rauda, izgatavota no augstas kvalit\u0101tes un skaista ar dizaineru izrot\u0101tu kolbu. \u016adensp\u012bpei ir v\u012bt\u0146ots savienojums, t\u0101p\u0113c nav nepiecie\u0161ami starplikas.<\/p>\n<p>Komplekts:<\/p>\n<p>Stubl\u0101js<br \/>\nKolba<br \/>\n\u0160\u013c\u016bte\u0146u savienojumi<br \/>\nPlate<\/p>\n<p>\u016adensp\u012bpe bez \u0161\u013c\u016btenes un iemut\u0146a.<\/p>\n<p>Vai jums ir k\u0101di jaut\u0101jumi? Sazinies ar mums\u00a0<a href=\"https:\/\/hookahshop.lt\/lv\/kontaktiem\/\">kontaktu lapa<\/a>\u00a0vai rakstiet mums pa e-pastu\u00a0<a href=\"https:\/\/facebook.com\/HookahShop.lt\/\" target=\"_blank\" rel=\"noopener noreferrer\">Facebook konts<\/a>\u00a0un m\u0113s atbild\u0113sim uz j\u016bsu piepras\u012bjumu taj\u0101 pa\u0161\u0101 dien\u0101.<\/p>","protected":false},"excerpt":{"rendered":"<p>\u016adensp\u012bpe WD-G20-2 Monaco Flower \u0160\u012b ir \u016bdensp\u012bpe, kas izgatavota no ner\u016bs\u0113jo\u0161\u0101 t\u0113rauda, izgatavota no augstas kvalit\u0101tes un skaista ar dizaineru dekor\u0113tu kolbu. \u016adensp\u012bpei ir v\u012bt\u0146ots savienojums, t\u0101p\u0113c nav nepiecie\u0161ami starplikas. Komplekts: K\u0101ts Kolba \u0160\u013c\u016bte\u0146u savienojumi Pl\u0101ksne \u016adensp\u012bpe bez \u0161\u013c\u016btenes un iemut\u0146a. Vai jums ir k\u0101di jaut\u0101jumi? Sazinieties ar mums kontaktu lap\u0101 vai rakstiet mums uz m\u016bsu Facebook kontu un m\u0113s atbild\u0113sim uz j\u016bsu piepras\u012bjumu taj\u0101 pa\u0161\u0101 dien\u0101.<\/p>","protected":false},"featured_media":11183,"comment_status":"open","ping_status":"closed","template":"","meta":[],"_links":{"self":[{"href":"https:\/\/hookahshop.lt\/lv\/wp-json\/wp\/v2\/product\/11182"}],"collection":[{"href":"https:\/\/hookahshop.lt\/lv\/wp-json\/wp\/v2\/product"}],"about":[{"href":"https:\/\/hookahshop.lt\/lv\/wp-json\/wp\/v2\/types\/product"}],"replies":[{"embeddable":true,"href":"https:\/\/hookahshop.lt\/lv\/wp-json\/wp\/v2\/comments?post=11182"}],"version-history":[{"count":3,"href":"https:\/\/hookahshop.lt\/lv\/wp-json\/wp\/v2\/product\/11182\/revisions"}],"predecessor-version":[{"id":33954,"href":"https:\/\/hookahshop.lt\/lv\/wp-json\/wp\/v2\/product\/11182\/revisions\/33954"}],"wp:featuredmedia":[{"embeddable":true,"href":"https:\/\/hookahshop.lt\/lv\/wp-json\/wp\/v2\/media\/11183"}],"wp:attachment":[{"href":"https:\/\/hookahshop.lt\/lv\/wp-json\/wp\/v2\/media?parent=11182"}],"curies":[{"name":"wp","href":"https:\/\/api.w.org\/{rel}","templated":true}]}}