{"id":11359,"date":"2020-08-11T17:49:50","date_gmt":"2020-08-11T14:49:50","guid":{"rendered":"https:\/\/hookahshop.lt\/?post_type=product&#038;p=11359"},"modified":"2026-04-19T23:28:54","modified_gmt":"2026-04-19T20:28:54","slug":"kaljanas-blade-hookah-one-m-black-gold","status":"publish","type":"product","link":"https:\/\/hookahshop.lt\/lv\/produkt\/udenspipe-asmens-udenspipe-viens-m-melns-zelts\/","title":{"rendered":"\u016adensp\u012bpe BLADE HOOKAH One M Black-Gold"},"content":{"rendered":"<h2>\u016adensp\u012bpe BLADE HOOKAH One M Black-Gold<\/h2>\n<p>\u016adensp\u012bpes ra\u017eot\u0101ja &quot;Blade&quot; jaunais modelis.<br \/>\nVertik\u0101la p\u016b\u0161ana, ieb\u016bv\u0113ts melases slazds, samazin\u0101ts augstums, visi ner\u016bs\u0113jo\u0161\u0101 t\u0113rauda elementi p\u0101rkl\u0101ti ar tit\u0101nu.<\/p>\n<p><strong>Apr\u012bkojums:<\/strong><br \/>\nV\u0101rpsta, pl\u0101ksne, difuzors, iemutnis<\/p>\n<p>V\u0101rpstas iek\u0161\u0113jais diametrs: 12 mm<br \/>\nPl\u0101ksnes diametrs: 20 cm<\/p>\n<p>Vai jums ir k\u0101di jaut\u0101jumi? Sazinies ar mums <a href=\"https:\/\/hookahshop.lt\/lv\/kontaktiem\/\">kontaktu lapa<\/a> vai rakstiet mums pa e-pastu <a href=\"https:\/\/facebook.com\/HookahShop.lt\/\" target=\"_blank\" rel=\"noopener noreferrer\">Facebook konts<\/a> un m\u0113s atbild\u0113sim uz j\u016bsu piepras\u012bjumu taj\u0101 pa\u0161\u0101 dien\u0101.<\/p>","protected":false},"excerpt":{"rendered":"<p>\u016adensp\u012bpe BLADE HOOKAH One M Black-Gold \u016adensp\u012bpes ra\u017eot\u0101ja &quot;Blade&quot; jaunais modelis. Vertik\u0101la p\u016b\u0161ana, ieb\u016bv\u0113ts melases slazds, samazin\u0101ts augstums, visi ner\u016bs\u0113jo\u0161\u0101 t\u0113rauda elementi p\u0101rkl\u0101ti ar tit\u0101nu. Pilns komplekts: V\u0101rpsta, pl\u0101ksne, difuzors, iemuts V\u0101rpstas iek\u0161\u0113jais diametrs: 12 mm Pl\u0101ksnes diametrs: 20 cm Vai jums ir k\u0101di jaut\u0101jumi? Sazinieties ar mums kontaktu lap\u0101 vai rakstiet mums uz m\u016bsu Facebook kontu un m\u0113s atbild\u0113sim uz j\u016bsu [\u2026]<\/p>","protected":false},"featured_media":22422,"comment_status":"open","ping_status":"closed","template":"","meta":[],"_links":{"self":[{"href":"https:\/\/hookahshop.lt\/lv\/wp-json\/wp\/v2\/product\/11359"}],"collection":[{"href":"https:\/\/hookahshop.lt\/lv\/wp-json\/wp\/v2\/product"}],"about":[{"href":"https:\/\/hookahshop.lt\/lv\/wp-json\/wp\/v2\/types\/product"}],"replies":[{"embeddable":true,"href":"https:\/\/hookahshop.lt\/lv\/wp-json\/wp\/v2\/comments?post=11359"}],"version-history":[{"count":8,"href":"https:\/\/hookahshop.lt\/lv\/wp-json\/wp\/v2\/product\/11359\/revisions"}],"predecessor-version":[{"id":29347,"href":"https:\/\/hookahshop.lt\/lv\/wp-json\/wp\/v2\/product\/11359\/revisions\/29347"}],"wp:featuredmedia":[{"embeddable":true,"href":"https:\/\/hookahshop.lt\/lv\/wp-json\/wp\/v2\/media\/22422"}],"wp:attachment":[{"href":"https:\/\/hookahshop.lt\/lv\/wp-json\/wp\/v2\/media?parent=11359"}],"curies":[{"name":"wp","href":"https:\/\/api.w.org\/{rel}","templated":true}]}}