{"id":11373,"date":"2020-08-11T18:16:28","date_gmt":"2020-08-11T15:16:28","guid":{"rendered":"https:\/\/hookahshop.lt\/?post_type=product&#038;p=11373"},"modified":"2026-04-16T10:21:07","modified_gmt":"2026-04-16T07:21:07","slug":"kolba-kaljanui-bigmaks-rainbow-grey","status":"publish","type":"product","link":"https:\/\/hookahshop.lt\/lv\/produkt\/kolba-for-udenspipe-bigmaks-varaviksnes-peleks\/","title":{"rendered":"Kolba \u016bdensp\u012bpei BIGMAKS Rainbow Grey"},"content":{"rendered":"<h2>Kolba \u016bdensp\u012bpei BIGMAKS Rainbow Grey<\/h2>\n<p>\u0160\u012b kolba ir izgatavota no p\u0101rtikas kvalit\u0101tes, kr\u0101saina stikla un izce\u013cas ar savu iztur\u012bbu. Kolba nav kr\u0101sota, kas noz\u012bm\u0113, ka t\u0101 jums kalpos daudzus gadus.<\/p>\n<p><strong><span title=\"\">Specifik\u0101cijas:<\/span><\/strong><br \/>\nAugstums: 248 mm<br \/>\nSvars: ~ 1390 g<br \/>\nKakla \u0101r\u0113jais diametrs: 71 mm<br \/>\nIek\u0161\u0113j\u0101 r\u012bkles diametrs: 45mm<br \/>\nProdukta materi\u0101ls: stikls<\/p>\n<p>Vai jums ir k\u0101di jaut\u0101jumi? Sazinies ar mums <a href=\"https:\/\/hookahshop.lt\/lv\/kontaktiem\/\">kontaktu lapa<\/a> vai rakstiet mums pa e-pastu <a href=\"https:\/\/facebook.com\/HookahShop.lt\/\" target=\"_blank\" rel=\"noopener noreferrer\">Facebook konts<\/a> un m\u0113s atbild\u0113sim uz j\u016bsu piepras\u012bjumu taj\u0101 pa\u0161\u0101 dien\u0101.<\/p>","protected":false},"excerpt":{"rendered":"<p>Kolba kaljanui BIGMAKS Rainbow Grey \u0160i kolba pagaminta i\u0161 maistinio, spalvoto, stiklo ir i\u0161siskiria patvarumu. Kolba n\u0117ra da\u017eyta, vadinasi, ji tarnaus jums daugel\u012f met\u0173. Specifikacijos: Auk\u0161tis: 248 mm Svoris: ~ 1390 g I\u0161orinis gerkl\u0117s skersmuo: 71 mm Vidinis gerkl\u0117s skersmuo: 45mm Gaminio med\u017eiaga: stiklas Turite klausim\u0173? Susisiekite su mumis kontakt\u0173 puslapyje arba para\u0161ykite mums \u012f [&hellip;]<\/p>","protected":false},"featured_media":11375,"comment_status":"open","ping_status":"closed","template":"","meta":[],"_links":{"self":[{"href":"https:\/\/hookahshop.lt\/lv\/wp-json\/wp\/v2\/product\/11373"}],"collection":[{"href":"https:\/\/hookahshop.lt\/lv\/wp-json\/wp\/v2\/product"}],"about":[{"href":"https:\/\/hookahshop.lt\/lv\/wp-json\/wp\/v2\/types\/product"}],"replies":[{"embeddable":true,"href":"https:\/\/hookahshop.lt\/lv\/wp-json\/wp\/v2\/comments?post=11373"}],"version-history":[{"count":6,"href":"https:\/\/hookahshop.lt\/lv\/wp-json\/wp\/v2\/product\/11373\/revisions"}],"predecessor-version":[{"id":45080,"href":"https:\/\/hookahshop.lt\/lv\/wp-json\/wp\/v2\/product\/11373\/revisions\/45080"}],"wp:featuredmedia":[{"embeddable":true,"href":"https:\/\/hookahshop.lt\/lv\/wp-json\/wp\/v2\/media\/11375"}],"wp:attachment":[{"href":"https:\/\/hookahshop.lt\/lv\/wp-json\/wp\/v2\/media?parent=11373"}],"curies":[{"name":"wp","href":"https:\/\/api.w.org\/{rel}","templated":true}]}}