{"id":11380,"date":"2020-08-11T18:22:17","date_gmt":"2020-08-11T15:22:17","guid":{"rendered":"https:\/\/hookahshop.lt\/?post_type=product&#038;p=11380"},"modified":"2026-04-20T23:29:08","modified_gmt":"2026-04-20T20:29:08","slug":"kolba-kaljanui-hookahtree-c3-pearl","status":"publish","type":"product","link":"https:\/\/hookahshop.lt\/lv\/produkt\/kolba-udenspipe-udenspipe-c3-perle\/","title":{"rendered":"Kolba baldness HOOKAHTREE C3 Pearl"},"content":{"rendered":"<h2>Kolba baldness HOOKAHTREE C3 Pearl<\/h2>\n<p>HookahTree C3 \u016bdensp\u012bpes b\u013codi\u0146a ir izgatavota no aptuveni 5 mm stikla un ir piln\u012bb\u0101 roku darbs. B\u013codi\u0146a ir veidota &quot;piram\u012bdas&quot; stil\u0101 un lieliski izskat\u0101s uz jebkuras \u016bdensp\u012bpes. \u016adens l\u012bmenis ir \u0113rti regul\u0113jams.<\/p>\n<p><strong><span title=\"\">Specifik\u0101cijas:<\/span><\/strong><br \/>\nAugstums: 253 mm<br \/>\nSvars: ~ 1640 g<br \/>\n\u0100r\u0113j\u0101s r\u012bkles diametrs: 69 mm<br \/>\nIek\u0161\u0113jais r\u012bkles diametrs: 46mm<br \/>\nProdukta materi\u0101ls: stikls<\/p>\n<p>Vai jums ir k\u0101di jaut\u0101jumi? Sazinies ar mums <a href=\"https:\/\/hookahshop.lt\/lv\/kontaktiem\/\">kontaktu lapa<\/a> vai rakstiet mums pa e-pastu <a href=\"https:\/\/facebook.com\/HookahShop.lt\/\" target=\"_blank\" rel=\"noopener noreferrer\">Facebook konts<\/a> un m\u0113s atbild\u0113sim uz j\u016bsu piepras\u012bjumu taj\u0101 pa\u0161\u0101 dien\u0101.<\/p>","protected":false},"excerpt":{"rendered":"<p>Kolba kaljanui HOOKAHTREE C3 Pearl Apytiksliai 5 mm stiklin\u0117s \u201eHookahTree C3\u201c kaljano kolbos stiklas yra pagamintas tik rankomis. Kolba pagaminta \u201epiramid\u0117s\u201c stiliumi ir puikiai atrodo ant bet kokio kaljano. Vandens lygis yra patogiai reguliuojamas. Specifikacijos: Auk\u0161tis: 253 mm Svoris: ~ 1640 g I\u0161orinis gerkl\u0117s skersmuo: 69 mm Vidinis gerkl\u0117s skersmuo: 46mm Gaminio med\u017eiaga: stiklas Turite [&hellip;]<\/p>","protected":false},"featured_media":11381,"comment_status":"open","ping_status":"closed","template":"","meta":[],"_links":{"self":[{"href":"https:\/\/hookahshop.lt\/lv\/wp-json\/wp\/v2\/product\/11380"}],"collection":[{"href":"https:\/\/hookahshop.lt\/lv\/wp-json\/wp\/v2\/product"}],"about":[{"href":"https:\/\/hookahshop.lt\/lv\/wp-json\/wp\/v2\/types\/product"}],"replies":[{"embeddable":true,"href":"https:\/\/hookahshop.lt\/lv\/wp-json\/wp\/v2\/comments?post=11380"}],"version-history":[{"count":7,"href":"https:\/\/hookahshop.lt\/lv\/wp-json\/wp\/v2\/product\/11380\/revisions"}],"predecessor-version":[{"id":45024,"href":"https:\/\/hookahshop.lt\/lv\/wp-json\/wp\/v2\/product\/11380\/revisions\/45024"}],"wp:featuredmedia":[{"embeddable":true,"href":"https:\/\/hookahshop.lt\/lv\/wp-json\/wp\/v2\/media\/11381"}],"wp:attachment":[{"href":"https:\/\/hookahshop.lt\/lv\/wp-json\/wp\/v2\/media?parent=11380"}],"curies":[{"name":"wp","href":"https:\/\/api.w.org\/{rel}","templated":true}]}}