{"id":11386,"date":"2020-08-11T18:26:11","date_gmt":"2020-08-11T15:26:11","guid":{"rendered":"https:\/\/hookahshop.lt\/?post_type=product&#038;p=11386"},"modified":"2026-05-14T23:29:14","modified_gmt":"2026-05-14T20:29:14","slug":"kolba-kaljanui-njn-hookah-tinted","status":"publish","type":"product","link":"https:\/\/hookahshop.lt\/lv\/produkt\/kolba-udenspipe-njn-udenspipe-toneta\/","title":{"rendered":"Kolba baldness NJN HOOKAH Ton\u0113ts"},"content":{"rendered":"<h2>Kolba baldness NJN HOOKAH Ton\u0113ts<\/h2>\n<p id=\"tw-target-text\" class=\"tw-data-text tw-text-large XcVN5d tw-ta\" dir=\"ltr\" data-placeholder=\"Vertimas\"><span lang=\"lt\">NJN Hookah ir krievu z\u012bmols, kas ra\u017eo \u016bdensp\u012bpes kolbas kop\u0161 2013. gada. <\/span><span lang=\"lt\">\u016adensp\u012bpes kolba NJN tiek izgatavota ar rok\u0101m. <\/span><span lang=\"lt\">NJ forma ir k\u013cuvusi par lab\u0101ko m\u0101jas un \u016bdensp\u012bpes \u0137erme\u0146a izv\u0113li.<\/span><\/p>\n<p><strong><span title=\"\">Specifik\u0101cijas:<\/span><\/strong><br \/>\nAugstums: 260 mm<br \/>\nSvars: ~ 1790 g<br \/>\n\u0100r\u0113jais diametrs: 69 mm<br \/>\nIek\u0161\u0113jais diametrs: 46 mm<br \/>\nProdukta materi\u0101ls: stikls<\/p>\n<p class=\"tw-data-text tw-text-large XcVN5d tw-ta\" dir=\"ltr\" data-placeholder=\"Vertimas\">Vai jums ir k\u0101di jaut\u0101jumi? Sazinies ar mums <a href=\"https:\/\/hookahshop.lt\/lv\/kontaktiem\/\">kontaktu lapa<\/a> vai rakstiet mums pa e-pastu <a href=\"https:\/\/facebook.com\/HookahShop.lt\/\" target=\"_blank\" rel=\"noopener noreferrer\">Facebook konts<\/a> un m\u0113s atbild\u0113sim uz j\u016bsu piepras\u012bjumu taj\u0101 pa\u0161\u0101 dien\u0101.<\/p>","protected":false},"excerpt":{"rendered":"<p>Kolba kaljanui NJN HOOKAH Tinted \u201eNJN Hookah\u201c yra Rusijos prek\u0117s \u017eenklas, kuris prad\u0117jo gaminti kaljano kolbas nuo 2013 m. Kaljano kolba NJN gaminama rankomis. NJ forma tapo geriausia nam\u0173 ir kaljan\u0173 \u012fstaigos pasirinkimu. Specifikacijos: Auk\u0161tis: 260 mm Svoris: ~ 1790 g I\u0161orinis skersmuo: 69 mm Vidinis skersmuo: 46 mm Gaminio med\u017eiaga: stiklas Turite klausim\u0173? Susisiekite [&hellip;]<\/p>","protected":false},"featured_media":42402,"comment_status":"open","ping_status":"closed","template":"","meta":[],"_links":{"self":[{"href":"https:\/\/hookahshop.lt\/lv\/wp-json\/wp\/v2\/product\/11386"}],"collection":[{"href":"https:\/\/hookahshop.lt\/lv\/wp-json\/wp\/v2\/product"}],"about":[{"href":"https:\/\/hookahshop.lt\/lv\/wp-json\/wp\/v2\/types\/product"}],"replies":[{"embeddable":true,"href":"https:\/\/hookahshop.lt\/lv\/wp-json\/wp\/v2\/comments?post=11386"}],"version-history":[{"count":6,"href":"https:\/\/hookahshop.lt\/lv\/wp-json\/wp\/v2\/product\/11386\/revisions"}],"predecessor-version":[{"id":45719,"href":"https:\/\/hookahshop.lt\/lv\/wp-json\/wp\/v2\/product\/11386\/revisions\/45719"}],"wp:featuredmedia":[{"embeddable":true,"href":"https:\/\/hookahshop.lt\/lv\/wp-json\/wp\/v2\/media\/42402"}],"wp:attachment":[{"href":"https:\/\/hookahshop.lt\/lv\/wp-json\/wp\/v2\/media?parent=11386"}],"curies":[{"name":"wp","href":"https:\/\/api.w.org\/{rel}","templated":true}]}}