{"id":11401,"date":"2020-08-11T18:39:59","date_gmt":"2020-08-11T15:39:59","guid":{"rendered":"https:\/\/hookahshop.lt\/?post_type=product&#038;p=11401"},"modified":"2026-05-13T13:51:24","modified_gmt":"2026-05-13T10:51:24","slug":"kaljanas-first-hookah-core-light","status":"publish","type":"product","link":"https:\/\/hookahshop.lt\/lv\/produkt\/udenspipe-pirmais-udenspipes-kodols-gaisma\/","title":{"rendered":"\u016adensp\u012bpe FIRST HOOKAH Core Light"},"content":{"rendered":"<h2>\u016adensp\u012bpe PIRMAIS \u016adensp\u012bpes kodols<\/h2>\n<p>\u0160\u012b ir Premium \u016bdensp\u012bpes segmenta mode\u013ca bud\u017eeta versija.<\/p>\n<p>Stil\u012bgs un minim\u0101listisks izskats.<\/p>\n<p>\u0160\u012b mode\u013ca galven\u0101 iez\u012bme ir defl\u0101cija, mainot malas, j\u016bs main\u012bsit defl\u0101cijas v\u0101rsta izpl\u016bdes punktu. Uzliekot p\u0101rsegu vien\u0101 pus\u0113, d\u016bmi iziet caur \u0161ahtas pamatni, apgrie\u017eot rot\u0101jumu, d\u016bmu izejas punkts atrad\u012bsies zem pl\u0101ksnes.<\/p>\n<p>First Hookah Core Light ir apr\u012bkots ar l\u0101zera iegrav\u0113tiem simboliem, k\u0101ts ir izgatavots no ner\u016bs\u0113jo\u0161\u0101 t\u0113rauda un poliacet\u0101la.<\/p>\n<p>Raksturojums:<br \/>\n\u016adensp\u012bpes svars: ~ 1300 gr<br \/>\n\u016adensp\u012bpes augstums: 500 mm<br \/>\nNer\u016bs\u0113jo\u0161ais t\u0113rauds, D13 mm<br \/>\nGalvenais materi\u0101ls: poliacet\u0101ls<br \/>\n\u0160\u013c\u016btenes savienojuma savienojums: Oring<br \/>\nNer\u016bs\u0113jo\u0161ais t\u0113rauds<br \/>\nDifuzors: no\u0146emams<br \/>\nMutes iemutnis: iegrav\u0113ts ner\u016bs\u0113jo\u0161ais t\u0113rauds<br \/>\nIevada garums: 330 mm, D10 mm<br \/>\n\u0160\u013c\u016btene: silikons<br \/>\n\u0160\u013c\u016btenes garums: 1500mm<\/p>\n<p>Apr\u012bkojums:<br \/>\nV\u0101rpsta, pl\u0101ksne, iemutnis, \u0161\u013c\u016btene, difuzors, \u0161\u013c\u016btenes savienojums, bl\u012bves.<\/p>\n<p>Vai jums ir k\u0101di jaut\u0101jumi? Sazinies ar mums <a href=\"https:\/\/hookahshop.lt\/lv\/kontaktiem\/\">kontaktu lapa<\/a> vai rakstiet mums pa e-pastu <a href=\"https:\/\/facebook.com\/HookahShop.lt\/\" target=\"_blank\" rel=\"noopener noreferrer\">Facebook konts<\/a> un m\u0113s atbild\u0113sim uz j\u016bsu piepras\u012bjumu taj\u0101 pa\u0161\u0101 dien\u0101.<\/p>","protected":false},"excerpt":{"rendered":"<p>\u016adensp\u012bpes FIRST \u016adensp\u012bpes kodola gaisma \u0160\u012b ir Premium \u016bdensp\u012bpes segmenta mode\u013ca bud\u017eeta versija. Stil\u012bgs un minim\u0101listisks izskats. \u0160\u012b mode\u013ca galven\u0101 iez\u012bme ir defl\u0101cija, mainot malas, j\u016bs main\u012bsit defl\u0101cijas v\u0101rsta izpl\u016bdes punktu. Ja uzliek v\u0101ku uz vienu pusi, d\u016bmi iziet caur \u0161ahtas pamatni, apgrie\u017eot dekor\u0101ciju, d\u016bmu izpl\u016bdes vieta b\u016bs zem pl\u0101ksnes. Pirm\u0101 \u016bdensp\u012bpes kodola gaisma [\u2026]<\/p>","protected":false},"featured_media":11402,"comment_status":"open","ping_status":"closed","template":"","meta":[],"_links":{"self":[{"href":"https:\/\/hookahshop.lt\/lv\/wp-json\/wp\/v2\/product\/11401"}],"collection":[{"href":"https:\/\/hookahshop.lt\/lv\/wp-json\/wp\/v2\/product"}],"about":[{"href":"https:\/\/hookahshop.lt\/lv\/wp-json\/wp\/v2\/types\/product"}],"replies":[{"embeddable":true,"href":"https:\/\/hookahshop.lt\/lv\/wp-json\/wp\/v2\/comments?post=11401"}],"version-history":[{"count":5,"href":"https:\/\/hookahshop.lt\/lv\/wp-json\/wp\/v2\/product\/11401\/revisions"}],"predecessor-version":[{"id":37383,"href":"https:\/\/hookahshop.lt\/lv\/wp-json\/wp\/v2\/product\/11401\/revisions\/37383"}],"wp:featuredmedia":[{"embeddable":true,"href":"https:\/\/hookahshop.lt\/lv\/wp-json\/wp\/v2\/media\/11402"}],"wp:attachment":[{"href":"https:\/\/hookahshop.lt\/lv\/wp-json\/wp\/v2\/media?parent=11401"}],"curies":[{"name":"wp","href":"https:\/\/api.w.org\/{rel}","templated":true}]}}