{"id":11428,"date":"2020-08-14T13:21:52","date_gmt":"2020-08-14T10:21:52","guid":{"rendered":"https:\/\/hookahshop.lt\/?post_type=product&#038;p=11428"},"modified":"2026-05-14T23:28:40","modified_gmt":"2026-05-14T20:28:40","slug":"anglys-kaljanui-tom-coco-gold-25mm-1-kg","status":"publish","type":"product","link":"https:\/\/hookahshop.lt\/lv\/produkt\/oglu-udenspipe-tom-kokos-zelts-25mm-1-kg\/","title":{"rendered":"Kokogles \u016bdensp\u012bpei TOM COCO Gold 25mm 1 kg"},"content":{"rendered":"<h2>Kokogles \u016bdensp\u012bpei TOM COCO Gold 25mm 1 kg<\/h2>\n<p>Izgatavots no kokosriekstu \u010daumal\u0101m. Tas ir dab\u012bgs un ekolo\u0123isks 100% produkts, tas nesatur \u0137\u012bmiskas vielas un \u0161o kokog\u013cu ra\u017eo\u0161anai nav noz\u0101\u0123\u0113ts neviens koks!<br \/>\nDeg lieliski, neradot papildu nepat\u012bkamas smakas un d\u016bmus.<br \/>\nViena oglek\u013ca izm\u0113ri: 25x25x25mm.<br \/>\nKast\u0113 ir 72 ogles.<br \/>\nLai dedzin\u0101tu ogles, ir nepiecie\u0161ama elektrisk\u0101 pl\u012bts \u016bdensp\u012bpe, t\u016bristu g\u0101zes pl\u012bts vai taml\u012bdz\u012bgi.<br \/>\nIzcelsmes valsts: Indon\u0113zija<\/p>\n<p>Vai jums ir k\u0101di jaut\u0101jumi? Sazinies ar mums <a href=\"https:\/\/hookahshop.lt\/lv\/kontaktiem\/\">kontaktu lapa<\/a> vai rakstiet mums pa e-pastu <a href=\"https:\/\/facebook.com\/HookahShop.lt\/\" target=\"_blank\" rel=\"noopener noreferrer\">Facebook konts<\/a> un m\u0113s atbild\u0113sim uz j\u016bsu piepras\u012bjumu taj\u0101 pa\u0161\u0101 dien\u0101.<\/p>","protected":false},"excerpt":{"rendered":"<p>Kokogles \u016bdensp\u012bpei TOM COCO Gold 25mm 1 kg Izgatavots no kokosriekstu \u010daumal\u0101m. \u0160is ir dabisks un biolo\u0123isks produkts 100%, kur\u0101 nav \u0137\u012bmisku vielu, un, lai izgatavotu \u0161o ogli, netika nocirsti koki! Lieliski deg bez jebk\u0101d\u0101m papildus nepat\u012bkam\u0101m smak\u0101m un d\u016bmiem. Viena oglek\u013ca izm\u0113ri: 25x25x25mm. Kast\u0113 ir 72 oglekli. Og\u013cu aizdedzin\u0101\u0161anai nepiecie\u0161ama elektrisk\u0101 pl\u012bts \u016bdensp\u012bpei, t\u016brists [\u2026]<\/p>","protected":false},"featured_media":11437,"comment_status":"open","ping_status":"closed","template":"","meta":[],"_links":{"self":[{"href":"https:\/\/hookahshop.lt\/lv\/wp-json\/wp\/v2\/product\/11428"}],"collection":[{"href":"https:\/\/hookahshop.lt\/lv\/wp-json\/wp\/v2\/product"}],"about":[{"href":"https:\/\/hookahshop.lt\/lv\/wp-json\/wp\/v2\/types\/product"}],"replies":[{"embeddable":true,"href":"https:\/\/hookahshop.lt\/lv\/wp-json\/wp\/v2\/comments?post=11428"}],"version-history":[{"count":2,"href":"https:\/\/hookahshop.lt\/lv\/wp-json\/wp\/v2\/product\/11428\/revisions"}],"predecessor-version":[{"id":32839,"href":"https:\/\/hookahshop.lt\/lv\/wp-json\/wp\/v2\/product\/11428\/revisions\/32839"}],"wp:featuredmedia":[{"embeddable":true,"href":"https:\/\/hookahshop.lt\/lv\/wp-json\/wp\/v2\/media\/11437"}],"wp:attachment":[{"href":"https:\/\/hookahshop.lt\/lv\/wp-json\/wp\/v2\/media?parent=11428"}],"curies":[{"name":"wp","href":"https:\/\/api.w.org\/{rel}","templated":true}]}}