{"id":11441,"date":"2020-08-14T14:04:01","date_gmt":"2020-08-14T11:04:01","guid":{"rendered":"https:\/\/hookahshop.lt\/?post_type=product&#038;p=11441"},"modified":"2026-04-18T23:29:06","modified_gmt":"2026-04-18T20:29:06","slug":"taurele-kaljanui-oblako-killer-black-cosmos","status":"publish","type":"product","link":"https:\/\/hookahshop.lt\/lv\/produkt\/kauss-udenspipe-makonis-killer-melnais-kosmoss\/","title":{"rendered":"Kauss \u016bdensp\u012bpei OBLAKO Killer Black Cosmos"},"content":{"rendered":"<h2>Kauss \u016bdensp\u012bpei OBLAKO Killer Black Cosmos<\/h2>\n<p>\u0160\u012b ir klasiska glaz\u0113ta kr\u016bze, kas piem\u0113rota visiem tabakas veidiem, minim\u0101lai siltuma kontrolei!<\/p>\n<p>&quot;Black cosmos&quot; (Glaze top) funkcion\u0101l\u0101 (aug\u0161\u0113j\u0101) da\u013ca ir p\u0101rkl\u0101ta ar glaz\u016bru, pateicoties kurai kr\u016bze var ilgsto\u0161i saglab\u0101t savas s\u0101kotn\u0113j\u0101s \u012bpa\u0161\u012bbas un izskatu. Uz\u0146\u0113mums izmanto tikai cilv\u0113kiem nekait\u012bgu p\u0101rtikas kvalit\u0101tes glaz\u016bru, ko izstr\u0101d\u0101ju\u0161i partneri specializ\u0113t\u0101s laboratorij\u0101s, kas atrodas G\u017ee\u013cskoje ciema teritorij\u0101, kas ir viens no tradicion\u0101lajiem Krievijas keramikas ra\u017eo\u0161anas centriem.<\/p>\n<p>Tabakas pat\u0113ri\u0146\u0161 ir 23-28 grami.<\/p>\n<p>Vai jums ir k\u0101di jaut\u0101jumi? Sazinies ar mums <a href=\"https:\/\/hookahshop.lt\/lv\/kontaktiem\/\">kontaktu lapa<\/a> vai rakstiet mums pa e-pastu <a href=\"https:\/\/facebook.com\/HookahShop.lt\/\" target=\"_blank\" rel=\"noopener noreferrer\">Facebook konts<\/a> un m\u0113s atbild\u0113sim uz j\u016bsu piepras\u012bjumu taj\u0101 pa\u0161\u0101 dien\u0101.<\/p>","protected":false},"excerpt":{"rendered":"<p>\u016adensp\u012bpes kr\u016bze OBLAKO Killer Black Cosmos \u0160\u012b ir klasiska glaz\u0113ta kr\u016bze, piem\u0113rota visiem tabakas veidiem, minim\u0101la siltuma kontrole! &quot;Black cosmos&quot; (Glaze top) funkcion\u0101l\u0101 (aug\u0161\u0113j\u0101) da\u013ca ir p\u0101rkl\u0101ta ar glaz\u016bru, pateicoties kurai kr\u016bze var ilgsto\u0161i saglab\u0101t savas s\u0101kotn\u0113j\u0101s \u012bpa\u0161\u012bbas un izskatu. Uz\u0146\u0113mums izmanto tikai cilv\u0113kiem dro\u0161u \u0113damo glaz\u016bru, ko izstr\u0101d\u0101ju\u0161i partneri specializ\u0113t\u0101s laboratorij\u0101s, kas atrodas vien\u0101 no tradicion\u0101laj\u0101m [\u2026]<\/p>","protected":false},"featured_media":11472,"comment_status":"open","ping_status":"closed","template":"","meta":[],"_links":{"self":[{"href":"https:\/\/hookahshop.lt\/lv\/wp-json\/wp\/v2\/product\/11441"}],"collection":[{"href":"https:\/\/hookahshop.lt\/lv\/wp-json\/wp\/v2\/product"}],"about":[{"href":"https:\/\/hookahshop.lt\/lv\/wp-json\/wp\/v2\/types\/product"}],"replies":[{"embeddable":true,"href":"https:\/\/hookahshop.lt\/lv\/wp-json\/wp\/v2\/comments?post=11441"}],"version-history":[{"count":5,"href":"https:\/\/hookahshop.lt\/lv\/wp-json\/wp\/v2\/product\/11441\/revisions"}],"predecessor-version":[{"id":37697,"href":"https:\/\/hookahshop.lt\/lv\/wp-json\/wp\/v2\/product\/11441\/revisions\/37697"}],"wp:featuredmedia":[{"embeddable":true,"href":"https:\/\/hookahshop.lt\/lv\/wp-json\/wp\/v2\/media\/11472"}],"wp:attachment":[{"href":"https:\/\/hookahshop.lt\/lv\/wp-json\/wp\/v2\/media?parent=11441"}],"curies":[{"name":"wp","href":"https:\/\/api.w.org\/{rel}","templated":true}]}}